{"id":1360,"date":"2024-03-04T15:06:37","date_gmt":"2024-03-04T20:06:37","guid":{"rendered":"https:\/\/peru-amazonico.de\/?page_id=1360"},"modified":"2026-04-06T09:37:08","modified_gmt":"2026-04-06T14:37:08","slug":"spenden","status":"publish","type":"page","link":"https:\/\/peru-amazonico.de\/es\/spenden\/","title":{"rendered":"Donar"},"content":{"rendered":"<div data-elementor-type=\"wp-page\" data-elementor-id=\"1360\" class=\"elementor elementor-1360\" data-elementor-post-type=\"page\">\n\t\t\t\t\t\t<section class=\"elementor-section elementor-top-section elementor-element elementor-element-4a31ef8a elementor-section-boxed elementor-section-height-default elementor-section-height-default\" data-id=\"4a31ef8a\" data-element_type=\"section\" data-settings=\"{&quot;background_background&quot;:&quot;classic&quot;}\">\n\t\t\t\t\t\t\t<div class=\"elementor-background-overlay\"><\/div>\n\t\t\t\t\t\t\t<div class=\"elementor-container elementor-column-gap-default\">\n\t\t\t\t\t<div class=\"elementor-column elementor-col-100 elementor-top-column elementor-element elementor-element-278e83f4\" data-id=\"278e83f4\" data-element_type=\"column\" data-settings=\"{&quot;background_background&quot;:&quot;classic&quot;}\">\n\t\t\t<div class=\"elementor-widget-wrap elementor-element-populated\">\n\t\t\t\t\t\t<section class=\"elementor-section elementor-inner-section elementor-element elementor-element-45251eeb elementor-section-boxed elementor-section-height-default elementor-section-height-default elementor-invisible\" data-id=\"45251eeb\" data-element_type=\"section\" data-settings=\"{&quot;background_background&quot;:&quot;classic&quot;,&quot;animation&quot;:&quot;zoomIn&quot;}\">\n\t\t\t\t\t\t<div class=\"elementor-container elementor-column-gap-default\">\n\t\t\t\t\t<div class=\"elementor-column elementor-col-100 elementor-inner-column elementor-element elementor-element-5ad23234\" data-id=\"5ad23234\" data-element_type=\"column\">\n\t\t\t<div class=\"elementor-widget-wrap elementor-element-populated\">\n\t\t\t\t\t\t<div class=\"elementor-element elementor-element-7af99468 animated-fast elementor-invisible elementor-widget elementor-widget-heading\" data-id=\"7af99468\" data-element_type=\"widget\" data-settings=\"{&quot;_animation&quot;:&quot;fadeInDown&quot;,&quot;_animation_delay&quot;:400}\" data-widget_type=\"heading.default\">\n\t\t\t\t<div class=\"elementor-widget-container\">\n\t\t\t\t\t<h1 class=\"elementor-heading-title elementor-size-default\">Donar<\/h1>\t\t\t\t<\/div>\n\t\t\t\t<\/div>\n\t\t\t\t\t<\/div>\n\t\t<\/div>\n\t\t\t\t\t<\/div>\n\t\t<\/section>\n\t\t\t\t\t<\/div>\n\t\t<\/div>\n\t\t\t\t\t<\/div>\n\t\t<\/section>\n\t\t\t\t<section class=\"elementor-section elementor-top-section elementor-element elementor-element-4e22c376 elementor-section-content-middle elementor-reverse-mobile elementor-section-boxed elementor-section-height-default elementor-section-height-default\" data-id=\"4e22c376\" data-element_type=\"section\">\n\t\t\t\t\t\t<div class=\"elementor-container elementor-column-gap-default\">\n\t\t\t\t\t<div class=\"elementor-column elementor-col-50 elementor-top-column elementor-element elementor-element-269b62af elementor-invisible\" data-id=\"269b62af\" data-element_type=\"column\" data-settings=\"{&quot;background_background&quot;:&quot;gradient&quot;,&quot;animation&quot;:&quot;fadeInLeft&quot;}\">\n\t\t\t<div class=\"elementor-widget-wrap elementor-element-populated\">\n\t\t\t\t\t\t<div class=\"elementor-element elementor-element-44ac5acd elementor-widget elementor-widget-image\" data-id=\"44ac5acd\" data-element_type=\"widget\" data-widget_type=\"image.default\">\n\t\t\t\t<div class=\"elementor-widget-container\">\n\t\t\t\t\t\t\t\t\t\t\t\t\t\t\t<img fetchpriority=\"high\" decoding=\"async\" width=\"768\" height=\"578\" src=\"https:\/\/peru-amazonico.de\/wp-content\/uploads\/2024\/02\/06-frauenkreis-768x578-1.jpg\" class=\"attachment-full size-full wp-image-246\" alt=\"\" srcset=\"https:\/\/peru-amazonico.de\/wp-content\/uploads\/2024\/02\/06-frauenkreis-768x578-1.jpg 768w, https:\/\/peru-amazonico.de\/wp-content\/uploads\/2024\/02\/06-frauenkreis-768x578-1-300x226.jpg 300w\" sizes=\"(max-width: 768px) 100vw, 768px\" \/>\t\t\t\t\t\t\t\t\t\t\t\t\t\t\t<\/div>\n\t\t\t\t<\/div>\n\t\t\t\t\t<\/div>\n\t\t<\/div>\n\t\t\t\t<div class=\"elementor-column elementor-col-50 elementor-top-column elementor-element elementor-element-17486ade elementor-invisible\" data-id=\"17486ade\" data-element_type=\"column\" data-settings=\"{&quot;animation&quot;:&quot;fadeIn&quot;,&quot;animation_delay&quot;:200}\">\n\t\t\t<div class=\"elementor-widget-wrap elementor-element-populated\">\n\t\t\t\t\t\t<div class=\"elementor-element elementor-element-5ffdac2b elementor-widget elementor-widget-heading\" data-id=\"5ffdac2b\" data-element_type=\"widget\" data-widget_type=\"heading.default\">\n\t\t\t\t<div class=\"elementor-widget-container\">\n\t\t\t\t\t<h6 class=\"elementor-heading-title elementor-size-default\">Todas las donaciones son deducibles de impuestos.<\/h6>\t\t\t\t<\/div>\n\t\t\t\t<\/div>\n\t\t\t\t<div class=\"elementor-element elementor-element-60c2996 elementor-widget elementor-widget-heading\" data-id=\"60c2996\" data-element_type=\"widget\" data-widget_type=\"heading.default\">\n\t\t\t\t<div class=\"elementor-widget-container\">\n\t\t\t\t\t<h6 class=\"elementor-heading-title elementor-size-default\">Bei unseren \u00f6ffentlich gef\u00f6rderten Ma\u00dfnahmen vervierfacht sich Ihr Spendenbetrag, da wir bei 25% Eigenbeitrag 75% F\u00f6rderung erhalten!<\/h6>\t\t\t\t<\/div>\n\t\t\t\t<\/div>\n\t\t\t\t<div class=\"elementor-element elementor-element-9a28d52 elementor-widget elementor-widget-text-editor\" data-id=\"9a28d52\" data-element_type=\"widget\" data-widget_type=\"text-editor.default\">\n\t\t\t\t<div class=\"elementor-widget-container\">\n\t\t\t\t\t\t\t\t\t<p>Im Jahressteuergesetz 2020 (\u00a7 50 Abs. 4 Satz 1 Nr. 2 EStDV) wurden die Anforderungen f\u00fcr die Vorlage von Spendenquittungen bei den Finanz\u00e4mtern ab dem Steuerjahr 2021 von 200 \u20ac auf 300 \u20ac hinaufgesetzt. Wir nutzen diese Gelegenheit, um unseren Verwaltungsaufwand bei den zu verschickenden Spendenquittungen zu reduzieren.<\/p><p>Wir verschicken daher Spendenquittungen nur an Spendende, die mehr als 300 \u20ac gespendet haben (darunter reicht f\u00fcrs Finanzamt der Kontoauszug). Wer f\u00fcr einen kleineren Spendenbetrag trotzdem eine Spendenquittung w\u00fcnscht, kann sich \u00fcber info@peru-amazonico.de melden, dann wird nat\u00fcrlich gerne eine ausgestellt. Die Spendenquittungen werden bis Ende Februar des Folgejahres zugesandt; <strong>daher bitte bei \u00dcberweisung die komplette Anschrift angeben<\/strong>.<\/p>\t\t\t\t\t\t\t\t<\/div>\n\t\t\t\t<\/div>\n\t\t\t\t<div class=\"elementor-element elementor-element-c0b8093 elementor-widget elementor-widget-text-editor\" data-id=\"c0b8093\" data-element_type=\"widget\" data-widget_type=\"text-editor.default\">\n\t\t\t\t<div class=\"elementor-widget-container\">\n\t\t\t\t\t\t\t\t\t<p><strong>\u00a1Gracias por cualquier apoyo!<br \/><\/strong>Wir freuen uns \u00fcber Einzel- und Dauerspenden gleicherma\u00dfen.<\/p><p>\u00a0<\/p>\t\t\t\t\t\t\t\t<\/div>\n\t\t\t\t<\/div>\n\t\t\t\t\t<\/div>\n\t\t<\/div>\n\t\t\t\t\t<\/div>\n\t\t<\/section>\n\t\t\t\t<section class=\"elementor-section elementor-top-section elementor-element elementor-element-60aeacca elementor-section-boxed elementor-section-height-default elementor-section-height-default\" data-id=\"60aeacca\" data-element_type=\"section\" data-settings=\"{&quot;background_background&quot;:&quot;classic&quot;}\">\n\t\t\t\t\t\t\t<div class=\"elementor-background-overlay\"><\/div>\n\t\t\t\t\t\t\t<div class=\"elementor-container elementor-column-gap-default\">\n\t\t\t\t\t<div class=\"elementor-column elementor-col-100 elementor-top-column elementor-element elementor-element-6ff8a1a8 elementor-invisible\" data-id=\"6ff8a1a8\" data-element_type=\"column\" data-settings=\"{&quot;animation&quot;:&quot;fadeInUp&quot;}\">\n\t\t\t<div class=\"elementor-widget-wrap elementor-element-populated\">\n\t\t\t\t\t\t<div class=\"elementor-element elementor-element-474acf22 elementor-widget elementor-widget-heading\" data-id=\"474acf22\" data-element_type=\"widget\" data-widget_type=\"heading.default\">\n\t\t\t\t<div class=\"elementor-widget-container\">\n\t\t\t\t\t<h2 class=\"elementor-heading-title elementor-size-default\">Me gustar\u00eda apoyar peri\u00f3dicamente a Amigos del Per\u00fa Amaz\u00f3nico eV<\/h2>\t\t\t\t<\/div>\n\t\t\t\t<\/div>\n\t\t\t\t<div class=\"elementor-element elementor-element-3ad6fba9 elementor-widget elementor-widget-text-editor\" data-id=\"3ad6fba9\" data-element_type=\"widget\" data-widget_type=\"text-editor.default\">\n\t\t\t\t<div class=\"elementor-widget-container\">\n\t\t\t\t\t\t\t\t\t<p>Und weil es nicht nur Bankgeb\u00fchren spart, sondern auch f\u00fcr alle Beteiligten einfacher ist, erteile ich dem Freundeskreis Peru Amazonico e.V. eine Einzugserm\u00e4chtigung, die ich jederzeit widerrufen kann. Wenn mein Konto nicht ausreichend gedeckt ist, ist mein Geldinstitut nicht verpflichtet, den Betrag einzul\u00f6sen. Untenstehendes Formular kann ich downloaden und entweder als scann oder per Post dem Verein zusenden. Herzlichen Dank.<\/p>\t\t\t\t\t\t\t\t<\/div>\n\t\t\t\t<\/div>\n\t\t\t\t<div class=\"elementor-element elementor-element-4905fced elementor-align-center elementor-widget elementor-widget-button\" data-id=\"4905fced\" data-element_type=\"widget\" data-widget_type=\"button.default\">\n\t\t\t\t<div class=\"elementor-widget-container\">\n\t\t\t\t\t\t\t\t\t<div class=\"elementor-button-wrapper\">\n\t\t\t\t\t<a class=\"elementor-button elementor-button-link elementor-size-md\" href=\"https:\/\/peru-amazonico.de\/wp-content\/uploads\/2026\/04\/Forderbeitragsformular-2025-mit-Logo.pdf\" target=\"_blank\">\n\t\t\t\t\t\t<span class=\"elementor-button-content-wrapper\">\n\t\t\t\t\t\t\t\t\t<span class=\"elementor-button-text\">Descargar formulario de contribuci\u00f3n de financiaci\u00f3n<\/span>\n\t\t\t\t\t<\/span>\n\t\t\t\t\t<\/a>\n\t\t\t\t<\/div>\n\t\t\t\t\t\t\t\t<\/div>\n\t\t\t\t<\/div>\n\t\t\t\t\t<\/div>\n\t\t<\/div>\n\t\t\t\t\t<\/div>\n\t\t<\/section>\n\t\t\t\t<\/div>","protected":false},"excerpt":{"rendered":"<p>Alle Spenden sind steuerlich absetzbar! Bei unseren \u00f6ffentlich gef\u00f6rderten Ma\u00dfnahmen vervierfacht sich Ihr Spendenbetrag, da wir bei 25% Eigenbeitrag 75% F\u00f6rderung erhalten! Im Jahressteuergesetz 2020 (\u00a7 50 Abs. 4 Satz [&hellip;]<\/p>","protected":false},"author":1,"featured_media":0,"parent":0,"menu_order":0,"comment_status":"closed","ping_status":"closed","template":"elementor_header_footer","meta":{"footnotes":""},"class_list":["post-1360","page","type-page","status-publish","hentry"],"_links":{"self":[{"href":"https:\/\/peru-amazonico.de\/es\/wp-json\/wp\/v2\/pages\/1360","targetHints":{"allow":["GET"]}}],"collection":[{"href":"https:\/\/peru-amazonico.de\/es\/wp-json\/wp\/v2\/pages"}],"about":[{"href":"https:\/\/peru-amazonico.de\/es\/wp-json\/wp\/v2\/types\/page"}],"author":[{"embeddable":true,"href":"https:\/\/peru-amazonico.de\/es\/wp-json\/wp\/v2\/users\/1"}],"replies":[{"embeddable":true,"href":"https:\/\/peru-amazonico.de\/es\/wp-json\/wp\/v2\/comments?post=1360"}],"version-history":[{"count":46,"href":"https:\/\/peru-amazonico.de\/es\/wp-json\/wp\/v2\/pages\/1360\/revisions"}],"predecessor-version":[{"id":2356,"href":"https:\/\/peru-amazonico.de\/es\/wp-json\/wp\/v2\/pages\/1360\/revisions\/2356"}],"wp:attachment":[{"href":"https:\/\/peru-amazonico.de\/es\/wp-json\/wp\/v2\/media?parent=1360"}],"curies":[{"name":"wp","href":"https:\/\/api.w.org\/{rel}","templated":true}]}}