{"id":1546,"date":"2024-03-18T12:11:26","date_gmt":"2024-03-18T17:11:26","guid":{"rendered":"https:\/\/peru-amazonico.de\/?page_id=1546"},"modified":"2026-04-06T09:01:02","modified_gmt":"2026-04-06T14:01:02","slug":"mitarbeit-im-verein","status":"publish","type":"page","link":"https:\/\/peru-amazonico.de\/es\/verein\/mitarbeit\/mitarbeit-im-verein\/","title":{"rendered":"Colaboraci\u00f3n en la asociaci\u00f3n"},"content":{"rendered":"<div data-elementor-type=\"wp-page\" data-elementor-id=\"1546\" class=\"elementor elementor-1546\" data-elementor-post-type=\"page\">\n\t\t\t\t\t\t<section class=\"elementor-section elementor-top-section elementor-element elementor-element-f0a4cbf elementor-section-boxed elementor-section-height-default elementor-section-height-default\" data-id=\"f0a4cbf\" data-element_type=\"section\" data-settings=\"{&quot;background_background&quot;:&quot;classic&quot;}\">\n\t\t\t\t\t\t\t<div class=\"elementor-background-overlay\"><\/div>\n\t\t\t\t\t\t\t<div class=\"elementor-container elementor-column-gap-default\">\n\t\t\t\t\t<div class=\"elementor-column elementor-col-100 elementor-top-column elementor-element elementor-element-a7a11d9\" data-id=\"a7a11d9\" data-element_type=\"column\" data-settings=\"{&quot;background_background&quot;:&quot;classic&quot;}\">\n\t\t\t<div class=\"elementor-widget-wrap elementor-element-populated\">\n\t\t\t\t\t\t<section class=\"elementor-section elementor-inner-section elementor-element elementor-element-230c94e elementor-section-boxed elementor-section-height-default elementor-section-height-default elementor-invisible\" data-id=\"230c94e\" data-element_type=\"section\" data-settings=\"{&quot;background_background&quot;:&quot;classic&quot;,&quot;animation&quot;:&quot;zoomIn&quot;}\">\n\t\t\t\t\t\t<div class=\"elementor-container elementor-column-gap-default\">\n\t\t\t\t\t<div class=\"elementor-column elementor-col-100 elementor-inner-column elementor-element elementor-element-be6a687\" data-id=\"be6a687\" data-element_type=\"column\">\n\t\t\t<div class=\"elementor-widget-wrap elementor-element-populated\">\n\t\t\t\t\t\t<div class=\"elementor-element elementor-element-09f4752 animated-fast elementor-invisible elementor-widget elementor-widget-heading\" data-id=\"09f4752\" data-element_type=\"widget\" data-settings=\"{&quot;_animation&quot;:&quot;fadeInDown&quot;,&quot;_animation_delay&quot;:400}\" data-widget_type=\"heading.default\">\n\t\t\t\t<div class=\"elementor-widget-container\">\n\t\t\t\t\t<h1 class=\"elementor-heading-title elementor-size-default\">Colaboraci\u00f3n en la asociaci\u00f3n<\/h1>\t\t\t\t<\/div>\n\t\t\t\t<\/div>\n\t\t\t\t\t<\/div>\n\t\t<\/div>\n\t\t\t\t\t<\/div>\n\t\t<\/section>\n\t\t\t\t\t<\/div>\n\t\t<\/div>\n\t\t\t\t\t<\/div>\n\t\t<\/section>\n\t\t\t\t<section class=\"elementor-section elementor-top-section elementor-element elementor-element-764c1da elementor-section-content-middle elementor-section-boxed elementor-section-height-default elementor-section-height-default\" data-id=\"764c1da\" data-element_type=\"section\" data-settings=\"{&quot;background_background&quot;:&quot;classic&quot;}\">\n\t\t\t\t\t\t<div class=\"elementor-container elementor-column-gap-default\">\n\t\t\t\t\t<div class=\"elementor-column elementor-col-50 elementor-top-column elementor-element elementor-element-d2e8dc1 elementor-invisible\" data-id=\"d2e8dc1\" data-element_type=\"column\" data-settings=\"{&quot;animation&quot;:&quot;fadeInLeft&quot;}\">\n\t\t\t<div class=\"elementor-widget-wrap elementor-element-populated\">\n\t\t\t\t\t\t<div class=\"elementor-element elementor-element-fc68eab elementor-widget elementor-widget-text-editor\" data-id=\"fc68eab\" data-element_type=\"widget\" data-widget_type=\"text-editor.default\">\n\t\t\t\t<div class=\"elementor-widget-container\">\n\t\t\t\t\t\t\t\t\t<div><div aria-labelledby=\"primaryHeading-4-878c936\" data-parent=\"#accordion-661579b796975\"><div><h3>As\u00ed trabajamos<\/h3><p><b>Hay muchas oportunidades para que nuestros miembros se involucren en el club.<\/b>\u00a0<\/p><p class=\"translation-block\">Nos reunimos peri\u00f3dicamente en varios grupos de trabajo sobre el tema de las relaciones p\u00fablicas, as\u00ed como en grupos de trabajo relacionados con proyectos y en el grupo de mujeres para hablar sobre diferentes \u00e1reas del desarrollo de la asociaci\u00f3n.<\/p><p class=\"translation-block\">El n\u00facleo de nuestro trabajo lo constituyen los proyectos de cooperaci\u00f3n al desarrollo que llevamos a cabo en diversas regiones del Per\u00fa. Estos proyectos siempre incluyen tambi\u00e9n <b>actividades de sensibilizaci\u00f3n en Alemania, <\/b>con el fin de impulsar un proceso de reflexi\u00f3n entre la poblaci\u00f3n en general. En este contexto, invitamos a participar en un intercambio cultural y sobre pol\u00edticas de desarrollo a trav\u00e9s de diversos canales, como nuestra p\u00e1gina web y nuestros boletines informativos.<\/p><p class=\"translation-block\">Adem\u00e1s de la cooperaci\u00f3n profesional, la confianza entre nuestros miembros y socios tiene una importancia especial. Consideramos que el <b>intercambio personal<\/b> es siempre la base de una buena colaboraci\u00f3n y nos esforzamos por reforzarlo. En nuestra <b>asamblea general anual<\/b>, adem\u00e1s de la parte formal, dedicamos mucho tiempo a las conversaciones personales. Entre las actividades m\u00e1s populares se encuentran nuestras fiestas latinas y el grupo de juegos y construcci\u00f3n Sapo (v\u00e9ase la imagen, <a href=\"https:\/\/es.wikipedia.org\/wiki\/Sapo_(juego)\" target=\"_blank\" rel=\"noopener\">Erkl\u00e4rung<\/a>). Adem\u00e1s, siempre nos encanta recibir consultas e inter\u00e9s por conversar sobre nuevos temas y sobre nuestros proyectos.<\/p><\/div><\/div><\/div>\t\t\t\t\t\t\t\t<\/div>\n\t\t\t\t<\/div>\n\t\t\t\t<div class=\"elementor-element elementor-element-8782168 elementor-widget elementor-widget-text-editor\" data-id=\"8782168\" data-element_type=\"widget\" data-widget_type=\"text-editor.default\">\n\t\t\t\t<div class=\"elementor-widget-container\">\n\t\t\t\t\t\t\t\t\t<h3>Le ha picado la curiosidad?\u00a0<\/h3><p class=\"translation-block\">\u00a1Por supuesto, tambi\u00e9n puede venir a nuestra asamblea general para conocerla sin compromiso! Para ello, lo mejor es que se ponga en contacto con nosotros directamente en <a href=\"https:\/\/peru-amazonico.de\/es\/kontakt\/\" target=\"_self\">contacto.<\/a><\/p><h3>\u00danase a nosotros<\/h3><p>Wir freuen uns \u00fcber alle, die sich uns dauerhaft verbunden f\u00fchlen, ob mit oder ohne aktive Mitarbeit! <a href=\"https:\/\/peru-amazonico.de\/wp-content\/uploads\/2025\/06\/FPA_Antrag-auf-Mitgliedschaft_5.6.2025.pdf\" target=\"_blank\" rel=\"noopener\">Hier finden Sie unseren Mitgliedsantrag.<\/a><\/p>\t\t\t\t\t\t\t\t<\/div>\n\t\t\t\t<\/div>\n\t\t\t\t\t<\/div>\n\t\t<\/div>\n\t\t\t\t<div class=\"elementor-column elementor-col-50 elementor-top-column elementor-element elementor-element-7ce596a elementor-invisible\" data-id=\"7ce596a\" data-element_type=\"column\" data-settings=\"{&quot;background_background&quot;:&quot;gradient&quot;,&quot;animation&quot;:&quot;fadeInRight&quot;}\">\n\t\t\t<div class=\"elementor-widget-wrap elementor-element-populated\">\n\t\t\t\t\t\t<div class=\"elementor-element elementor-element-5e88d3b elementor-widget elementor-widget-image\" data-id=\"5e88d3b\" data-element_type=\"widget\" data-widget_type=\"image.default\">\n\t\t\t\t<div class=\"elementor-widget-container\">\n\t\t\t\t\t\t\t\t\t\t\t\t\t\t\t<img fetchpriority=\"high\" decoding=\"async\" width=\"700\" height=\"413\" src=\"https:\/\/peru-amazonico.de\/wp-content\/uploads\/2024\/05\/MV2013_Dullstadt-scaled-e1716662204980.jpg\" class=\"attachment-full size-full wp-image-1729\" alt=\"\" srcset=\"https:\/\/peru-amazonico.de\/wp-content\/uploads\/2024\/05\/MV2013_Dullstadt-scaled-e1716662204980.jpg 700w, https:\/\/peru-amazonico.de\/wp-content\/uploads\/2024\/05\/MV2013_Dullstadt-scaled-e1716662204980-300x177.jpg 300w, https:\/\/peru-amazonico.de\/wp-content\/uploads\/2024\/05\/MV2013_Dullstadt-scaled-e1716662204980-18x12.jpg 18w\" sizes=\"(max-width: 700px) 100vw, 700px\" \/>\t\t\t\t\t\t\t\t\t\t\t\t\t\t\t<\/div>\n\t\t\t\t<\/div>\n\t\t\t\t\t<\/div>\n\t\t<\/div>\n\t\t\t\t\t<\/div>\n\t\t<\/section>\n\t\t\t\t<\/div>","protected":false},"excerpt":{"rendered":"<p>So arbeiten wir Es gibt viele M\u00f6glichkeiten f\u00fcr unsere Mitglieder, sich im Verein zu engagieren.\u00a0 In verschiedenen Arbeitskreisen zum Thema \u00d6ffentlichkeitsarbeit, sowieprojektbezogenen Arbeitsgruppen und in der Frauengruppe treffen wir unsregelm\u00e4\u00dfig, [&hellip;]<\/p>","protected":false},"author":1,"featured_media":0,"parent":426,"menu_order":0,"comment_status":"closed","ping_status":"closed","template":"elementor_header_footer","meta":{"footnotes":""},"class_list":["post-1546","page","type-page","status-publish","hentry"],"_links":{"self":[{"href":"https:\/\/peru-amazonico.de\/es\/wp-json\/wp\/v2\/pages\/1546","targetHints":{"allow":["GET"]}}],"collection":[{"href":"https:\/\/peru-amazonico.de\/es\/wp-json\/wp\/v2\/pages"}],"about":[{"href":"https:\/\/peru-amazonico.de\/es\/wp-json\/wp\/v2\/types\/page"}],"author":[{"embeddable":true,"href":"https:\/\/peru-amazonico.de\/es\/wp-json\/wp\/v2\/users\/1"}],"replies":[{"embeddable":true,"href":"https:\/\/peru-amazonico.de\/es\/wp-json\/wp\/v2\/comments?post=1546"}],"version-history":[{"count":22,"href":"https:\/\/peru-amazonico.de\/es\/wp-json\/wp\/v2\/pages\/1546\/revisions"}],"predecessor-version":[{"id":2341,"href":"https:\/\/peru-amazonico.de\/es\/wp-json\/wp\/v2\/pages\/1546\/revisions\/2341"}],"up":[{"embeddable":true,"href":"https:\/\/peru-amazonico.de\/es\/wp-json\/wp\/v2\/pages\/426"}],"wp:attachment":[{"href":"https:\/\/peru-amazonico.de\/es\/wp-json\/wp\/v2\/media?parent=1546"}],"curies":[{"name":"wp","href":"https:\/\/api.w.org\/{rel}","templated":true}]}}