{"id":2186,"date":"2026-02-25T16:18:54","date_gmt":"2026-02-25T21:18:54","guid":{"rendered":"https:\/\/peru-amazonico.de\/?page_id=2186"},"modified":"2026-02-27T20:02:04","modified_gmt":"2026-02-28T01:02:04","slug":"gemeinwesenentwicklung","status":"publish","type":"page","link":"https:\/\/peru-amazonico.de\/es\/projekte\/gemeinwesenentwicklung\/","title":{"rendered":"Desarrollo comunitario"},"content":{"rendered":"<div data-elementor-type=\"wp-page\" data-elementor-id=\"2186\" class=\"elementor elementor-2186\" data-elementor-post-type=\"page\">\n\t\t\t\t\t\t<section class=\"elementor-section elementor-top-section elementor-element elementor-element-729aef0 elementor-section-boxed elementor-section-height-default elementor-section-height-default\" data-id=\"729aef0\" data-element_type=\"section\" data-settings=\"{&quot;background_background&quot;:&quot;classic&quot;}\">\n\t\t\t\t\t\t\t<div class=\"elementor-background-overlay\"><\/div>\n\t\t\t\t\t\t\t<div class=\"elementor-container elementor-column-gap-default\">\n\t\t\t\t\t<div class=\"elementor-column elementor-col-100 elementor-top-column elementor-element elementor-element-e26c061\" data-id=\"e26c061\" data-element_type=\"column\" data-settings=\"{&quot;background_background&quot;:&quot;classic&quot;}\">\n\t\t\t<div class=\"elementor-widget-wrap elementor-element-populated\">\n\t\t\t\t\t\t<section class=\"elementor-section elementor-inner-section elementor-element elementor-element-3d923f5 elementor-section-boxed elementor-section-height-default elementor-section-height-default elementor-invisible\" data-id=\"3d923f5\" data-element_type=\"section\" data-settings=\"{&quot;background_background&quot;:&quot;classic&quot;,&quot;animation&quot;:&quot;zoomIn&quot;}\">\n\t\t\t\t\t\t<div class=\"elementor-container elementor-column-gap-default\">\n\t\t\t\t\t<div class=\"elementor-column elementor-col-100 elementor-inner-column elementor-element elementor-element-2b66abe\" data-id=\"2b66abe\" data-element_type=\"column\">\n\t\t\t<div class=\"elementor-widget-wrap elementor-element-populated\">\n\t\t\t\t\t\t<div class=\"elementor-element elementor-element-880f993 animated-fast elementor-invisible elementor-widget elementor-widget-heading\" data-id=\"880f993\" data-element_type=\"widget\" data-settings=\"{&quot;_animation&quot;:&quot;fadeInDown&quot;,&quot;_animation_delay&quot;:400}\" data-widget_type=\"heading.default\">\n\t\t\t\t<div class=\"elementor-widget-container\">\n\t\t\t\t\t<h1 class=\"elementor-heading-title elementor-size-default\">Desarrollo comunitario<\/h1>\t\t\t\t<\/div>\n\t\t\t\t<\/div>\n\t\t\t\t<div class=\"elementor-element elementor-element-0d6a7b5 elementor-widget elementor-widget-text-editor\" data-id=\"0d6a7b5\" data-element_type=\"widget\" data-widget_type=\"text-editor.default\">\n\t\t\t\t<div class=\"elementor-widget-container\">\n\t\t\t\t\t\t\t\t\t<p>Comunity-development-Projekte in der peruanischen Amazonasregion<\/p>\t\t\t\t\t\t\t\t<\/div>\n\t\t\t\t<\/div>\n\t\t\t\t\t<\/div>\n\t\t<\/div>\n\t\t\t\t\t<\/div>\n\t\t<\/section>\n\t\t\t\t\t<\/div>\n\t\t<\/div>\n\t\t\t\t\t<\/div>\n\t\t<\/section>\n\t\t\t\t<section class=\"elementor-section elementor-top-section elementor-element elementor-element-5944388 elementor-section-content-middle elementor-reverse-tablet elementor-reverse-mobile elementor-section-boxed elementor-section-height-default elementor-section-height-default\" data-id=\"5944388\" data-element_type=\"section\" data-settings=\"{&quot;background_background&quot;:&quot;classic&quot;}\">\n\t\t\t\t\t\t\t<div class=\"elementor-background-overlay\"><\/div>\n\t\t\t\t\t\t\t<div class=\"elementor-container elementor-column-gap-default\">\n\t\t\t\t\t<div class=\"elementor-column elementor-col-50 elementor-top-column elementor-element elementor-element-09a9822 elementor-invisible\" data-id=\"09a9822\" data-element_type=\"column\" data-settings=\"{&quot;animation&quot;:&quot;fadeInLeft&quot;}\">\n\t\t\t<div class=\"elementor-widget-wrap elementor-element-populated\">\n\t\t\t\t\t\t<div class=\"elementor-element elementor-element-f15248d elementor-widget elementor-widget-text-editor\" data-id=\"f15248d\" data-element_type=\"widget\" data-widget_type=\"text-editor.default\">\n\t\t\t\t<div class=\"elementor-widget-container\">\n\t\t\t\t\t\t\t\t\t<p>Das Amazonasbecken ist mehr als ein Wald. Er ist Lebensraum, kulturelle Identit\u00e4t und Zukunft. In der peruanischen Region Ucayali, einem Schwerpunkt f\u00fcr Regenwald- und Biodiversit\u00e4tsverlust, stehen Natur und indigene Lebensweisen unter zunehmendem Druck. Ucayali ist insbesondere Heimat der indigenen Ethnie der Shipibo-Konibo-Xetebo, deren Kultur, Wissen und enge Verbindung zum Regenwald und zu den Gew\u00e4ssern seit Generationen bestehen.<\/p><p>Der Freundeskreis Peru Amazonico e. V. etabliert einen neuen thematischen Schwerpunkt: Regenwald- und Biodiversit\u00e4tsschutz in enger Zusammenarbeit mit indigenen F\u00f6derationen und indigenen Organisationen. Ziel ist es, den fortschreitenden Verlust von Wald- und Fischgr\u00fcnden zu vermeiden und zugleich die Ern\u00e4hrungssicherheit lokaler Gemeinschaften und der Region zu st\u00e4rken.<\/p><p>In Ucayali setzen wir gemeinsam mit den indigenen F\u00f6derationen FECONAU, ORDIM und FECONALICM sowie der indigenen Nichtregierungsorganisation Bari Wesna zwei Projekte um, die den Schutz von Regenwald, Gew\u00e4ssern und Biodiversit\u00e4t mit nachhaltiger Ressourcennutzung, indigener Selbstorganisation und gemeinschaftlicher Verantwortung verbinden.<\/p>\t\t\t\t\t\t\t\t<\/div>\n\t\t\t\t<\/div>\n\t\t\t\t\t<\/div>\n\t\t<\/div>\n\t\t\t\t<div class=\"elementor-column elementor-col-50 elementor-top-column elementor-element elementor-element-c39895f elementor-invisible\" data-id=\"c39895f\" data-element_type=\"column\" data-settings=\"{&quot;animation&quot;:&quot;fadeInRight&quot;}\">\n\t\t\t<div class=\"elementor-widget-wrap elementor-element-populated\">\n\t\t\t\t\t\t<div class=\"elementor-element elementor-element-681637f elementor-widget elementor-widget-image\" data-id=\"681637f\" data-element_type=\"widget\" data-widget_type=\"image.default\">\n\t\t\t\t<div class=\"elementor-widget-container\">\n\t\t\t\t\t\t\t\t\t\t\t\t\t\t\t<img fetchpriority=\"high\" decoding=\"async\" width=\"768\" height=\"584\" src=\"https:\/\/peru-amazonico.de\/wp-content\/uploads\/2026\/02\/022-Asamblea_Caimito_012025-768x584.jpg\" class=\"attachment-medium_large size-medium_large wp-image-2241\" alt=\"\" srcset=\"https:\/\/peru-amazonico.de\/wp-content\/uploads\/2026\/02\/022-Asamblea_Caimito_012025-768x584.jpg 768w, https:\/\/peru-amazonico.de\/wp-content\/uploads\/2026\/02\/022-Asamblea_Caimito_012025-300x228.jpg 300w, https:\/\/peru-amazonico.de\/wp-content\/uploads\/2026\/02\/022-Asamblea_Caimito_012025-1024x778.jpg 1024w, https:\/\/peru-amazonico.de\/wp-content\/uploads\/2026\/02\/022-Asamblea_Caimito_012025-1536x1167.jpg 1536w, https:\/\/peru-amazonico.de\/wp-content\/uploads\/2026\/02\/022-Asamblea_Caimito_012025-2048x1556.jpg 2048w, https:\/\/peru-amazonico.de\/wp-content\/uploads\/2026\/02\/022-Asamblea_Caimito_012025-16x12.jpg 16w\" sizes=\"(max-width: 768px) 100vw, 768px\" \/>\t\t\t\t\t\t\t\t\t\t\t\t\t\t\t<\/div>\n\t\t\t\t<\/div>\n\t\t\t\t\t<\/div>\n\t\t<\/div>\n\t\t\t\t\t<\/div>\n\t\t<\/section>\n\t\t\t\t<section class=\"elementor-section elementor-inner-section elementor-element elementor-element-7bf5e5aa elementor-section-boxed elementor-section-height-default elementor-section-height-default\" data-id=\"7bf5e5aa\" data-element_type=\"section\">\n\t\t\t\t\t\t<div class=\"elementor-container elementor-column-gap-default\">\n\t\t\t\t\t<div class=\"elementor-column elementor-col-50 elementor-inner-column elementor-element elementor-element-69d02578\" data-id=\"69d02578\" data-element_type=\"column\" data-settings=\"{&quot;background_background&quot;:&quot;classic&quot;}\">\n\t\t\t<div class=\"elementor-widget-wrap elementor-element-populated\">\n\t\t\t\t\t\t<div class=\"elementor-element elementor-element-202213c elementor-widget elementor-widget-image\" data-id=\"202213c\" data-element_type=\"widget\" data-widget_type=\"image.default\">\n\t\t\t\t<div class=\"elementor-widget-container\">\n\t\t\t\t\t\t\t\t\t\t\t\t\t\t\t<img decoding=\"async\" width=\"2560\" height=\"875\" data-src=\"https:\/\/peru-amazonico.de\/wp-content\/uploads\/2026\/02\/022-Laguna-Imiria_012025-scaled.jpg\" class=\"attachment-full size-full wp-image-2242 lazyload\" alt=\"\" data-srcset=\"https:\/\/peru-amazonico.de\/wp-content\/uploads\/2026\/02\/022-Laguna-Imiria_012025-scaled.jpg 2560w, https:\/\/peru-amazonico.de\/wp-content\/uploads\/2026\/02\/022-Laguna-Imiria_012025-300x103.jpg 300w, https:\/\/peru-amazonico.de\/wp-content\/uploads\/2026\/02\/022-Laguna-Imiria_012025-1024x350.jpg 1024w, https:\/\/peru-amazonico.de\/wp-content\/uploads\/2026\/02\/022-Laguna-Imiria_012025-768x263.jpg 768w, https:\/\/peru-amazonico.de\/wp-content\/uploads\/2026\/02\/022-Laguna-Imiria_012025-1536x525.jpg 1536w, https:\/\/peru-amazonico.de\/wp-content\/uploads\/2026\/02\/022-Laguna-Imiria_012025-2048x700.jpg 2048w, https:\/\/peru-amazonico.de\/wp-content\/uploads\/2026\/02\/022-Laguna-Imiria_012025-18x6.jpg 18w\" data-sizes=\"(max-width: 2560px) 100vw, 2560px\" src=\"data:image\/gif;base64,R0lGODlhAQABAAAAACH5BAEKAAEALAAAAAABAAEAAAICTAEAOw==\" style=\"--smush-placeholder-width: 2560px; --smush-placeholder-aspect-ratio: 2560\/875;\" \/>\t\t\t\t\t\t\t\t\t\t\t\t\t\t\t<\/div>\n\t\t\t\t<\/div>\n\t\t\t\t<div class=\"elementor-element elementor-element-e85c326 elementor-widget elementor-widget-icon-box\" data-id=\"e85c326\" data-element_type=\"widget\" data-widget_type=\"icon-box.default\">\n\t\t\t\t<div class=\"elementor-widget-container\">\n\t\t\t\t\t\t\t<div class=\"elementor-icon-box-wrapper\">\n\n\t\t\t\n\t\t\t\t\t\t<div class=\"elementor-icon-box-content\">\n\n\t\t\t\t\t\t\t\t\t<div class=\"elementor-icon-box-title\">\n\t\t\t\t\t\t<span  >\n\t\t\t\t\t\t\tComunidades ind\u00edgenas de Imiria-Chauya\t\t\t\t\t\t<\/span>\n\t\t\t\t\t<\/div>\n\t\t\t\t\n\t\t\t\t\n\t\t\t<\/div>\n\t\t\t\n\t\t<\/div>\n\t\t\t\t\t\t<\/div>\n\t\t\t\t<\/div>\n\t\t\t\t<div class=\"elementor-element elementor-element-313aff26 elementor-widget elementor-widget-button\" data-id=\"313aff26\" data-element_type=\"widget\" data-widget_type=\"button.default\">\n\t\t\t\t<div class=\"elementor-widget-container\">\n\t\t\t\t\t\t\t\t\t<div class=\"elementor-button-wrapper\">\n\t\t\t\t\t<a class=\"elementor-button elementor-button-link elementor-size-xs\" href=\"https:\/\/peru-amazonico.de\/es\/projekte\/gemeinwesenentwicklung\/indigene-gemeinschaften-imiria-chauya\/\">\n\t\t\t\t\t\t<span class=\"elementor-button-content-wrapper\">\n\t\t\t\t\t\t\t\t\t<span class=\"elementor-button-text\">sigue leyendo<\/span>\n\t\t\t\t\t<\/span>\n\t\t\t\t\t<\/a>\n\t\t\t\t<\/div>\n\t\t\t\t\t\t\t\t<\/div>\n\t\t\t\t<\/div>\n\t\t\t\t\t<\/div>\n\t\t<\/div>\n\t\t\t\t<div class=\"elementor-column elementor-col-50 elementor-inner-column elementor-element elementor-element-aa04ccf\" data-id=\"aa04ccf\" data-element_type=\"column\" data-settings=\"{&quot;background_background&quot;:&quot;classic&quot;}\">\n\t\t\t<div class=\"elementor-widget-wrap elementor-element-populated\">\n\t\t\t\t\t\t<div class=\"elementor-element elementor-element-3ca00d1 elementor-widget elementor-widget-image\" data-id=\"3ca00d1\" data-element_type=\"widget\" data-widget_type=\"image.default\">\n\t\t\t\t<div class=\"elementor-widget-container\">\n\t\t\t\t\t\t\t\t\t\t\t\t\t\t\t<img decoding=\"async\" width=\"2560\" height=\"1050\" data-src=\"https:\/\/peru-amazonico.de\/wp-content\/uploads\/2026\/02\/022_20250127_Sta-Teresita-scaled.jpg\" class=\"attachment-full size-full wp-image-2243 lazyload\" alt=\"\" data-srcset=\"https:\/\/peru-amazonico.de\/wp-content\/uploads\/2026\/02\/022_20250127_Sta-Teresita-scaled.jpg 2560w, https:\/\/peru-amazonico.de\/wp-content\/uploads\/2026\/02\/022_20250127_Sta-Teresita-300x123.jpg 300w, https:\/\/peru-amazonico.de\/wp-content\/uploads\/2026\/02\/022_20250127_Sta-Teresita-1024x420.jpg 1024w, https:\/\/peru-amazonico.de\/wp-content\/uploads\/2026\/02\/022_20250127_Sta-Teresita-768x315.jpg 768w, https:\/\/peru-amazonico.de\/wp-content\/uploads\/2026\/02\/022_20250127_Sta-Teresita-1536x630.jpg 1536w, https:\/\/peru-amazonico.de\/wp-content\/uploads\/2026\/02\/022_20250127_Sta-Teresita-2048x840.jpg 2048w, https:\/\/peru-amazonico.de\/wp-content\/uploads\/2026\/02\/022_20250127_Sta-Teresita-18x7.jpg 18w\" data-sizes=\"(max-width: 2560px) 100vw, 2560px\" src=\"data:image\/gif;base64,R0lGODlhAQABAAAAACH5BAEKAAEALAAAAAABAAEAAAICTAEAOw==\" style=\"--smush-placeholder-width: 2560px; --smush-placeholder-aspect-ratio: 2560\/1050;\" \/>\t\t\t\t\t\t\t\t\t\t\t\t\t\t\t<\/div>\n\t\t\t\t<\/div>\n\t\t\t\t<div class=\"elementor-element elementor-element-1152fa2 elementor-widget elementor-widget-icon-box\" data-id=\"1152fa2\" data-element_type=\"widget\" data-widget_type=\"icon-box.default\">\n\t\t\t\t<div class=\"elementor-widget-container\">\n\t\t\t\t\t\t\t<div class=\"elementor-icon-box-wrapper\">\n\n\t\t\t\n\t\t\t\t\t\t<div class=\"elementor-icon-box-content\">\n\n\t\t\t\t\t\t\t\t\t<div class=\"elementor-icon-box-title\">\n\t\t\t\t\t\t<span  >\n\t\t\t\t\t\t\tLa tecnolog\u00eda al servicio de la protecci\u00f3n de los territorios ind\u00edgenas\t\t\t\t\t\t<\/span>\n\t\t\t\t\t<\/div>\n\t\t\t\t\n\t\t\t\t\n\t\t\t<\/div>\n\t\t\t\n\t\t<\/div>\n\t\t\t\t\t\t<\/div>\n\t\t\t\t<\/div>\n\t\t\t\t<div class=\"elementor-element elementor-element-4da07ba elementor-widget elementor-widget-button\" data-id=\"4da07ba\" data-element_type=\"widget\" data-widget_type=\"button.default\">\n\t\t\t\t<div class=\"elementor-widget-container\">\n\t\t\t\t\t\t\t\t\t<div class=\"elementor-button-wrapper\">\n\t\t\t\t\t<a class=\"elementor-button elementor-button-link elementor-size-xs\" href=\"https:\/\/peru-amazonico.de\/es\/projekte\/gemeinwesenentwicklung\/nachhaltige-alternativen-in-der-landwirtschaft\/\">\n\t\t\t\t\t\t<span class=\"elementor-button-content-wrapper\">\n\t\t\t\t\t\t\t\t\t<span class=\"elementor-button-text\">sigue leyendo<\/span>\n\t\t\t\t\t<\/span>\n\t\t\t\t\t<\/a>\n\t\t\t\t<\/div>\n\t\t\t\t\t\t\t\t<\/div>\n\t\t\t\t<\/div>\n\t\t\t\t\t<\/div>\n\t\t<\/div>\n\t\t\t\t\t<\/div>\n\t\t<\/section>\n\t\t\t\t<section class=\"elementor-section elementor-top-section elementor-element elementor-element-ef55418 elementor-section-boxed elementor-section-height-default elementor-section-height-default\" data-id=\"ef55418\" data-element_type=\"section\">\n\t\t\t\t\t\t<div class=\"elementor-container elementor-column-gap-default\">\n\t\t\t\t\t<div class=\"elementor-column elementor-col-100 elementor-top-column elementor-element elementor-element-9c9fa99\" data-id=\"9c9fa99\" data-element_type=\"column\">\n\t\t\t<div class=\"elementor-widget-wrap\">\n\t\t\t\t\t\t\t<\/div>\n\t\t<\/div>\n\t\t\t\t\t<\/div>\n\t\t<\/section>\n\t\t\t\t<\/div>","protected":false},"excerpt":{"rendered":"<p>Comunity-development-Projekte in der peruanischen Amazonasregion Das Amazonasbecken ist mehr als ein Wald. Er ist Lebensraum, kulturelle Identit\u00e4t und Zukunft. In der peruanischen Region Ucayali, einem Schwerpunkt f\u00fcr Regenwald- und Biodiversit\u00e4tsverlust, [&hellip;]<\/p>","protected":false},"author":3,"featured_media":0,"parent":424,"menu_order":0,"comment_status":"closed","ping_status":"closed","template":"","meta":{"footnotes":""},"class_list":["post-2186","page","type-page","status-publish","hentry"],"_links":{"self":[{"href":"https:\/\/peru-amazonico.de\/es\/wp-json\/wp\/v2\/pages\/2186","targetHints":{"allow":["GET"]}}],"collection":[{"href":"https:\/\/peru-amazonico.de\/es\/wp-json\/wp\/v2\/pages"}],"about":[{"href":"https:\/\/peru-amazonico.de\/es\/wp-json\/wp\/v2\/types\/page"}],"author":[{"embeddable":true,"href":"https:\/\/peru-amazonico.de\/es\/wp-json\/wp\/v2\/users\/3"}],"replies":[{"embeddable":true,"href":"https:\/\/peru-amazonico.de\/es\/wp-json\/wp\/v2\/comments?post=2186"}],"version-history":[{"count":22,"href":"https:\/\/peru-amazonico.de\/es\/wp-json\/wp\/v2\/pages\/2186\/revisions"}],"predecessor-version":[{"id":2246,"href":"https:\/\/peru-amazonico.de\/es\/wp-json\/wp\/v2\/pages\/2186\/revisions\/2246"}],"up":[{"embeddable":true,"href":"https:\/\/peru-amazonico.de\/es\/wp-json\/wp\/v2\/pages\/424"}],"wp:attachment":[{"href":"https:\/\/peru-amazonico.de\/es\/wp-json\/wp\/v2\/media?parent=2186"}],"curies":[{"name":"wp","href":"https:\/\/api.w.org\/{rel}","templated":true}]}}