{"id":2210,"date":"2026-02-25T17:10:19","date_gmt":"2026-02-25T22:10:19","guid":{"rendered":"https:\/\/peru-amazonico.de\/?page_id=2210"},"modified":"2026-04-26T14:19:21","modified_gmt":"2026-04-26T19:19:21","slug":"nachhaltige-alternativen-in-der-landwirtschaft","status":"publish","type":"page","link":"https:\/\/peru-amazonico.de\/es\/projekte\/landwirtschaft\/nachhaltige-alternativen-in-der-landwirtschaft\/","title":{"rendered":"Alternativas sostenibles en la agricultura"},"content":{"rendered":"<div data-elementor-type=\"wp-page\" data-elementor-id=\"2210\" class=\"elementor elementor-2210\" data-elementor-post-type=\"page\">\n\t\t\t\t\t\t<section class=\"elementor-section elementor-top-section elementor-element elementor-element-f313a50 elementor-section-boxed elementor-section-height-default elementor-section-height-default\" data-id=\"f313a50\" data-element_type=\"section\" data-settings=\"{&quot;background_background&quot;:&quot;classic&quot;}\">\n\t\t\t\t\t\t\t<div class=\"elementor-background-overlay\"><\/div>\n\t\t\t\t\t\t\t<div class=\"elementor-container elementor-column-gap-default\">\n\t\t\t\t\t<div class=\"elementor-column elementor-col-100 elementor-top-column elementor-element elementor-element-c04d3f8\" data-id=\"c04d3f8\" data-element_type=\"column\" data-settings=\"{&quot;background_background&quot;:&quot;classic&quot;}\">\n\t\t\t<div class=\"elementor-widget-wrap elementor-element-populated\">\n\t\t\t\t\t\t<section class=\"elementor-section elementor-inner-section elementor-element elementor-element-d8e0bdd elementor-section-boxed elementor-section-height-default elementor-section-height-default elementor-invisible\" data-id=\"d8e0bdd\" data-element_type=\"section\" data-settings=\"{&quot;background_background&quot;:&quot;classic&quot;,&quot;animation&quot;:&quot;zoomIn&quot;}\">\n\t\t\t\t\t\t<div class=\"elementor-container elementor-column-gap-default\">\n\t\t\t\t\t<div class=\"elementor-column elementor-col-100 elementor-inner-column elementor-element elementor-element-fc1e9dc\" data-id=\"fc1e9dc\" data-element_type=\"column\">\n\t\t\t<div class=\"elementor-widget-wrap elementor-element-populated\">\n\t\t\t\t\t\t<div class=\"elementor-element elementor-element-89de9b5 animated-fast elementor-invisible elementor-widget elementor-widget-heading\" data-id=\"89de9b5\" data-element_type=\"widget\" data-settings=\"{&quot;_animation&quot;:&quot;fadeInDown&quot;,&quot;_animation_delay&quot;:400}\" data-widget_type=\"heading.default\">\n\t\t\t\t<div class=\"elementor-widget-container\">\n\t\t\t\t\t<h1 class=\"elementor-heading-title elementor-size-default\">Alternativas sostenibles en la agricultura<\/h1>\t\t\t\t<\/div>\n\t\t\t\t<\/div>\n\t\t\t\t\t<\/div>\n\t\t<\/div>\n\t\t\t\t\t<\/div>\n\t\t<\/section>\n\t\t\t\t\t<\/div>\n\t\t<\/div>\n\t\t\t\t\t<\/div>\n\t\t<\/section>\n\t\t\t\t<section class=\"elementor-section elementor-top-section elementor-element elementor-element-d8484ab elementor-section-content-middle elementor-section-boxed elementor-section-height-default elementor-section-height-default\" data-id=\"d8484ab\" data-element_type=\"section\" data-settings=\"{&quot;background_background&quot;:&quot;classic&quot;}\">\n\t\t\t\t\t\t<div class=\"elementor-container elementor-column-gap-default\">\n\t\t\t\t\t<div class=\"elementor-column elementor-col-50 elementor-top-column elementor-element elementor-element-375a7cb elementor-invisible\" data-id=\"375a7cb\" data-element_type=\"column\" data-settings=\"{&quot;animation&quot;:&quot;fadeInLeft&quot;}\">\n\t\t\t<div class=\"elementor-widget-wrap elementor-element-populated\">\n\t\t\t\t\t\t<div class=\"elementor-element elementor-element-f0a9bf7 elementor-widget elementor-widget-text-editor\" data-id=\"f0a9bf7\" data-element_type=\"widget\" data-widget_type=\"text-editor.default\">\n\t\t\t\t<div class=\"elementor-widget-container\">\n\t\t\t\t\t\t\t\t\t<p>Junto con la organizaci\u00f3n no gubernamental IDMA (Instituto para el Desarrollo y el Medio Ambiente), la asociaci\u00f3n Freundeskreis Peru Amazonico e. V. acompa\u00f1a a 50 familias de agricultores de cinco aldeas del distrito de Luyando en su esfuerzo por mejorar sus condiciones de vida. Les ayudamos a reconvertir su producci\u00f3n a la agricultura ecol\u00f3gica, a certificar sus productos seg\u00fan el Sistema de Garant\u00eda Participativa (PGS) y a comercializar sus productos en el mercado ecol\u00f3gico que se crear\u00e1 en Tingo Mar\u00eda. El proyecto tiene una duraci\u00f3n de 18 meses. Cuenta con el apoyo del gobierno del distrito de Luyando y est\u00e1 financiado por la cooperaci\u00f3n alemana al desarrollo. Otro componente del proyecto apoya la educaci\u00f3n medioambiental de m\u00e1s de 200 alumnos del centro educativo Marona con el fin de sensibilizarles sobre cuestiones ecol\u00f3gicas.<\/p>\t\t\t\t\t\t\t\t<\/div>\n\t\t\t\t<\/div>\n\t\t\t\t\t<\/div>\n\t\t<\/div>\n\t\t\t\t<div class=\"elementor-column elementor-col-50 elementor-top-column elementor-element elementor-element-5f66887 elementor-invisible\" data-id=\"5f66887\" data-element_type=\"column\" data-settings=\"{&quot;background_background&quot;:&quot;gradient&quot;,&quot;animation&quot;:&quot;fadeInRight&quot;}\">\n\t\t\t<div class=\"elementor-widget-wrap elementor-element-populated\">\n\t\t\t\t\t\t<div class=\"elementor-element elementor-element-e276865 elementor-widget elementor-widget-image\" data-id=\"e276865\" data-element_type=\"widget\" data-widget_type=\"image.default\">\n\t\t\t\t<div class=\"elementor-widget-container\">\n\t\t\t\t\t\t\t\t\t\t\t\t<figure class=\"wp-caption\">\n\t\t\t\t\t\t\t\t\t\t<img fetchpriority=\"high\" decoding=\"async\" width=\"1992\" height=\"1590\" src=\"https:\/\/peru-amazonico.de\/wp-content\/uploads\/2026\/02\/022-oko-Bauern.jpg\" class=\"attachment-full size-full wp-image-2238\" alt=\"\" srcset=\"https:\/\/peru-amazonico.de\/wp-content\/uploads\/2026\/02\/022-oko-Bauern.jpg 1992w, https:\/\/peru-amazonico.de\/wp-content\/uploads\/2026\/02\/022-oko-Bauern-300x239.jpg 300w, https:\/\/peru-amazonico.de\/wp-content\/uploads\/2026\/02\/022-oko-Bauern-1024x817.jpg 1024w, https:\/\/peru-amazonico.de\/wp-content\/uploads\/2026\/02\/022-oko-Bauern-768x613.jpg 768w, https:\/\/peru-amazonico.de\/wp-content\/uploads\/2026\/02\/022-oko-Bauern-1536x1226.jpg 1536w, https:\/\/peru-amazonico.de\/wp-content\/uploads\/2026\/02\/022-oko-Bauern-15x12.jpg 15w\" sizes=\"(max-width: 1992px) 100vw, 1992px\" \/>\t\t\t\t\t\t\t\t\t\t\t<figcaption class=\"widget-image-caption wp-caption-text\">Introducci\u00f3n a la agricultura ecol\u00f3gica<\/figcaption>\n\t\t\t\t\t\t\t\t\t\t<\/figure>\n\t\t\t\t\t\t\t\t\t<\/div>\n\t\t\t\t<\/div>\n\t\t\t\t\t<\/div>\n\t\t<\/div>\n\t\t\t\t\t<\/div>\n\t\t<\/section>\n\t\t<div class=\"elementor-element elementor-element-1601679 e-flex e-con-boxed e-con e-parent\" data-id=\"1601679\" data-element_type=\"container\">\n\t\t\t\t\t<div class=\"e-con-inner\">\n\t\t\t\t<div class=\"elementor-element elementor-element-952484b asd-posts elementor-widget elementor-widget-elementskit-blog-posts\" data-id=\"952484b\" data-element_type=\"widget\" data-widget_type=\"elementskit-blog-posts.default\">\n\t\t\t\t<div class=\"elementor-widget-container\">\n\t\t\t\t\t<div class=\"ekit-wid-con\" >        <div id=\"post-items--952484b\" class=\"row post-items\">\n                    <div class=\"col-lg-4 col-md-6\">\n\n                                    <div class=\"elementskit-post-image-card\">\n                        <div class=\"elementskit-entry-header\">\n                                                            <a href=\"https:\/\/peru-amazonico.de\/es\/aktuelles\/landwirtschaftsprojekt-startet-mit-idma-im-distrikt-luyando\/\" class=\"elementskit-entry-thumb\">\n                                    <img decoding=\"async\" data-src=\"https:\/\/peru-amazonico.de\/wp-content\/uploads\/2026\/04\/Municipalidad-Luyando-2.2.26-1024x819.jpg\" alt=\"Landwirtschaftsprojekt startet mit IDMA im Distrikt Luyando\" src=\"data:image\/gif;base64,R0lGODlhAQABAAAAACH5BAEKAAEALAAAAAABAAEAAAICTAEAOw==\" class=\"lazyload\" style=\"--smush-placeholder-width: 1024px; --smush-placeholder-aspect-ratio: 1024\/819;\">\n                                <\/a><!-- .elementskit-entry-thumb END -->\n                                                                                                    <div class=\"elementskit-meta-lists elementskit-style-tag\">\n                                        <div class=\"elementskit-single-meta triangle_left\"><span class=\"elementskit-meta-wraper\"><strong>24<\/strong>abril<\/span><\/div>\n                                    <\/div>\n                                                                                            \n                                                            <div class=\"elementskit-meta-categories\">\n                                    <span class=\"elementskit-meta-wraper\">\n                                        <span><a href=\"https:\/\/peru-amazonico.de\/es\/category\/aktuelles\/\" rel=\"category tag\">Actualidad<\/a><\/span><span><a href=\"https:\/\/peru-amazonico.de\/es\/category\/projekte\/landwirtschaft\/nachhaltige-alternativen-in-der-landwirtschaft\/\" rel=\"category tag\">Alternativas sostenibles en la agricultura<\/a><\/span>\n                                    <\/span>\n                                <\/div>\n                            \n\t\t\t\t\t\t\t\t\t\t\t\t\t<\/div><!-- .elementskit-entry-header END -->\n\n\t\t\t\t\t\t<div class=\"elementskit-post-body\">\n\t\t\t\t\t\t\t\n\t\t\t\t\t\t\t\t\t\t\t\t\t\t\t\t\t\t\t\t\t\t\t\t\t\n\t\t\t\t\t\t\t\t\n\t\t\t\t\t\t\t\t\t\t\t\t\t\t\t\t\t\t\t\t\t<h2 class=\"entry-title\">\n\t\t\t\t\t<a href=\"https:\/\/peru-amazonico.de\/es\/aktuelles\/landwirtschaftsprojekt-startet-mit-idma-im-distrikt-luyando\/\">\n\t\t\t\t\t\tLandwirtschaftsprojekt startet mit IDMA im Distrikt Luyando\t\t\t\t\t<\/a>\n\t\t\t\t<\/h2>\n\t\t\t\t\t\t\t\t\t\t\t\t\t\t\t\t\t\t\t\t\t\t\t\t\t\t\t\t\t\t\t\t\t\t\t\t\t\t\t\t\t\t<p>Im April konnten wir das Projekt \u201eImpulse f\u00fcr Nachhaltige Alternativen in der Landwirtschaft \u2013 INAL\u201c gemeinsam mit unserem neuen Partner&hellip;<\/p>\n\t\t\t\t\t\t\t\t\t\t\t\t\t\t\t\t\t\t\t\t\t\t                                                            <div class=\"btn-wraper\">\n                                    \n                                                                            <a class=\"elementskit-btn whitespace--normal\" id=\"\" href=\"https:\/\/peru-amazonico.de\/es\/aktuelles\/landwirtschaftsprojekt-startet-mit-idma-im-distrikt-luyando\/\">\n                                        \t                                            Leer m\u00e1s                                        <\/a>\n                                                                    <\/div>\n                                                    <\/div><!-- .elementskit-post-body END -->\n                    <\/div>\n                \n            <\/div>\n                <\/div>\n       <\/div>\t\t\t\t<\/div>\n\t\t\t\t<\/div>\n\t\t\t\t\t<\/div>\n\t\t\t\t<\/div>\n\t\t\t\t<\/div>","protected":false},"excerpt":{"rendered":"<p>Gemeinsam mit der Nichtregierungsorganisation IDMA (Institut f\u00fcr Entwicklung und Umwelt) begleitet der Freundeskreis Peru Amazonico e. V. 50 Bauernfamilien in f\u00fcnf D\u00f6rfern des Distrikts Luyando dabei, ihre Lebensverh\u00e4ltnisse zu verbessern. [&hellip;]<\/p>","protected":false},"author":3,"featured_media":0,"parent":454,"menu_order":0,"comment_status":"closed","ping_status":"closed","template":"elementor_header_footer","meta":{"footnotes":""},"class_list":["post-2210","page","type-page","status-publish","hentry"],"_links":{"self":[{"href":"https:\/\/peru-amazonico.de\/es\/wp-json\/wp\/v2\/pages\/2210","targetHints":{"allow":["GET"]}}],"collection":[{"href":"https:\/\/peru-amazonico.de\/es\/wp-json\/wp\/v2\/pages"}],"about":[{"href":"https:\/\/peru-amazonico.de\/es\/wp-json\/wp\/v2\/types\/page"}],"author":[{"embeddable":true,"href":"https:\/\/peru-amazonico.de\/es\/wp-json\/wp\/v2\/users\/3"}],"replies":[{"embeddable":true,"href":"https:\/\/peru-amazonico.de\/es\/wp-json\/wp\/v2\/comments?post=2210"}],"version-history":[{"count":8,"href":"https:\/\/peru-amazonico.de\/es\/wp-json\/wp\/v2\/pages\/2210\/revisions"}],"predecessor-version":[{"id":2369,"href":"https:\/\/peru-amazonico.de\/es\/wp-json\/wp\/v2\/pages\/2210\/revisions\/2369"}],"up":[{"embeddable":true,"href":"https:\/\/peru-amazonico.de\/es\/wp-json\/wp\/v2\/pages\/454"}],"wp:attachment":[{"href":"https:\/\/peru-amazonico.de\/es\/wp-json\/wp\/v2\/media?parent=2210"}],"curies":[{"name":"wp","href":"https:\/\/api.w.org\/{rel}","templated":true}]}}