{"id":2213,"date":"2026-02-25T17:05:39","date_gmt":"2026-02-25T22:05:39","guid":{"rendered":"https:\/\/peru-amazonico.de\/?page_id=2213"},"modified":"2026-04-06T05:15:02","modified_gmt":"2026-04-06T10:15:02","slug":"indigene-gemeinschaften-imiria-chauya","status":"publish","type":"page","link":"https:\/\/peru-amazonico.de\/es\/projekte\/gemeinwesenentwicklung\/indigene-gemeinschaften-imiria-chauya\/","title":{"rendered":"Comunidades ind\u00edgenas de Imiria-Chauya"},"content":{"rendered":"<div data-elementor-type=\"wp-page\" data-elementor-id=\"2213\" class=\"elementor elementor-2213\" data-elementor-post-type=\"page\">\n\t\t\t\t\t\t<section class=\"elementor-section elementor-top-section elementor-element elementor-element-f313a50 elementor-section-boxed elementor-section-height-default elementor-section-height-default\" data-id=\"f313a50\" data-element_type=\"section\" data-settings=\"{&quot;background_background&quot;:&quot;classic&quot;}\">\n\t\t\t\t\t\t\t<div class=\"elementor-background-overlay\"><\/div>\n\t\t\t\t\t\t\t<div class=\"elementor-container elementor-column-gap-default\">\n\t\t\t\t\t<div class=\"elementor-column elementor-col-100 elementor-top-column elementor-element elementor-element-c04d3f8\" data-id=\"c04d3f8\" data-element_type=\"column\" data-settings=\"{&quot;background_background&quot;:&quot;classic&quot;}\">\n\t\t\t<div class=\"elementor-widget-wrap elementor-element-populated\">\n\t\t\t\t\t\t<section class=\"elementor-section elementor-inner-section elementor-element elementor-element-d8e0bdd elementor-section-boxed elementor-section-height-default elementor-section-height-default elementor-invisible\" data-id=\"d8e0bdd\" data-element_type=\"section\" data-settings=\"{&quot;background_background&quot;:&quot;classic&quot;,&quot;animation&quot;:&quot;zoomIn&quot;}\">\n\t\t\t\t\t\t<div class=\"elementor-container elementor-column-gap-default\">\n\t\t\t\t\t<div class=\"elementor-column elementor-col-100 elementor-inner-column elementor-element elementor-element-fc1e9dc\" data-id=\"fc1e9dc\" data-element_type=\"column\">\n\t\t\t<div class=\"elementor-widget-wrap elementor-element-populated\">\n\t\t\t\t\t\t<div class=\"elementor-element elementor-element-89de9b5 animated-fast elementor-invisible elementor-widget elementor-widget-heading\" data-id=\"89de9b5\" data-element_type=\"widget\" data-settings=\"{&quot;_animation&quot;:&quot;fadeInDown&quot;,&quot;_animation_delay&quot;:400}\" data-widget_type=\"heading.default\">\n\t\t\t\t<div class=\"elementor-widget-container\">\n\t\t\t\t\t<h1 class=\"elementor-heading-title elementor-size-default\">Comunidades ind\u00edgenas de Imiria-Chauya<\/h1>\t\t\t\t<\/div>\n\t\t\t\t<\/div>\n\t\t\t\t\t<\/div>\n\t\t<\/div>\n\t\t\t\t\t<\/div>\n\t\t<\/section>\n\t\t\t\t\t<\/div>\n\t\t<\/div>\n\t\t\t\t\t<\/div>\n\t\t<\/section>\n\t\t\t\t<section class=\"elementor-section elementor-top-section elementor-element elementor-element-d8484ab elementor-section-content-middle elementor-section-boxed elementor-section-height-default elementor-section-height-default\" data-id=\"d8484ab\" data-element_type=\"section\" data-settings=\"{&quot;background_background&quot;:&quot;classic&quot;}\">\n\t\t\t\t\t\t<div class=\"elementor-container elementor-column-gap-default\">\n\t\t\t\t\t<div class=\"elementor-column elementor-col-50 elementor-top-column elementor-element elementor-element-375a7cb elementor-invisible\" data-id=\"375a7cb\" data-element_type=\"column\" data-settings=\"{&quot;animation&quot;:&quot;fadeInLeft&quot;}\">\n\t\t\t<div class=\"elementor-widget-wrap elementor-element-populated\">\n\t\t\t\t\t\t<div class=\"elementor-element elementor-element-f0a9bf7 elementor-widget elementor-widget-text-editor\" data-id=\"f0a9bf7\" data-element_type=\"widget\" data-widget_type=\"text-editor.default\">\n\t\t\t\t<div class=\"elementor-widget-container\">\n\t\t\t\t\t\t\t\t\t<p>Junto con la Federaci\u00f3n de Comunidades Ind\u00edgenas de Ucayali y sus afluentes (FECONAU), la asociaci\u00f3n Freundeskreis Peru Amazonico e. V. inici\u00f3 en diciembre de 2025 un proyecto de tres a\u00f1os de duraci\u00f3n para el \u00abdesarrollo de las comunidades ind\u00edgenas y la conservaci\u00f3n de los caladeros en la regi\u00f3n de Imir\u00eda-Chauya\u00bb, en estrecha colaboraci\u00f3n con las organizaciones ind\u00edgenas ORDIM (Organizaci\u00f3n de los Ind\u00edgenas del Distrito de Masisea) y FECONALICM (Federaci\u00f3n de Comunidades Ind\u00edgenas de los Lagos Imir\u00eda y Chauya), con el apoyo financiero de la cooperaci\u00f3n alemana al desarrollo.<\/p>\n<p>La zona del proyecto se encuentra en el \u00e1rea de protecci\u00f3n regional de Imir\u00eda Chauya. Se aplica un enfoque integrado: en colaboraci\u00f3n con las comunidades, se siguen desarrollando formas sostenibles de pesca, se refuerzan las normas locales para el uso de los recursos y se ampl\u00edan las fuentes de ingresos alternativas. Esto incluye, entre otras cosas, la promoci\u00f3n de productos tradicionales como las hojas de bijao, los frutos de aguaje y la miel de abejas sin aguij\u00f3n (Melipona), que pueden obtenerse de forma respetuosa con el medio ambiente. En 14 aldeas y comunidades ind\u00edgenas, 354 familias participar\u00e1n en el proyecto.<\/p>\t\t\t\t\t\t\t\t<\/div>\n\t\t\t\t<\/div>\n\t\t\t\t\t<\/div>\n\t\t<\/div>\n\t\t\t\t<div class=\"elementor-column elementor-col-50 elementor-top-column elementor-element elementor-element-5f66887 elementor-invisible\" data-id=\"5f66887\" data-element_type=\"column\" data-settings=\"{&quot;background_background&quot;:&quot;gradient&quot;,&quot;animation&quot;:&quot;fadeInRight&quot;}\">\n\t\t\t<div class=\"elementor-widget-wrap elementor-element-populated\">\n\t\t\t\t\t\t<div class=\"elementor-element elementor-element-e276865 elementor-widget elementor-widget-image\" data-id=\"e276865\" data-element_type=\"widget\" data-widget_type=\"image.default\">\n\t\t\t\t<div class=\"elementor-widget-container\">\n\t\t\t\t\t\t\t\t\t\t\t\t<figure class=\"wp-caption\">\n\t\t\t\t\t\t\t\t\t\t<img fetchpriority=\"high\" decoding=\"async\" width=\"1600\" height=\"1200\" src=\"https:\/\/peru-amazonico.de\/wp-content\/uploads\/2026\/02\/cargador-de-hojas-de-bijao.jpg\" class=\"attachment-full size-full wp-image-2248\" alt=\"\" srcset=\"https:\/\/peru-amazonico.de\/wp-content\/uploads\/2026\/02\/cargador-de-hojas-de-bijao.jpg 1600w, https:\/\/peru-amazonico.de\/wp-content\/uploads\/2026\/02\/cargador-de-hojas-de-bijao-300x225.jpg 300w, https:\/\/peru-amazonico.de\/wp-content\/uploads\/2026\/02\/cargador-de-hojas-de-bijao-1024x768.jpg 1024w, https:\/\/peru-amazonico.de\/wp-content\/uploads\/2026\/02\/cargador-de-hojas-de-bijao-768x576.jpg 768w, https:\/\/peru-amazonico.de\/wp-content\/uploads\/2026\/02\/cargador-de-hojas-de-bijao-1536x1152.jpg 1536w, https:\/\/peru-amazonico.de\/wp-content\/uploads\/2026\/02\/cargador-de-hojas-de-bijao-16x12.jpg 16w\" sizes=\"(max-width: 1600px) 100vw, 1600px\" \/>\t\t\t\t\t\t\t\t\t\t\t<figcaption class=\"widget-image-caption wp-caption-text\">Recogida de hojas de bijao<\/figcaption>\n\t\t\t\t\t\t\t\t\t\t<\/figure>\n\t\t\t\t\t\t\t\t\t<\/div>\n\t\t\t\t<\/div>\n\t\t\t\t\t<\/div>\n\t\t<\/div>\n\t\t\t\t\t<\/div>\n\t\t<\/section>\n\t\t<div class=\"elementor-element elementor-element-948b308 e-flex e-con-boxed e-con e-parent\" data-id=\"948b308\" data-element_type=\"container\">\n\t\t\t\t\t<div class=\"e-con-inner\">\n\t\t\t\t<div class=\"elementor-element elementor-element-a12c1a1 asd-posts elementor-widget elementor-widget-elementskit-blog-posts\" data-id=\"a12c1a1\" data-element_type=\"widget\" data-widget_type=\"elementskit-blog-posts.default\">\n\t\t\t\t<div class=\"elementor-widget-container\">\n\t\t\t\t\t<div class=\"ekit-wid-con\" >        <div id=\"post-items--a12c1a1\" class=\"row post-items\">\n                    <div class=\"col-lg-4 col-md-6\">\n\n                                    <div class=\"elementskit-post-image-card\">\n                        <div class=\"elementskit-entry-header\">\n                                                            <a href=\"https:\/\/peru-amazonico.de\/es\/aktuelles\/projektstart-entwicklung-indigener-dorfgemeinschaften-im-gebiet-imiria-chauya\/\" class=\"elementskit-entry-thumb\">\n                                    <img decoding=\"async\" data-src=\"https:\/\/peru-amazonico.de\/wp-content\/uploads\/2026\/02\/020_Laguna-Imiria_9_12-2025-1024x619.jpg\" alt=\"Projektstart: Entwicklung indigener Dorfgemeinschaften im Gebiet Imir\u00eda\u2013Chauya\" src=\"data:image\/gif;base64,R0lGODlhAQABAAAAACH5BAEKAAEALAAAAAABAAEAAAICTAEAOw==\" class=\"lazyload\" style=\"--smush-placeholder-width: 1024px; --smush-placeholder-aspect-ratio: 1024\/619;\">\n                                <\/a><!-- .elementskit-entry-thumb END -->\n                                                                                                    <div class=\"elementskit-meta-lists elementskit-style-tag\">\n                                        <div class=\"elementskit-single-meta triangle_left\"><span class=\"elementskit-meta-wraper\"><strong>24<\/strong>Feb<\/span><\/div>\n                                    <\/div>\n                                                                                            \n                                                            <div class=\"elementskit-meta-categories\">\n                                    <span class=\"elementskit-meta-wraper\">\n                                        <span><a href=\"https:\/\/peru-amazonico.de\/es\/category\/aktuelles\/\" rel=\"category tag\">Actualidad<\/a><\/span><span><a href=\"https:\/\/peru-amazonico.de\/es\/category\/projekte\/gemeinwesenentwicklung\/indigene-gemeinschaften-imiria-chauya\/\" rel=\"category tag\">Comunidades ind\u00edgenas de Imiria-Chauya<\/a><\/span>\n                                    <\/span>\n                                <\/div>\n                            \n\t\t\t\t\t\t\t\t\t\t\t\t\t<\/div><!-- .elementskit-entry-header END -->\n\n\t\t\t\t\t\t<div class=\"elementskit-post-body\">\n\t\t\t\t\t\t\t\n\t\t\t\t\t\t\t\t\t\t\t\t\t\t\t\t\t\t\t\t\t\t\t\t\t\n\t\t\t\t\t\t\t\t\n\t\t\t\t\t\t\t\t\t\t\t\t\t\t\t\t\t\t\t\t\t<h2 class=\"entry-title\">\n\t\t\t\t\t<a href=\"https:\/\/peru-amazonico.de\/es\/aktuelles\/projektstart-entwicklung-indigener-dorfgemeinschaften-im-gebiet-imiria-chauya\/\">\n\t\t\t\t\t\tProjektstart: Entwicklung indigener Dorfgemeinschaften im Gebiet Imir\u00eda\u2013Chauya\t\t\t\t\t<\/a>\n\t\t\t\t<\/h2>\n\t\t\t\t\t\t\t\t\t\t\t\t\t\t\t\t\t\t\t\t\t\t\t\t\t\t\t\t\t\t\t\t\t\t\t\t\t\t\t\t\t\t<p>Zum 1. Dezember 2025 ist in der peruanischen Amazonasregion Ucayali unser Projekt \u201eEntwicklung indigener Dorfgemeinschaften und Erhalt der Fischgr\u00fcnde in&hellip;<\/p>\n\t\t\t\t\t\t\t\t\t\t\t\t\t\t\t\t\t\t\t\t\t\t                                                            <div class=\"btn-wraper\">\n                                    \n                                                                            <a class=\"elementskit-btn whitespace--normal\" id=\"\" href=\"https:\/\/peru-amazonico.de\/es\/aktuelles\/projektstart-entwicklung-indigener-dorfgemeinschaften-im-gebiet-imiria-chauya\/\">\n                                        \t                                            Leer m\u00e1s                                        <\/a>\n                                                                    <\/div>\n                                                    <\/div><!-- .elementskit-post-body END -->\n                    <\/div>\n                \n            <\/div>\n                    <div class=\"col-lg-4 col-md-6\">\n\n                                    <div class=\"elementskit-post-image-card\">\n                        <div class=\"elementskit-entry-header\">\n                                                            <a href=\"https:\/\/peru-amazonico.de\/es\/aktuelles\/besuchsbericht-pucallpa-januar-2025\/\" class=\"elementskit-entry-thumb\">\n                                    <img decoding=\"async\" data-src=\"https:\/\/peru-amazonico.de\/wp-content\/uploads\/2025\/02\/20250125_Graciela-und-Rolando-e1739892026503-1024x732.jpg\" alt=\"Besuchsbericht Pucallpa &#8211; Januar 2025\" src=\"data:image\/gif;base64,R0lGODlhAQABAAAAACH5BAEKAAEALAAAAAABAAEAAAICTAEAOw==\" class=\"lazyload\" style=\"--smush-placeholder-width: 1024px; --smush-placeholder-aspect-ratio: 1024\/732;\">\n                                <\/a><!-- .elementskit-entry-thumb END -->\n                                                                                                    <div class=\"elementskit-meta-lists elementskit-style-tag\">\n                                        <div class=\"elementskit-single-meta triangle_left\"><span class=\"elementskit-meta-wraper\"><strong>18<\/strong>Feb<\/span><\/div>\n                                    <\/div>\n                                                                                            \n                                                            <div class=\"elementskit-meta-categories\">\n                                    <span class=\"elementskit-meta-wraper\">\n                                        <span><a href=\"https:\/\/peru-amazonico.de\/es\/category\/aktuelles\/\" rel=\"category tag\">Actualidad<\/a><\/span><span><a href=\"https:\/\/peru-amazonico.de\/es\/category\/projekte\/sonstige-projekte\/humanitaere-hilfe\/\" rel=\"category tag\">Ayuda humanitaria<\/a><\/span><span><a href=\"https:\/\/peru-amazonico.de\/es\/category\/projekte\/gemeinwesenentwicklung\/indigene-gemeinschaften-imiria-chauya\/\" rel=\"category tag\">Comunidades ind\u00edgenas de Imiria-Chauya<\/a><\/span>\n                                    <\/span>\n                                <\/div>\n                            \n\t\t\t\t\t\t\t\t\t\t\t\t\t<\/div><!-- .elementskit-entry-header END -->\n\n\t\t\t\t\t\t<div class=\"elementskit-post-body\">\n\t\t\t\t\t\t\t\n\t\t\t\t\t\t\t\t\t\t\t\t\t\t\t\t\t\t\t\t\t\t\t\t\t\n\t\t\t\t\t\t\t\t\n\t\t\t\t\t\t\t\t\t\t\t\t\t\t\t\t\t\t\t\t\t<h2 class=\"entry-title\">\n\t\t\t\t\t<a href=\"https:\/\/peru-amazonico.de\/es\/aktuelles\/besuchsbericht-pucallpa-januar-2025\/\">\n\t\t\t\t\t\tBesuchsbericht Pucallpa &#8211; Januar 2025\t\t\t\t\t<\/a>\n\t\t\t\t<\/h2>\n\t\t\t\t\t\t\t\t\t\t\t\t\t\t\t\t\t\t\t\t\t\t\t\t\t\t\t\t\t\t\t\t\t\t\t\t\t\t\t\t\t\t<p>Wie berichtet bereiten die Indigene F\u00f6deration FECONAU (Federaci\u00f3n de Comunidades Nativas de Ucayali y Afluentes) und Freundeskreis Peru Amazonico e.V.&hellip;<\/p>\n\t\t\t\t\t\t\t\t\t\t\t\t\t\t\t\t\t\t\t\t\t\t                                                            <div class=\"btn-wraper\">\n                                    \n                                                                            <a class=\"elementskit-btn whitespace--normal\" id=\"\" href=\"https:\/\/peru-amazonico.de\/es\/aktuelles\/besuchsbericht-pucallpa-januar-2025\/\">\n                                        \t                                            Leer m\u00e1s                                        <\/a>\n                                                                    <\/div>\n                                                    <\/div><!-- .elementskit-post-body END -->\n                    <\/div>\n                \n            <\/div>\n                <\/div>\n       <\/div>\t\t\t\t<\/div>\n\t\t\t\t<\/div>\n\t\t\t\t\t<\/div>\n\t\t\t\t<\/div>\n\t\t\t\t<\/div>","protected":false},"excerpt":{"rendered":"<p>Zusammen mit der F\u00f6deration der Indigenen Gemeinschaften von Ucayali und seinen Zufl\u00fcssen (FECONAU) startet der Freundeskreis Peru Amazonico e. V. im Dezember 2025 ein dreij\u00e4hriges Projekt zur \u201eEntwicklung indigener Dorfgemeinschaften [&hellip;]<\/p>","protected":false},"author":3,"featured_media":0,"parent":2186,"menu_order":0,"comment_status":"closed","ping_status":"closed","template":"elementor_header_footer","meta":{"footnotes":""},"class_list":["post-2213","page","type-page","status-publish","hentry"],"_links":{"self":[{"href":"https:\/\/peru-amazonico.de\/es\/wp-json\/wp\/v2\/pages\/2213","targetHints":{"allow":["GET"]}}],"collection":[{"href":"https:\/\/peru-amazonico.de\/es\/wp-json\/wp\/v2\/pages"}],"about":[{"href":"https:\/\/peru-amazonico.de\/es\/wp-json\/wp\/v2\/types\/page"}],"author":[{"embeddable":true,"href":"https:\/\/peru-amazonico.de\/es\/wp-json\/wp\/v2\/users\/3"}],"replies":[{"embeddable":true,"href":"https:\/\/peru-amazonico.de\/es\/wp-json\/wp\/v2\/comments?post=2213"}],"version-history":[{"count":10,"href":"https:\/\/peru-amazonico.de\/es\/wp-json\/wp\/v2\/pages\/2213\/revisions"}],"predecessor-version":[{"id":2320,"href":"https:\/\/peru-amazonico.de\/es\/wp-json\/wp\/v2\/pages\/2213\/revisions\/2320"}],"up":[{"embeddable":true,"href":"https:\/\/peru-amazonico.de\/es\/wp-json\/wp\/v2\/pages\/2186"}],"wp:attachment":[{"href":"https:\/\/peru-amazonico.de\/es\/wp-json\/wp\/v2\/media?parent=2213"}],"curies":[{"name":"wp","href":"https:\/\/api.w.org\/{rel}","templated":true}]}}