{"id":2223,"date":"2026-02-25T17:15:54","date_gmt":"2026-02-25T22:15:54","guid":{"rendered":"https:\/\/peru-amazonico.de\/?page_id=2223"},"modified":"2026-04-06T07:48:09","modified_gmt":"2026-04-06T12:48:09","slug":"humanitaere-hilfe","status":"publish","type":"page","link":"https:\/\/peru-amazonico.de\/es\/projekte\/sonstige-projekte\/humanitaere-hilfe\/","title":{"rendered":"Ayuda humanitaria"},"content":{"rendered":"<div data-elementor-type=\"wp-page\" data-elementor-id=\"2223\" class=\"elementor elementor-2223\" data-elementor-post-type=\"page\">\n\t\t\t\t\t\t<section class=\"elementor-section elementor-top-section elementor-element elementor-element-e3bbace elementor-section-boxed elementor-section-height-default elementor-section-height-default\" data-id=\"e3bbace\" data-element_type=\"section\" data-settings=\"{&quot;background_background&quot;:&quot;classic&quot;}\">\n\t\t\t\t\t\t\t<div class=\"elementor-background-overlay\"><\/div>\n\t\t\t\t\t\t\t<div class=\"elementor-container elementor-column-gap-default\">\n\t\t\t\t\t<div class=\"elementor-column elementor-col-100 elementor-top-column elementor-element elementor-element-03f2ddd\" data-id=\"03f2ddd\" data-element_type=\"column\" data-settings=\"{&quot;background_background&quot;:&quot;classic&quot;}\">\n\t\t\t<div class=\"elementor-widget-wrap elementor-element-populated\">\n\t\t\t\t\t\t<section class=\"elementor-section elementor-inner-section elementor-element elementor-element-588f7b7 elementor-section-boxed elementor-section-height-default elementor-section-height-default elementor-invisible\" data-id=\"588f7b7\" data-element_type=\"section\" data-settings=\"{&quot;background_background&quot;:&quot;classic&quot;,&quot;animation&quot;:&quot;zoomIn&quot;}\">\n\t\t\t\t\t\t<div class=\"elementor-container elementor-column-gap-default\">\n\t\t\t\t\t<div class=\"elementor-column elementor-col-100 elementor-inner-column elementor-element elementor-element-9d23c58\" data-id=\"9d23c58\" data-element_type=\"column\">\n\t\t\t<div class=\"elementor-widget-wrap elementor-element-populated\">\n\t\t\t\t\t\t<div class=\"elementor-element elementor-element-6b49935 animated-fast elementor-invisible elementor-widget elementor-widget-heading\" data-id=\"6b49935\" data-element_type=\"widget\" data-settings=\"{&quot;_animation&quot;:&quot;fadeInDown&quot;,&quot;_animation_delay&quot;:400}\" data-widget_type=\"heading.default\">\n\t\t\t\t<div class=\"elementor-widget-container\">\n\t\t\t\t\t<h1 class=\"elementor-heading-title elementor-size-default\">Ayuda humanitaria<\/h1>\t\t\t\t<\/div>\n\t\t\t\t<\/div>\n\t\t\t\t\t<\/div>\n\t\t<\/div>\n\t\t\t\t\t<\/div>\n\t\t<\/section>\n\t\t\t\t\t<\/div>\n\t\t<\/div>\n\t\t\t\t\t<\/div>\n\t\t<\/section>\n\t\t<div class=\"elementor-element elementor-element-7b496e8 e-flex e-con-boxed e-con e-parent\" data-id=\"7b496e8\" data-element_type=\"container\">\n\t\t\t\t\t<div class=\"e-con-inner\">\n\t\t<div class=\"elementor-element elementor-element-a44ddde e-con-full e-flex e-con e-child\" data-id=\"a44ddde\" data-element_type=\"container\">\n\t\t\t\t<div class=\"elementor-element elementor-element-76df131 elementor-widget elementor-widget-image\" data-id=\"76df131\" data-element_type=\"widget\" data-widget_type=\"image.default\">\n\t\t\t\t<div class=\"elementor-widget-container\">\n\t\t\t\t\t\t\t\t\t\t\t\t<figure class=\"wp-caption\">\n\t\t\t\t\t\t\t\t\t\t<img fetchpriority=\"high\" decoding=\"async\" width=\"239\" height=\"222\" src=\"https:\/\/peru-amazonico.de\/wp-content\/uploads\/2026\/02\/02-Hauptstrase-nach-Tununtunamba.png\" class=\"attachment-large size-large wp-image-2266\" alt=\"\" srcset=\"https:\/\/peru-amazonico.de\/wp-content\/uploads\/2026\/02\/02-Hauptstrase-nach-Tununtunamba.png 239w, https:\/\/peru-amazonico.de\/wp-content\/uploads\/2026\/02\/02-Hauptstrase-nach-Tununtunamba-13x12.png 13w\" sizes=\"(max-width: 239px) 100vw, 239px\" \/>\t\t\t\t\t\t\t\t\t\t\t<figcaption class=\"widget-image-caption wp-caption-text\">Carretera inundada hacia Tununtunamba<\/figcaption>\n\t\t\t\t\t\t\t\t\t\t<\/figure>\n\t\t\t\t\t\t\t\t\t<\/div>\n\t\t\t\t<\/div>\n\t\t\t\t<\/div>\n\t\t<div class=\"elementor-element elementor-element-6d25684 e-con-full e-flex e-con e-child\" data-id=\"6d25684\" data-element_type=\"container\">\n\t\t<div class=\"elementor-element elementor-element-fe163ac e-con-full e-flex e-con e-child\" data-id=\"fe163ac\" data-element_type=\"container\">\n\t\t\t\t<div class=\"elementor-element elementor-element-5402a46 elementor-widget elementor-widget-heading\" data-id=\"5402a46\" data-element_type=\"widget\" data-widget_type=\"heading.default\">\n\t\t\t\t<div class=\"elementor-widget-container\">\n\t\t\t\t\t<h2 class=\"elementor-heading-title elementor-size-default\">Ayuda de emergencia y proyectos peque\u00f1os<\/h2>\t\t\t\t<\/div>\n\t\t\t\t<\/div>\n\t\t\t\t<\/div>\n\t\t<div class=\"elementor-element elementor-element-6931791 e-con-full e-flex e-con e-child\" data-id=\"6931791\" data-element_type=\"container\">\n\t\t\t\t<div class=\"elementor-element elementor-element-437017a elementor-widget elementor-widget-text-editor\" data-id=\"437017a\" data-element_type=\"widget\" data-widget_type=\"text-editor.default\">\n\t\t\t\t<div class=\"elementor-widget-container\">\n\t\t\t\t\t\t\t\t\t<p>El cambio clim\u00e1tico trae consigo fen\u00f3menos clim\u00e1ticos cada vez m\u00e1s catastr\u00f3ficos. Las inundaciones, los deslizamientos de tierra y los incendios forestales y de matorrales afectan a los sectores m\u00e1s vulnerables de la poblaci\u00f3n, poniendo en peligro sus medios de subsistencia. La asociaci\u00f3n Freundeskreis Peru Amazonico e. V., junto con sus socios locales, presta ayuda de emergencia puntual y apoya peque\u00f1os proyectos mediante campa\u00f1as espec\u00edficas (de recaudaci\u00f3n de fondos).<\/p>\t\t\t\t\t\t\t\t<\/div>\n\t\t\t\t<\/div>\n\t\t\t\t<\/div>\n\t\t\t\t<\/div>\n\t\t\t\t\t<\/div>\n\t\t\t\t<\/div>\n\t\t\t\t<section class=\"elementor-section elementor-top-section elementor-element elementor-element-8488d5a elementor-section-boxed elementor-section-height-default elementor-section-height-default\" data-id=\"8488d5a\" data-element_type=\"section\">\n\t\t\t\t\t\t<div class=\"elementor-container elementor-column-gap-default\">\n\t\t\t\t\t<div class=\"elementor-column elementor-col-100 elementor-top-column elementor-element elementor-element-742b7d8\" data-id=\"742b7d8\" data-element_type=\"column\">\n\t\t\t<div class=\"elementor-widget-wrap elementor-element-populated\">\n\t\t\t\t\t\t<div class=\"elementor-element elementor-element-f694440 asd-posts elementor-widget elementor-widget-elementskit-blog-posts\" data-id=\"f694440\" data-element_type=\"widget\" data-widget_type=\"elementskit-blog-posts.default\">\n\t\t\t\t<div class=\"elementor-widget-container\">\n\t\t\t\t\t<div class=\"ekit-wid-con\" >        <div id=\"post-items--f694440\" class=\"row post-items\">\n                    <div class=\"col-lg-4 col-md-6\">\n\n                                    <div class=\"elementskit-post-image-card\">\n                        <div class=\"elementskit-entry-header\">\n                                                            <a href=\"https:\/\/peru-amazonico.de\/es\/aktuelles\/gemeinsam-resilienz-staerken-im-amazonasgebiet\/\" class=\"elementskit-entry-thumb\">\n                                    <img decoding=\"async\" data-src=\"https:\/\/peru-amazonico.de\/wp-content\/uploads\/2026\/02\/018-Ubergabe-von-Hilsgutern-fur-Nuevo-Belgica.jpg\" alt=\"Gemeinsam Resilienz st\u00e4rken im Amazonasgebiet\" src=\"data:image\/gif;base64,R0lGODlhAQABAAAAACH5BAEKAAEALAAAAAABAAEAAAICTAEAOw==\" class=\"lazyload\" style=\"--smush-placeholder-width: 610px; --smush-placeholder-aspect-ratio: 610\/343;\">\n                                <\/a><!-- .elementskit-entry-thumb END -->\n                                                                                                    <div class=\"elementskit-meta-lists elementskit-style-tag\">\n                                        <div class=\"elementskit-single-meta triangle_left\"><span class=\"elementskit-meta-wraper\"><strong>25<\/strong>Feb<\/span><\/div>\n                                    <\/div>\n                                                                                            \n                                                            <div class=\"elementskit-meta-categories\">\n                                    <span class=\"elementskit-meta-wraper\">\n                                        <span><a href=\"https:\/\/peru-amazonico.de\/es\/category\/aktuelles\/\" rel=\"category tag\">Actualidad<\/a><\/span><span><a href=\"https:\/\/peru-amazonico.de\/es\/category\/projekte\/sonstige-projekte\/humanitaere-hilfe\/\" rel=\"category tag\">Ayuda humanitaria<\/a><\/span><span><a href=\"https:\/\/peru-amazonico.de\/es\/category\/projekte\/\" rel=\"category tag\">Proyectos<\/a><\/span>\n                                    <\/span>\n                                <\/div>\n                            \n\t\t\t\t\t\t\t\t\t\t\t\t\t<\/div><!-- .elementskit-entry-header END -->\n\n\t\t\t\t\t\t<div class=\"elementskit-post-body\">\n\t\t\t\t\t\t\t\n\t\t\t\t\t\t\t\t\t\t\t\t\t\t\t\t\t\t\t\t\t\t\t\t\t\n\t\t\t\t\t\t\t\t\n\t\t\t\t\t\t\t\t\t\t\t\t\t\t\t\t\t\t\t\t\t<h2 class=\"entry-title\">\n\t\t\t\t\t<a href=\"https:\/\/peru-amazonico.de\/es\/aktuelles\/gemeinsam-resilienz-staerken-im-amazonasgebiet\/\">\n\t\t\t\t\t\tGemeinsam Resilienz st\u00e4rken im Amazonasgebiet\t\t\t\t\t<\/a>\n\t\t\t\t<\/h2>\n\t\t\t\t\t\t\t\t\t\t\t\t\t\t\t\t\t\t\t\t\t\t\t\t\t\t\t\t\t\t\t\t\t\t\t\t\t\t\t\t\t\t<p>Klimawandel, \u00dcberschwemmungen und Br\u00e4nde zerst\u00f6ren Existenzen. Vulnerable Gruppen sind am st\u00e4rksten betroffen. Unsere Unterst\u00fctzung hilft indigenen Gemeinden, ihre Lebensgrundlagen wieder&hellip;<\/p>\n\t\t\t\t\t\t\t\t\t\t\t\t\t\t\t\t\t\t\t\t\t\t                                                            <div class=\"btn-wraper\">\n                                    \n                                                                            <a class=\"elementskit-btn whitespace--normal\" id=\"\" href=\"https:\/\/peru-amazonico.de\/es\/aktuelles\/gemeinsam-resilienz-staerken-im-amazonasgebiet\/\">\n                                        \t                                            Leer m\u00e1s                                        <\/a>\n                                                                    <\/div>\n                                                    <\/div><!-- .elementskit-post-body END -->\n                    <\/div>\n                \n            <\/div>\n                    <div class=\"col-lg-4 col-md-6\">\n\n                                    <div class=\"elementskit-post-image-card\">\n                        <div class=\"elementskit-entry-header\">\n                                                            <a href=\"https:\/\/peru-amazonico.de\/es\/aktuelles\/soforthilfe-fuer-ueberschwemmungsgebiete-in-ucayali\/\" class=\"elementskit-entry-thumb\">\n                                    <img decoding=\"async\" data-src=\"https:\/\/peru-amazonico.de\/wp-content\/uploads\/2025\/06\/010-Comunidad-Nativa-Nueva-Oriente-de-Chanajao-afecto-a-40-familias.jpg\" alt=\"Soforthilfe f\u00fcr \u00dcberschwemmungsgebiete in Ucayali\" src=\"data:image\/gif;base64,R0lGODlhAQABAAAAACH5BAEKAAEALAAAAAABAAEAAAICTAEAOw==\" class=\"lazyload\" style=\"--smush-placeholder-width: 867px; --smush-placeholder-aspect-ratio: 867\/623;\">\n                                <\/a><!-- .elementskit-entry-thumb END -->\n                                                                                                    <div class=\"elementskit-meta-lists elementskit-style-tag\">\n                                        <div class=\"elementskit-single-meta triangle_left\"><span class=\"elementskit-meta-wraper\"><strong>05<\/strong>Junio<\/span><\/div>\n                                    <\/div>\n                                                                                            \n                                                            <div class=\"elementskit-meta-categories\">\n                                    <span class=\"elementskit-meta-wraper\">\n                                        <span><a href=\"https:\/\/peru-amazonico.de\/es\/category\/aktuelles\/\" rel=\"category tag\">Actualidad<\/a><\/span><span><a href=\"https:\/\/peru-amazonico.de\/es\/category\/projekte\/sonstige-projekte\/humanitaere-hilfe\/\" rel=\"category tag\">Ayuda humanitaria<\/a><\/span>\n                                    <\/span>\n                                <\/div>\n                            \n\t\t\t\t\t\t\t\t\t\t\t\t\t<\/div><!-- .elementskit-entry-header END -->\n\n\t\t\t\t\t\t<div class=\"elementskit-post-body\">\n\t\t\t\t\t\t\t\n\t\t\t\t\t\t\t\t\t\t\t\t\t\t\t\t\t\t\t\t\t\t\t\t\t\n\t\t\t\t\t\t\t\t\n\t\t\t\t\t\t\t\t\t\t\t\t\t\t\t\t\t\t\t\t\t<h2 class=\"entry-title\">\n\t\t\t\t\t<a href=\"https:\/\/peru-amazonico.de\/es\/aktuelles\/soforthilfe-fuer-ueberschwemmungsgebiete-in-ucayali\/\">\n\t\t\t\t\t\tSoforthilfe f\u00fcr \u00dcberschwemmungsgebiete in Ucayali\t\t\t\t\t<\/a>\n\t\t\t\t<\/h2>\n\t\t\t\t\t\t\t\t\t\t\t\t\t\t\t\t\t\t\t\t\t\t\t\t\t\t\t\t\t\t\t\t\t\t\t\t\t\t\t\t\t\t<p>Eindrucksvolle Bilder aus der Region Ucayali haben den Freundeskreis Peru Amazonico e.V. veranlasst eine humanit\u00e4re Soforthilfe in H\u00f6he von rd.&hellip;<\/p>\n\t\t\t\t\t\t\t\t\t\t\t\t\t\t\t\t\t\t\t\t\t\t                                                            <div class=\"btn-wraper\">\n                                    \n                                                                            <a class=\"elementskit-btn whitespace--normal\" id=\"\" href=\"https:\/\/peru-amazonico.de\/es\/aktuelles\/soforthilfe-fuer-ueberschwemmungsgebiete-in-ucayali\/\">\n                                        \t                                            Leer m\u00e1s                                        <\/a>\n                                                                    <\/div>\n                                                    <\/div><!-- .elementskit-post-body END -->\n                    <\/div>\n                \n            <\/div>\n                    <div class=\"col-lg-4 col-md-6\">\n\n                                    <div class=\"elementskit-post-image-card\">\n                        <div class=\"elementskit-entry-header\">\n                                                            <a href=\"https:\/\/peru-amazonico.de\/es\/aktuelles\/besuchsbericht-pucallpa-januar-2025\/\" class=\"elementskit-entry-thumb\">\n                                    <img decoding=\"async\" data-src=\"https:\/\/peru-amazonico.de\/wp-content\/uploads\/2025\/02\/20250125_Graciela-und-Rolando-e1739892026503-1024x732.jpg\" alt=\"Besuchsbericht Pucallpa &#8211; Januar 2025\" src=\"data:image\/gif;base64,R0lGODlhAQABAAAAACH5BAEKAAEALAAAAAABAAEAAAICTAEAOw==\" class=\"lazyload\" style=\"--smush-placeholder-width: 1024px; --smush-placeholder-aspect-ratio: 1024\/732;\">\n                                <\/a><!-- .elementskit-entry-thumb END -->\n                                                                                                    <div class=\"elementskit-meta-lists elementskit-style-tag\">\n                                        <div class=\"elementskit-single-meta triangle_left\"><span class=\"elementskit-meta-wraper\"><strong>18<\/strong>Feb<\/span><\/div>\n                                    <\/div>\n                                                                                            \n                                                            <div class=\"elementskit-meta-categories\">\n                                    <span class=\"elementskit-meta-wraper\">\n                                        <span><a href=\"https:\/\/peru-amazonico.de\/es\/category\/aktuelles\/\" rel=\"category tag\">Actualidad<\/a><\/span><span><a href=\"https:\/\/peru-amazonico.de\/es\/category\/projekte\/sonstige-projekte\/humanitaere-hilfe\/\" rel=\"category tag\">Ayuda humanitaria<\/a><\/span><span><a href=\"https:\/\/peru-amazonico.de\/es\/category\/projekte\/gemeinwesenentwicklung\/indigene-gemeinschaften-imiria-chauya\/\" rel=\"category tag\">Comunidades ind\u00edgenas de Imiria-Chauya<\/a><\/span>\n                                    <\/span>\n                                <\/div>\n                            \n\t\t\t\t\t\t\t\t\t\t\t\t\t<\/div><!-- .elementskit-entry-header END -->\n\n\t\t\t\t\t\t<div class=\"elementskit-post-body\">\n\t\t\t\t\t\t\t\n\t\t\t\t\t\t\t\t\t\t\t\t\t\t\t\t\t\t\t\t\t\t\t\t\t\n\t\t\t\t\t\t\t\t\n\t\t\t\t\t\t\t\t\t\t\t\t\t\t\t\t\t\t\t\t\t<h2 class=\"entry-title\">\n\t\t\t\t\t<a href=\"https:\/\/peru-amazonico.de\/es\/aktuelles\/besuchsbericht-pucallpa-januar-2025\/\">\n\t\t\t\t\t\tBesuchsbericht Pucallpa &#8211; Januar 2025\t\t\t\t\t<\/a>\n\t\t\t\t<\/h2>\n\t\t\t\t\t\t\t\t\t\t\t\t\t\t\t\t\t\t\t\t\t\t\t\t\t\t\t\t\t\t\t\t\t\t\t\t\t\t\t\t\t\t<p>Wie berichtet bereiten die Indigene F\u00f6deration FECONAU (Federaci\u00f3n de Comunidades Nativas de Ucayali y Afluentes) und Freundeskreis Peru Amazonico e.V.&hellip;<\/p>\n\t\t\t\t\t\t\t\t\t\t\t\t\t\t\t\t\t\t\t\t\t\t                                                            <div class=\"btn-wraper\">\n                                    \n                                                                            <a class=\"elementskit-btn whitespace--normal\" id=\"\" href=\"https:\/\/peru-amazonico.de\/es\/aktuelles\/besuchsbericht-pucallpa-januar-2025\/\">\n                                        \t                                            Leer m\u00e1s                                        <\/a>\n                                                                    <\/div>\n                                                    <\/div><!-- .elementskit-post-body END -->\n                    <\/div>\n                \n            <\/div>\n                <\/div>\n       <\/div>\t\t\t\t<\/div>\n\t\t\t\t<\/div>\n\t\t\t\t\t<\/div>\n\t\t<\/div>\n\t\t\t\t\t<\/div>\n\t\t<\/section>\n\t\t\t\t<\/div>","protected":false},"excerpt":{"rendered":"<p>\u00dcberschwemmte Stra\u00dfe nach Tununtunamba Nothilfe und Kleinprojekte Der Klimawandel bringt immer katastrophalere Klimaph\u00e4nomene mit sich. \u00dcberschwemmungen, Erdrutsche, Wald- und Buschbr\u00e4nde treffen die vulnerablen Teile der Bev\u00f6lkerung, Existenzen sind bedroht. Der [&hellip;]<\/p>","protected":false},"author":3,"featured_media":0,"parent":456,"menu_order":0,"comment_status":"closed","ping_status":"closed","template":"elementor_header_footer","meta":{"footnotes":""},"class_list":["post-2223","page","type-page","status-publish","hentry"],"_links":{"self":[{"href":"https:\/\/peru-amazonico.de\/es\/wp-json\/wp\/v2\/pages\/2223","targetHints":{"allow":["GET"]}}],"collection":[{"href":"https:\/\/peru-amazonico.de\/es\/wp-json\/wp\/v2\/pages"}],"about":[{"href":"https:\/\/peru-amazonico.de\/es\/wp-json\/wp\/v2\/types\/page"}],"author":[{"embeddable":true,"href":"https:\/\/peru-amazonico.de\/es\/wp-json\/wp\/v2\/users\/3"}],"replies":[{"embeddable":true,"href":"https:\/\/peru-amazonico.de\/es\/wp-json\/wp\/v2\/comments?post=2223"}],"version-history":[{"count":19,"href":"https:\/\/peru-amazonico.de\/es\/wp-json\/wp\/v2\/pages\/2223\/revisions"}],"predecessor-version":[{"id":2333,"href":"https:\/\/peru-amazonico.de\/es\/wp-json\/wp\/v2\/pages\/2223\/revisions\/2333"}],"up":[{"embeddable":true,"href":"https:\/\/peru-amazonico.de\/es\/wp-json\/wp\/v2\/pages\/456"}],"wp:attachment":[{"href":"https:\/\/peru-amazonico.de\/es\/wp-json\/wp\/v2\/media?parent=2223"}],"curies":[{"name":"wp","href":"https:\/\/api.w.org\/{rel}","templated":true}]}}