{"id":400,"date":"2024-02-21T18:51:25","date_gmt":"2024-02-21T23:51:25","guid":{"rendered":"https:\/\/peru-amazonico.de\/?page_id=400"},"modified":"2026-04-06T07:10:39","modified_gmt":"2026-04-06T12:10:39","slug":"aktuelles","status":"publish","type":"page","link":"https:\/\/peru-amazonico.de\/es\/aktuelles\/","title":{"rendered":"Actualidad"},"content":{"rendered":"<div data-elementor-type=\"wp-page\" data-elementor-id=\"400\" class=\"elementor elementor-400\" data-elementor-post-type=\"page\">\n\t\t\t\t\t\t<section class=\"elementor-section elementor-top-section elementor-element elementor-element-6c96f22 elementor-section-boxed elementor-section-height-default elementor-section-height-default\" data-id=\"6c96f22\" data-element_type=\"section\" data-settings=\"{&quot;background_background&quot;:&quot;classic&quot;}\">\n\t\t\t\t\t\t\t<div class=\"elementor-background-overlay\"><\/div>\n\t\t\t\t\t\t\t<div class=\"elementor-container elementor-column-gap-default\">\n\t\t\t\t\t<div class=\"elementor-column elementor-col-100 elementor-top-column elementor-element elementor-element-1cbb60f5\" data-id=\"1cbb60f5\" data-element_type=\"column\" data-settings=\"{&quot;background_background&quot;:&quot;classic&quot;}\">\n\t\t\t<div class=\"elementor-widget-wrap elementor-element-populated\">\n\t\t\t\t\t\t<section class=\"elementor-section elementor-inner-section elementor-element elementor-element-15198e88 elementor-section-boxed elementor-section-height-default elementor-section-height-default elementor-invisible\" data-id=\"15198e88\" data-element_type=\"section\" data-settings=\"{&quot;background_background&quot;:&quot;classic&quot;,&quot;animation&quot;:&quot;zoomIn&quot;}\">\n\t\t\t\t\t\t<div class=\"elementor-container elementor-column-gap-default\">\n\t\t\t\t\t<div class=\"elementor-column elementor-col-100 elementor-inner-column elementor-element elementor-element-5d8952c8\" data-id=\"5d8952c8\" data-element_type=\"column\">\n\t\t\t<div class=\"elementor-widget-wrap elementor-element-populated\">\n\t\t\t\t\t\t<div class=\"elementor-element elementor-element-206e0dd7 animated-fast elementor-invisible elementor-widget elementor-widget-heading\" data-id=\"206e0dd7\" data-element_type=\"widget\" data-settings=\"{&quot;_animation&quot;:&quot;fadeInDown&quot;,&quot;_animation_delay&quot;:400}\" data-widget_type=\"heading.default\">\n\t\t\t\t<div class=\"elementor-widget-container\">\n\t\t\t\t\t<h1 class=\"elementor-heading-title elementor-size-default\">Actualidad<\/h1>\t\t\t\t<\/div>\n\t\t\t\t<\/div>\n\t\t\t\t<div class=\"elementor-element elementor-element-b916271 elementor-widget elementor-widget-text-editor\" data-id=\"b916271\" data-element_type=\"widget\" data-widget_type=\"text-editor.default\">\n\t\t\t\t<div class=\"elementor-widget-container\">\n\t\t\t\t\t\t\t\t\t<p>Nuestras \u00faltimas publicaciones se muestran aqu\u00ed.\nLe rogamos que comprenda que, por motivos de capacidad, no podemos traducir todas las entradas al espa\u00f1ol. Por lo tanto, le invitamos a utilizar la funci\u00f3n de traducci\u00f3n de su navegador.<\/p>\t\t\t\t\t\t\t\t<\/div>\n\t\t\t\t<\/div>\n\t\t\t\t\t<\/div>\n\t\t<\/div>\n\t\t\t\t\t<\/div>\n\t\t<\/section>\n\t\t\t\t\t<\/div>\n\t\t<\/div>\n\t\t\t\t\t<\/div>\n\t\t<\/section>\n\t\t\t\t<section class=\"elementor-section elementor-top-section elementor-element elementor-element-1c6a00d8 elementor-section-boxed elementor-section-height-default elementor-section-height-default\" data-id=\"1c6a00d8\" data-element_type=\"section\">\n\t\t\t\t\t\t<div class=\"elementor-container elementor-column-gap-default\">\n\t\t\t\t\t<div class=\"elementor-column elementor-col-100 elementor-top-column elementor-element elementor-element-5e2e5a5\" data-id=\"5e2e5a5\" data-element_type=\"column\">\n\t\t\t<div class=\"elementor-widget-wrap elementor-element-populated\">\n\t\t\t\t\t\t<div class=\"elementor-element elementor-element-f5ba45c asd-posts elementor-widget elementor-widget-elementskit-blog-posts\" data-id=\"f5ba45c\" data-element_type=\"widget\" data-widget_type=\"elementskit-blog-posts.default\">\n\t\t\t\t<div class=\"elementor-widget-container\">\n\t\t\t\t\t<div class=\"ekit-wid-con\" >        <div id=\"post-items--f5ba45c\" class=\"row post-items\">\n                    <div class=\"col-lg-4 col-md-6\">\n\n                                    <div class=\"elementskit-post-image-card\">\n                        <div class=\"elementskit-entry-header\">\n                                                            <a href=\"https:\/\/peru-amazonico.de\/es\/aktuelles\/gemeinsam-resilienz-staerken-im-amazonasgebiet\/\" class=\"elementskit-entry-thumb\">\n                                    <img decoding=\"async\" data-src=\"https:\/\/peru-amazonico.de\/wp-content\/uploads\/2026\/02\/018-Ubergabe-von-Hilsgutern-fur-Nuevo-Belgica.jpg\" alt=\"Gemeinsam Resilienz st\u00e4rken im Amazonasgebiet\" src=\"data:image\/gif;base64,R0lGODlhAQABAAAAACH5BAEKAAEALAAAAAABAAEAAAICTAEAOw==\" class=\"lazyload\" style=\"--smush-placeholder-width: 610px; --smush-placeholder-aspect-ratio: 610\/343;\">\n                                <\/a><!-- .elementskit-entry-thumb END -->\n                                                                                                    <div class=\"elementskit-meta-lists elementskit-style-tag\">\n                                        <div class=\"elementskit-single-meta triangle_left\"><span class=\"elementskit-meta-wraper\"><strong>25<\/strong>Feb<\/span><\/div>\n                                    <\/div>\n                                                                                            \n                                                            <div class=\"elementskit-meta-categories\">\n                                    <span class=\"elementskit-meta-wraper\">\n                                        <span><a href=\"https:\/\/peru-amazonico.de\/es\/category\/aktuelles\/\" rel=\"category tag\">Actualidad<\/a><\/span><span><a href=\"https:\/\/peru-amazonico.de\/es\/category\/projekte\/sonstige-projekte\/humanitaere-hilfe\/\" rel=\"category tag\">Ayuda humanitaria<\/a><\/span><span><a href=\"https:\/\/peru-amazonico.de\/es\/category\/projekte\/\" rel=\"category tag\">Proyectos<\/a><\/span>\n                                    <\/span>\n                                <\/div>\n                            \n\t\t\t\t\t\t\t\t\t\t\t\t\t<\/div><!-- .elementskit-entry-header END -->\n\n\t\t\t\t\t\t<div class=\"elementskit-post-body\">\n\t\t\t\t\t\t\t\n\t\t\t\t\t\t\t\t\t\t\t\t\t\t\t\t\t\t\t\t\t\t\t\t\t\n\t\t\t\t\t\t\t\t\n\t\t\t\t\t\t\t\t\t\t\t\t\t\t\t\t\t\t\t\t\t<h2 class=\"entry-title\">\n\t\t\t\t\t<a href=\"https:\/\/peru-amazonico.de\/es\/aktuelles\/gemeinsam-resilienz-staerken-im-amazonasgebiet\/\">\n\t\t\t\t\t\tGemeinsam Resilienz st\u00e4rken im Amazonasgebiet\t\t\t\t\t<\/a>\n\t\t\t\t<\/h2>\n\t\t\t\t\t\t\t\t\t\t\t\t\t\t\t\t\t\t\t\t\t\t\t\t\t\t\t\t\t\t\t\t\t\t\t\t\t\t\t\t\t\t<p>Klimawandel, \u00dcberschwemmungen und Br\u00e4nde zerst\u00f6ren Existenzen. Vulnerable Gruppen sind am st\u00e4rksten betroffen. Unsere Unterst\u00fctzung hilft indigenen Gemeinden, ihre Lebensgrundlagen wieder&hellip;<\/p>\n\t\t\t\t\t\t\t\t\t\t\t\t\t\t\t\t\t\t\t\t\t\t                                                            <div class=\"btn-wraper\">\n                                    \n                                                                            <a class=\"elementskit-btn whitespace--normal\" id=\"\" href=\"https:\/\/peru-amazonico.de\/es\/aktuelles\/gemeinsam-resilienz-staerken-im-amazonasgebiet\/\">\n                                        \t                                            Leer m\u00e1s                                        <\/a>\n                                                                    <\/div>\n                                                    <\/div><!-- .elementskit-post-body END -->\n                    <\/div>\n                \n            <\/div>\n                    <div class=\"col-lg-4 col-md-6\">\n\n                                    <div class=\"elementskit-post-image-card\">\n                        <div class=\"elementskit-entry-header\">\n                                                            <a href=\"https:\/\/peru-amazonico.de\/es\/aktuelles\/projektstart-entwicklung-indigener-dorfgemeinschaften-im-gebiet-imiria-chauya\/\" class=\"elementskit-entry-thumb\">\n                                    <img decoding=\"async\" data-src=\"https:\/\/peru-amazonico.de\/wp-content\/uploads\/2026\/02\/020_Laguna-Imiria_9_12-2025-1024x619.jpg\" alt=\"Projektstart: Entwicklung indigener Dorfgemeinschaften im Gebiet Imir\u00eda\u2013Chauya\" src=\"data:image\/gif;base64,R0lGODlhAQABAAAAACH5BAEKAAEALAAAAAABAAEAAAICTAEAOw==\" class=\"lazyload\" style=\"--smush-placeholder-width: 1024px; --smush-placeholder-aspect-ratio: 1024\/619;\">\n                                <\/a><!-- .elementskit-entry-thumb END -->\n                                                                                                    <div class=\"elementskit-meta-lists elementskit-style-tag\">\n                                        <div class=\"elementskit-single-meta triangle_left\"><span class=\"elementskit-meta-wraper\"><strong>24<\/strong>Feb<\/span><\/div>\n                                    <\/div>\n                                                                                            \n                                                            <div class=\"elementskit-meta-categories\">\n                                    <span class=\"elementskit-meta-wraper\">\n                                        <span><a href=\"https:\/\/peru-amazonico.de\/es\/category\/aktuelles\/\" rel=\"category tag\">Actualidad<\/a><\/span><span><a href=\"https:\/\/peru-amazonico.de\/es\/category\/projekte\/gemeinwesenentwicklung\/indigene-gemeinschaften-imiria-chauya\/\" rel=\"category tag\">Comunidades ind\u00edgenas de Imiria-Chauya<\/a><\/span>\n                                    <\/span>\n                                <\/div>\n                            \n\t\t\t\t\t\t\t\t\t\t\t\t\t<\/div><!-- .elementskit-entry-header END -->\n\n\t\t\t\t\t\t<div class=\"elementskit-post-body\">\n\t\t\t\t\t\t\t\n\t\t\t\t\t\t\t\t\t\t\t\t\t\t\t\t\t\t\t\t\t\t\t\t\t\n\t\t\t\t\t\t\t\t\n\t\t\t\t\t\t\t\t\t\t\t\t\t\t\t\t\t\t\t\t\t<h2 class=\"entry-title\">\n\t\t\t\t\t<a href=\"https:\/\/peru-amazonico.de\/es\/aktuelles\/projektstart-entwicklung-indigener-dorfgemeinschaften-im-gebiet-imiria-chauya\/\">\n\t\t\t\t\t\tProjektstart: Entwicklung indigener Dorfgemeinschaften im Gebiet Imir\u00eda\u2013Chauya\t\t\t\t\t<\/a>\n\t\t\t\t<\/h2>\n\t\t\t\t\t\t\t\t\t\t\t\t\t\t\t\t\t\t\t\t\t\t\t\t\t\t\t\t\t\t\t\t\t\t\t\t\t\t\t\t\t\t<p>Zum 1. Dezember 2025 ist in der peruanischen Amazonasregion Ucayali unser Projekt \u201eEntwicklung indigener Dorfgemeinschaften und Erhalt der Fischgr\u00fcnde in&hellip;<\/p>\n\t\t\t\t\t\t\t\t\t\t\t\t\t\t\t\t\t\t\t\t\t\t                                                            <div class=\"btn-wraper\">\n                                    \n                                                                            <a class=\"elementskit-btn whitespace--normal\" id=\"\" href=\"https:\/\/peru-amazonico.de\/es\/aktuelles\/projektstart-entwicklung-indigener-dorfgemeinschaften-im-gebiet-imiria-chauya\/\">\n                                        \t                                            Leer m\u00e1s                                        <\/a>\n                                                                    <\/div>\n                                                    <\/div><!-- .elementskit-post-body END -->\n                    <\/div>\n                \n            <\/div>\n                    <div class=\"col-lg-4 col-md-6\">\n\n                                    <div class=\"elementskit-post-image-card\">\n                        <div class=\"elementskit-entry-header\">\n                                                            <a href=\"https:\/\/peru-amazonico.de\/es\/aktuelles\/projektstart-waechter-des-waldes\/\" class=\"elementskit-entry-thumb\">\n                                    <img decoding=\"async\" data-src=\"https:\/\/peru-amazonico.de\/wp-content\/uploads\/2025\/11\/012-TIWS_Start-1.jpg\" alt=\"Projektstart \u201eW\u00e4chter des Waldes\u201c\" src=\"data:image\/gif;base64,R0lGODlhAQABAAAAACH5BAEKAAEALAAAAAABAAEAAAICTAEAOw==\" class=\"lazyload\" style=\"--smush-placeholder-width: 792px; --smush-placeholder-aspect-ratio: 792\/410;\">\n                                <\/a><!-- .elementskit-entry-thumb END -->\n                                                                                                    <div class=\"elementskit-meta-lists elementskit-style-tag\">\n                                        <div class=\"elementskit-single-meta triangle_left\"><span class=\"elementskit-meta-wraper\"><strong>07<\/strong>Noviembre<\/span><\/div>\n                                    <\/div>\n                                                                                            \n                                                            <div class=\"elementskit-meta-categories\">\n                                    <span class=\"elementskit-meta-wraper\">\n                                        <span><a href=\"https:\/\/peru-amazonico.de\/es\/category\/aktuelles\/\" rel=\"category tag\">Actualidad<\/a><\/span><span><a href=\"https:\/\/peru-amazonico.de\/es\/category\/projekte\/gemeinwesenentwicklung\/technologie-beim-schutz-indigener-territorien\/\" rel=\"category tag\">La tecnolog\u00eda al servicio de la protecci\u00f3n de los territorios ind\u00edgenas<\/a><\/span>\n                                    <\/span>\n                                <\/div>\n                            \n\t\t\t\t\t\t\t\t\t\t\t\t\t<\/div><!-- .elementskit-entry-header END -->\n\n\t\t\t\t\t\t<div class=\"elementskit-post-body\">\n\t\t\t\t\t\t\t\n\t\t\t\t\t\t\t\t\t\t\t\t\t\t\t\t\t\t\t\t\t\t\t\t\t\n\t\t\t\t\t\t\t\t\n\t\t\t\t\t\t\t\t\t\t\t\t\t\t\t\t\t\t\t\t\t<h2 class=\"entry-title\">\n\t\t\t\t\t<a href=\"https:\/\/peru-amazonico.de\/es\/aktuelles\/projektstart-waechter-des-waldes\/\">\n\t\t\t\t\t\tProjektstart \u201eW\u00e4chter des Waldes\u201c\t\t\t\t\t<\/a>\n\t\t\t\t<\/h2>\n\t\t\t\t\t\t\t\t\t\t\t\t\t\t\t\t\t\t\t\t\t\t\t\t\t\t\t\t\t\t\t\t\t\t\t\t\t\t\t\t\t\t<p>Der Freundeskreis Peru Amazonico startet ein einj\u00e4hriges Projekt zur F\u00f6rderung von \u201aTechnologie im Indigenen Waldschutz\u2018. Gemeinsam mit unserem Partner, der&hellip;<\/p>\n\t\t\t\t\t\t\t\t\t\t\t\t\t\t\t\t\t\t\t\t\t\t                                                            <div class=\"btn-wraper\">\n                                    \n                                                                            <a class=\"elementskit-btn whitespace--normal\" id=\"\" href=\"https:\/\/peru-amazonico.de\/es\/aktuelles\/projektstart-waechter-des-waldes\/\">\n                                        \t                                            Leer m\u00e1s                                        <\/a>\n                                                                    <\/div>\n                                                    <\/div><!-- .elementskit-post-body END -->\n                    <\/div>\n                \n            <\/div>\n                    <div class=\"col-lg-4 col-md-6\">\n\n                                    <div class=\"elementskit-post-image-card\">\n                        <div class=\"elementskit-entry-header\">\n                                                            <a href=\"https:\/\/peru-amazonico.de\/es\/aktuelles\/ungeheuerlicher-umweltfrevel-am-yuyapichis-fluss\/\" class=\"elementskit-entry-thumb\">\n                                    <img decoding=\"async\" data-src=\"https:\/\/peru-amazonico.de\/wp-content\/uploads\/2025\/11\/011-Yuyapichis-2.jpg\" alt=\"Ungeheuerlicher Umweltfrevel am Yuyapichis Fluss\" src=\"data:image\/gif;base64,R0lGODlhAQABAAAAACH5BAEKAAEALAAAAAABAAEAAAICTAEAOw==\" class=\"lazyload\" style=\"--smush-placeholder-width: 1024px; --smush-placeholder-aspect-ratio: 1024\/576;\">\n                                <\/a><!-- .elementskit-entry-thumb END -->\n                                                                                                    <div class=\"elementskit-meta-lists elementskit-style-tag\">\n                                        <div class=\"elementskit-single-meta triangle_left\"><span class=\"elementskit-meta-wraper\"><strong>07<\/strong>Noviembre<\/span><\/div>\n                                    <\/div>\n                                                                                            \n                                                            <div class=\"elementskit-meta-categories\">\n                                    <span class=\"elementskit-meta-wraper\">\n                                        <span><a href=\"https:\/\/peru-amazonico.de\/es\/category\/aktuelles\/\" rel=\"category tag\">Actualidad<\/a><\/span><span><a href=\"https:\/\/peru-amazonico.de\/es\/category\/kultur\/amazonien\/\" rel=\"category tag\">Amazon\u00eda<\/a><\/span>\n                                    <\/span>\n                                <\/div>\n                            \n\t\t\t\t\t\t\t\t\t\t\t\t\t<\/div><!-- .elementskit-entry-header END -->\n\n\t\t\t\t\t\t<div class=\"elementskit-post-body\">\n\t\t\t\t\t\t\t\n\t\t\t\t\t\t\t\t\t\t\t\t\t\t\t\t\t\t\t\t\t\t\t\t\t\n\t\t\t\t\t\t\t\t\n\t\t\t\t\t\t\t\t\t\t\t\t\t\t\t\t\t\t\t\t\t<h2 class=\"entry-title\">\n\t\t\t\t\t<a href=\"https:\/\/peru-amazonico.de\/es\/aktuelles\/ungeheuerlicher-umweltfrevel-am-yuyapichis-fluss\/\">\n\t\t\t\t\t\tUngeheuerlicher Umweltfrevel am Yuyapichis Fluss\t\t\t\t\t<\/a>\n\t\t\t\t<\/h2>\n\t\t\t\t\t\t\t\t\t\t\t\t\t\t\t\t\t\t\t\t\t\t\t\t\t\t\t\t\t\t\t\t\t\t\t\t\t\t\t\t\t\t<p>Seit einigen Monaten haben illegale Goldsucher mit Baggern, Radladern und anderem schwerem Ger\u00e4t das Flussbett des Yuyapichis umgepfl\u00fcgt. Auf der&hellip;<\/p>\n\t\t\t\t\t\t\t\t\t\t\t\t\t\t\t\t\t\t\t\t\t\t                                                            <div class=\"btn-wraper\">\n                                    \n                                                                            <a class=\"elementskit-btn whitespace--normal\" id=\"\" href=\"https:\/\/peru-amazonico.de\/es\/aktuelles\/ungeheuerlicher-umweltfrevel-am-yuyapichis-fluss\/\">\n                                        \t                                            Leer m\u00e1s                                        <\/a>\n                                                                    <\/div>\n                                                    <\/div><!-- .elementskit-post-body END -->\n                    <\/div>\n                \n            <\/div>\n                    <div class=\"col-lg-4 col-md-6\">\n\n                                    <div class=\"elementskit-post-image-card\">\n                        <div class=\"elementskit-entry-header\">\n                                                            <a href=\"https:\/\/peru-amazonico.de\/es\/aktuelles\/mitgliederversammlung-2025-waehlt-neues-vorstandsmitglied\/\" class=\"elementskit-entry-thumb\">\n                                    <img decoding=\"async\" data-src=\"https:\/\/peru-amazonico.de\/wp-content\/uploads\/2025\/06\/20250615_121930-TN-1024x541.jpg\" alt=\"Mitgliederversammlung 2025 w\u00e4hlt neues Vorstandsmitglied\" src=\"data:image\/gif;base64,R0lGODlhAQABAAAAACH5BAEKAAEALAAAAAABAAEAAAICTAEAOw==\" class=\"lazyload\" style=\"--smush-placeholder-width: 1024px; --smush-placeholder-aspect-ratio: 1024\/541;\">\n                                <\/a><!-- .elementskit-entry-thumb END -->\n                                                                                                    <div class=\"elementskit-meta-lists elementskit-style-tag\">\n                                        <div class=\"elementskit-single-meta triangle_left\"><span class=\"elementskit-meta-wraper\"><strong>19<\/strong>Junio<\/span><\/div>\n                                    <\/div>\n                                                                                            \n                                                            <div class=\"elementskit-meta-categories\">\n                                    <span class=\"elementskit-meta-wraper\">\n                                        <span><a href=\"https:\/\/peru-amazonico.de\/es\/category\/aktuelles\/\" rel=\"category tag\">Actualidad<\/a><\/span><span><a href=\"https:\/\/peru-amazonico.de\/es\/category\/verein\/\" rel=\"category tag\">Asociaci\u00f3n<\/a><\/span>\n                                    <\/span>\n                                <\/div>\n                            \n\t\t\t\t\t\t\t\t\t\t\t\t\t<\/div><!-- .elementskit-entry-header END -->\n\n\t\t\t\t\t\t<div class=\"elementskit-post-body\">\n\t\t\t\t\t\t\t\n\t\t\t\t\t\t\t\t\t\t\t\t\t\t\t\t\t\t\t\t\t\t\t\t\t\n\t\t\t\t\t\t\t\t\n\t\t\t\t\t\t\t\t\t\t\t\t\t\t\t\t\t\t\t\t\t<h2 class=\"entry-title\">\n\t\t\t\t\t<a href=\"https:\/\/peru-amazonico.de\/es\/aktuelles\/mitgliederversammlung-2025-waehlt-neues-vorstandsmitglied\/\">\n\t\t\t\t\t\tMitgliederversammlung 2025 w\u00e4hlt neues Vorstandsmitglied\t\t\t\t\t<\/a>\n\t\t\t\t<\/h2>\n\t\t\t\t\t\t\t\t\t\t\t\t\t\t\t\t\t\t\t\t\t\t\t\t\t\t\t\t\t\t\t\t\t\t\t\t\t\t\t\t\t\t<p>Von 13. bis 15.Juni 2025 fand das diesj\u00e4hrige Jahrestreffen des Freundeskreis Peru Amazonico e.V. erneut in Witzenhausen statt. Wieder konnten&hellip;<\/p>\n\t\t\t\t\t\t\t\t\t\t\t\t\t\t\t\t\t\t\t\t\t\t                                                            <div class=\"btn-wraper\">\n                                    \n                                                                            <a class=\"elementskit-btn whitespace--normal\" id=\"\" href=\"https:\/\/peru-amazonico.de\/es\/aktuelles\/mitgliederversammlung-2025-waehlt-neues-vorstandsmitglied\/\">\n                                        \t                                            Leer m\u00e1s                                        <\/a>\n                                                                    <\/div>\n                                                    <\/div><!-- .elementskit-post-body END -->\n                    <\/div>\n                \n            <\/div>\n                    <div class=\"col-lg-4 col-md-6\">\n\n                                    <div class=\"elementskit-post-image-card\">\n                        <div class=\"elementskit-entry-header\">\n                                                            <a href=\"https:\/\/peru-amazonico.de\/es\/aktuelles\/soforthilfe-fuer-ueberschwemmungsgebiete-in-ucayali\/\" class=\"elementskit-entry-thumb\">\n                                    <img decoding=\"async\" data-src=\"https:\/\/peru-amazonico.de\/wp-content\/uploads\/2025\/06\/010-Comunidad-Nativa-Nueva-Oriente-de-Chanajao-afecto-a-40-familias.jpg\" alt=\"Soforthilfe f\u00fcr \u00dcberschwemmungsgebiete in Ucayali\" src=\"data:image\/gif;base64,R0lGODlhAQABAAAAACH5BAEKAAEALAAAAAABAAEAAAICTAEAOw==\" class=\"lazyload\" style=\"--smush-placeholder-width: 867px; --smush-placeholder-aspect-ratio: 867\/623;\">\n                                <\/a><!-- .elementskit-entry-thumb END -->\n                                                                                                    <div class=\"elementskit-meta-lists elementskit-style-tag\">\n                                        <div class=\"elementskit-single-meta triangle_left\"><span class=\"elementskit-meta-wraper\"><strong>05<\/strong>Junio<\/span><\/div>\n                                    <\/div>\n                                                                                            \n                                                            <div class=\"elementskit-meta-categories\">\n                                    <span class=\"elementskit-meta-wraper\">\n                                        <span><a href=\"https:\/\/peru-amazonico.de\/es\/category\/aktuelles\/\" rel=\"category tag\">Actualidad<\/a><\/span><span><a href=\"https:\/\/peru-amazonico.de\/es\/category\/projekte\/sonstige-projekte\/humanitaere-hilfe\/\" rel=\"category tag\">Ayuda humanitaria<\/a><\/span>\n                                    <\/span>\n                                <\/div>\n                            \n\t\t\t\t\t\t\t\t\t\t\t\t\t<\/div><!-- .elementskit-entry-header END -->\n\n\t\t\t\t\t\t<div class=\"elementskit-post-body\">\n\t\t\t\t\t\t\t\n\t\t\t\t\t\t\t\t\t\t\t\t\t\t\t\t\t\t\t\t\t\t\t\t\t\n\t\t\t\t\t\t\t\t\n\t\t\t\t\t\t\t\t\t\t\t\t\t\t\t\t\t\t\t\t\t<h2 class=\"entry-title\">\n\t\t\t\t\t<a href=\"https:\/\/peru-amazonico.de\/es\/aktuelles\/soforthilfe-fuer-ueberschwemmungsgebiete-in-ucayali\/\">\n\t\t\t\t\t\tSoforthilfe f\u00fcr \u00dcberschwemmungsgebiete in Ucayali\t\t\t\t\t<\/a>\n\t\t\t\t<\/h2>\n\t\t\t\t\t\t\t\t\t\t\t\t\t\t\t\t\t\t\t\t\t\t\t\t\t\t\t\t\t\t\t\t\t\t\t\t\t\t\t\t\t\t<p>Eindrucksvolle Bilder aus der Region Ucayali haben den Freundeskreis Peru Amazonico e.V. veranlasst eine humanit\u00e4re Soforthilfe in H\u00f6he von rd.&hellip;<\/p>\n\t\t\t\t\t\t\t\t\t\t\t\t\t\t\t\t\t\t\t\t\t\t                                                            <div class=\"btn-wraper\">\n                                    \n                                                                            <a class=\"elementskit-btn whitespace--normal\" id=\"\" href=\"https:\/\/peru-amazonico.de\/es\/aktuelles\/soforthilfe-fuer-ueberschwemmungsgebiete-in-ucayali\/\">\n                                        \t                                            Leer m\u00e1s                                        <\/a>\n                                                                    <\/div>\n                                                    <\/div><!-- .elementskit-post-body END -->\n                    <\/div>\n                \n            <\/div>\n                <\/div>\n       <\/div>\t\t\t\t<\/div>\n\t\t\t\t<\/div>\n\t\t\t\t\t<\/div>\n\t\t<\/div>\n\t\t\t\t\t<\/div>\n\t\t<\/section>\n\t\t\t\t<\/div>","protected":false},"excerpt":{"rendered":"<p>Aktuelles Hier werden unsere letzten Beitr\u00e4ge gezeigt. 25Feb. AktuellesHumanit\u00e4re HilfeProjekte Gemeinsam Resilienz st\u00e4rken im Amazonasgebiet Klimawandel, \u00dcberschwemmungen und Br\u00e4nde zerst\u00f6ren Existenzen. Vulnerable Gruppen sind am st\u00e4rksten betroffen. Unsere Unterst\u00fctzung hilft [&hellip;]<\/p>","protected":false},"author":1,"featured_media":0,"parent":0,"menu_order":0,"comment_status":"closed","ping_status":"closed","template":"elementor_header_footer","meta":{"footnotes":""},"class_list":["post-400","page","type-page","status-publish","hentry"],"_links":{"self":[{"href":"https:\/\/peru-amazonico.de\/es\/wp-json\/wp\/v2\/pages\/400","targetHints":{"allow":["GET"]}}],"collection":[{"href":"https:\/\/peru-amazonico.de\/es\/wp-json\/wp\/v2\/pages"}],"about":[{"href":"https:\/\/peru-amazonico.de\/es\/wp-json\/wp\/v2\/types\/page"}],"author":[{"embeddable":true,"href":"https:\/\/peru-amazonico.de\/es\/wp-json\/wp\/v2\/users\/1"}],"replies":[{"embeddable":true,"href":"https:\/\/peru-amazonico.de\/es\/wp-json\/wp\/v2\/comments?post=400"}],"version-history":[{"count":28,"href":"https:\/\/peru-amazonico.de\/es\/wp-json\/wp\/v2\/pages\/400\/revisions"}],"predecessor-version":[{"id":2327,"href":"https:\/\/peru-amazonico.de\/es\/wp-json\/wp\/v2\/pages\/400\/revisions\/2327"}],"wp:attachment":[{"href":"https:\/\/peru-amazonico.de\/es\/wp-json\/wp\/v2\/media?parent=400"}],"curies":[{"name":"wp","href":"https:\/\/api.w.org\/{rel}","templated":true}]}}