{"id":430,"date":"2024-02-22T08:25:37","date_gmt":"2024-02-22T13:25:37","guid":{"rendered":"https:\/\/peru-amazonico.de\/?page_id=430"},"modified":"2025-11-29T15:21:24","modified_gmt":"2025-11-29T20:21:24","slug":"netzwerk","status":"publish","type":"page","link":"https:\/\/peru-amazonico.de\/es\/netzwerk\/","title":{"rendered":"Red"},"content":{"rendered":"<div data-elementor-type=\"wp-page\" data-elementor-id=\"430\" class=\"elementor elementor-430\" data-elementor-post-type=\"page\">\n\t\t\t\t\t\t<section class=\"elementor-section elementor-top-section elementor-element elementor-element-4502048 elementor-section-boxed elementor-section-height-default elementor-section-height-default\" data-id=\"4502048\" data-element_type=\"section\" data-settings=\"{&quot;background_background&quot;:&quot;classic&quot;}\">\n\t\t\t\t\t\t\t<div class=\"elementor-background-overlay\"><\/div>\n\t\t\t\t\t\t\t<div class=\"elementor-container elementor-column-gap-default\">\n\t\t\t\t\t<div class=\"elementor-column elementor-col-100 elementor-top-column elementor-element elementor-element-8dba5d1\" data-id=\"8dba5d1\" data-element_type=\"column\" data-settings=\"{&quot;background_background&quot;:&quot;classic&quot;}\">\n\t\t\t<div class=\"elementor-widget-wrap elementor-element-populated\">\n\t\t\t\t\t\t<section class=\"elementor-section elementor-inner-section elementor-element elementor-element-9df410a elementor-section-boxed elementor-section-height-default elementor-section-height-default elementor-invisible\" data-id=\"9df410a\" data-element_type=\"section\" data-settings=\"{&quot;background_background&quot;:&quot;classic&quot;,&quot;animation&quot;:&quot;zoomIn&quot;}\">\n\t\t\t\t\t\t<div class=\"elementor-container elementor-column-gap-default\">\n\t\t\t\t\t<div class=\"elementor-column elementor-col-100 elementor-inner-column elementor-element elementor-element-2f19607\" data-id=\"2f19607\" data-element_type=\"column\">\n\t\t\t<div class=\"elementor-widget-wrap elementor-element-populated\">\n\t\t\t\t\t\t<div class=\"elementor-element elementor-element-0cdf277 animated-fast elementor-invisible elementor-widget elementor-widget-heading\" data-id=\"0cdf277\" data-element_type=\"widget\" data-settings=\"{&quot;_animation&quot;:&quot;fadeInDown&quot;,&quot;_animation_delay&quot;:400}\" data-widget_type=\"heading.default\">\n\t\t\t\t<div class=\"elementor-widget-container\">\n\t\t\t\t\t<h1 class=\"elementor-heading-title elementor-size-default\">Red<\/h1>\t\t\t\t<\/div>\n\t\t\t\t<\/div>\n\t\t\t\t\t<\/div>\n\t\t<\/div>\n\t\t\t\t\t<\/div>\n\t\t<\/section>\n\t\t\t\t\t<\/div>\n\t\t<\/div>\n\t\t\t\t\t<\/div>\n\t\t<\/section>\n\t\t\t\t<section class=\"elementor-section elementor-top-section elementor-element elementor-element-cf63926 elementor-section-content-middle elementor-section-boxed elementor-section-height-default elementor-section-height-default\" data-id=\"cf63926\" data-element_type=\"section\" data-settings=\"{&quot;background_background&quot;:&quot;classic&quot;}\">\n\t\t\t\t\t\t<div class=\"elementor-container elementor-column-gap-default\">\n\t\t\t\t\t<div class=\"elementor-column elementor-col-100 elementor-top-column elementor-element elementor-element-2a1c162 elementor-invisible\" data-id=\"2a1c162\" data-element_type=\"column\" data-settings=\"{&quot;animation&quot;:&quot;fadeInLeft&quot;}\">\n\t\t\t<div class=\"elementor-widget-wrap elementor-element-populated\">\n\t\t\t\t\t\t<div class=\"elementor-element elementor-element-a14b1a8 elementor-widget elementor-widget-text-editor\" data-id=\"a14b1a8\" data-element_type=\"widget\" data-widget_type=\"text-editor.default\">\n\t\t\t\t<div class=\"elementor-widget-container\">\n\t\t\t\t\t\t\t\t\t<p>Esta p\u00e1gina contiene enlaces que pueden ser de inter\u00e9s en relaci\u00f3n con la asociaci\u00f3n.<\/p><h4>Socios del proyecto y organizaciones con objetivos relacionados.<\/h4><p><a href=\"https:\/\/detec.org.pe\/\" target=\"_blank\" rel=\"noopener\"><strong>B<\/strong><\/a><strong><a href=\"https:\/\/www.bariwesna.org\/\" target=\"_blank\" rel=\"noopener\">ari Wesna<\/a><\/strong>\u00a0 \u00a0 \u00a0 \u00a0 \u00a0 \u00a0 \u00a0 \u00a0 \u00a0 \u00a0 \u00a0 \u00a0 \u00a0 \u00a0 \u00a0 \u00a0Ejecutor del proyecto en la regi\u00f3n amaz\u00f3nica<\/p><p><strong><a href=\"http:\/\/www.cadep.org.pe\/\" target=\"_blank\" rel=\"noopener\">CADEP<\/a><\/strong>\u00a0\u00a0 \u00a0 \u00a0 \u00a0 \u00a0 \u00a0 \u00a0 \u00a0 \u00a0 \u00a0 \u00a0 \u00a0 \u00a0 \u00a0 \u00a0 \u00a0 \u00a0 \u00a0 \u00a0 Ejecutor del proyecto en la regi\u00f3n del Cusco<\/p><p><strong><a href=\"https:\/\/www.facebook.com\/FECONAU\/\" target=\"_blank\" rel=\"noopener\">FECONAU<\/a><\/strong>\u00a0 \u00a0 \u00a0 \u00a0 \u00a0 \u00a0 \u00a0 \u00a0 \u00a0 \u00a0 \u00a0 \u00a0 \u00a0 \u00a0 \u00a0 \u00a0 \u00a0Projekttr\u00e4ger in der Region Ucayali<\/p><p><a href=\"https:\/\/www.engagement-global.de\/\" target=\"_blank\" rel=\"noopener\">Engagement Global<strong>-BENGO<\/strong><\/a>\u00a0 Proveedor de financiaci\u00f3n de proyectos del Ministerio Federal de Cooperaci\u00f3n Econ\u00f3mica y Desarrollo, BMZ<\/p><p><a href=\"https:\/\/www.sez.de\/\" target=\"_blank\" rel=\"noopener\"><strong>SEZ<\/strong><\/a>\u00a0\u00a0 \u00a0 \u00a0 \u00a0 \u00a0 \u00a0 \u00a0 \u00a0 \u00a0 \u00a0 \u00a0 \u00a0 \u00a0 \u00a0 \u00a0 \u00a0 \u00a0 \u00a0 \u00a0\u00a0\u00a0\u00a0\u00a0\u00a0\u00a0 Proveedor de financiaci\u00f3n del proyecto \u2013 Fundaci\u00f3n del Estado federado de Baden-W\u00fcrttemberg<\/p><p><strong><a href=\"https:\/\/www.giz.de\/de\/weltweit\/78803.html\" target=\"_blank\" rel=\"noopener\">GIZ\/CIM<\/a><\/strong>\u00a0\u00a0\u00a0\u00a0\u00a0\u00a0\u00a0\u00a0\u00a0\u00a0\u00a0\u00a0\u00a0\u00a0\u00a0\u00a0\u00a0\u00a0\u00a0\u00a0\u00a0\u00a0\u00a0\u00a0\u00a0\u00a0\u00a0\u00a0\u00a0\u00a0\u00a0\u00a0\u00a0\u00a0\u00a0\u00a0\u00a0 Proveedor de financiaci\u00f3n de proyectos en el programa Migraci\u00f3n y Di\u00e1spora<\/p><p><a href=\"http:\/\/www.infostelle-peru.de\/\" target=\"_blank\" rel=\"noopener\"><strong>Infostelle Peru<\/strong><\/a>\u00a0\u00a0 \u00a0 \u00a0 \u00a0 \u00a0 \u00a0 \u00a0 \u00a0 \u00a0 \u00a0\u00a0\u00a0\u00a0\u00a0\u00a0 \u00d3rgano de contacto para todas las asociaciones alemanas con foco al Per\u00fa<\/p><p><a href=\"https:\/\/www.ecoselva.org\/\"><strong>Ecoselva<\/strong><\/a>\u00a0 \u00a0 \u00a0 \u00a0 \u00a0 \u00a0 \u00a0 \u00a0 \u00a0 \u00a0 \u00a0 \u00a0 \u00a0 \u00a0 \u00a0 \u00a0 \u00a0 \u00a0 Organizaci\u00f3n de env\u00edo de voluntarios de Weltw\u00e4rts en Per\u00fa<\/p><p><a href=\"https:\/\/www.biokuka.org\/\" target=\"_blank\" rel=\"noopener\"><strong>Biokuka<\/strong><\/a><strong>\u00a0\u00a0\u00a0\u00a0\u00a0\u00a0\u00a0\u00a0\u00a0\u00a0\u00a0\u00a0\u00a0\u00a0\u00a0\u00a0\u00a0\u00a0\u00a0\u00a0\u00a0\u00a0\u00a0\u00a0\u00a0\u00a0\u00a0\u00a0\u00a0\u00a0\u00a0\u00a0\u00a0\u00a0\u00a0 <\/strong>Jard\u00edn biol\u00f3gico did\u00e1ctico cerca de Pucallpa, Ucayali, Per\u00fa<strong><br \/><\/strong><\/p><h4>Instituciones educacionales<\/h4><p><a href=\"https:\/\/tropen.uni-hohenheim.de\/\">Universidad de Hohenheim<\/a><\/p>\t\t\t\t\t\t\t\t<\/div>\n\t\t\t\t<\/div>\n\t\t\t\t\t<\/div>\n\t\t<\/div>\n\t\t\t\t\t<\/div>\n\t\t<\/section>\n\t\t\t\t<\/div>","protected":false},"excerpt":{"rendered":"<p>Diese Seite enth\u00e4lt Links, die im Zusammenhang mit dem Verein interessieren k\u00f6nnten Projektpartner und Organisationen mit verwandten Zielen Bari Wesna\u00a0 \u00a0 \u00a0 \u00a0 \u00a0 \u00a0 \u00a0 \u00a0 \u00a0 \u00a0 \u00a0 [&hellip;]<\/p>","protected":false},"author":1,"featured_media":0,"parent":0,"menu_order":0,"comment_status":"closed","ping_status":"closed","template":"elementor_header_footer","meta":{"footnotes":""},"class_list":["post-430","page","type-page","status-publish","hentry"],"_links":{"self":[{"href":"https:\/\/peru-amazonico.de\/es\/wp-json\/wp\/v2\/pages\/430","targetHints":{"allow":["GET"]}}],"collection":[{"href":"https:\/\/peru-amazonico.de\/es\/wp-json\/wp\/v2\/pages"}],"about":[{"href":"https:\/\/peru-amazonico.de\/es\/wp-json\/wp\/v2\/types\/page"}],"author":[{"embeddable":true,"href":"https:\/\/peru-amazonico.de\/es\/wp-json\/wp\/v2\/users\/1"}],"replies":[{"embeddable":true,"href":"https:\/\/peru-amazonico.de\/es\/wp-json\/wp\/v2\/comments?post=430"}],"version-history":[{"count":25,"href":"https:\/\/peru-amazonico.de\/es\/wp-json\/wp\/v2\/pages\/430\/revisions"}],"predecessor-version":[{"id":2119,"href":"https:\/\/peru-amazonico.de\/es\/wp-json\/wp\/v2\/pages\/430\/revisions\/2119"}],"wp:attachment":[{"href":"https:\/\/peru-amazonico.de\/es\/wp-json\/wp\/v2\/media?parent=430"}],"curies":[{"name":"wp","href":"https:\/\/api.w.org\/{rel}","templated":true}]}}