{"id":442,"date":"2024-02-22T08:28:00","date_gmt":"2024-02-22T13:28:00","guid":{"rendered":"https:\/\/peru-amazonico.de\/?page_id=442"},"modified":"2024-03-04T19:47:28","modified_gmt":"2024-03-05T00:47:28","slug":"satzung","status":"publish","type":"page","link":"https:\/\/peru-amazonico.de\/es\/verein\/satzung\/","title":{"rendered":"Estatutos"},"content":{"rendered":"<div data-elementor-type=\"wp-page\" data-elementor-id=\"442\" class=\"elementor elementor-442\" data-elementor-post-type=\"page\">\n\t\t\t\t\t\t<section class=\"elementor-section elementor-top-section elementor-element elementor-element-12cdd4fa elementor-section-boxed elementor-section-height-default elementor-section-height-default\" data-id=\"12cdd4fa\" data-element_type=\"section\" data-settings=\"{&quot;background_background&quot;:&quot;classic&quot;}\">\n\t\t\t\t\t\t\t<div class=\"elementor-background-overlay\"><\/div>\n\t\t\t\t\t\t\t<div class=\"elementor-container elementor-column-gap-default\">\n\t\t\t\t\t<div class=\"elementor-column elementor-col-100 elementor-top-column elementor-element elementor-element-207a6520\" data-id=\"207a6520\" data-element_type=\"column\" data-settings=\"{&quot;background_background&quot;:&quot;classic&quot;}\">\n\t\t\t<div class=\"elementor-widget-wrap elementor-element-populated\">\n\t\t\t\t\t\t<section class=\"elementor-section elementor-inner-section elementor-element elementor-element-4d02e641 elementor-section-boxed elementor-section-height-default elementor-section-height-default elementor-invisible\" data-id=\"4d02e641\" data-element_type=\"section\" data-settings=\"{&quot;background_background&quot;:&quot;classic&quot;,&quot;animation&quot;:&quot;zoomIn&quot;}\">\n\t\t\t\t\t\t<div class=\"elementor-container elementor-column-gap-default\">\n\t\t\t\t\t<div class=\"elementor-column elementor-col-100 elementor-inner-column elementor-element elementor-element-25bf4905\" data-id=\"25bf4905\" data-element_type=\"column\">\n\t\t\t<div class=\"elementor-widget-wrap elementor-element-populated\">\n\t\t\t\t\t\t<div class=\"elementor-element elementor-element-6749d078 animated-fast elementor-invisible elementor-widget elementor-widget-heading\" data-id=\"6749d078\" data-element_type=\"widget\" data-settings=\"{&quot;_animation&quot;:&quot;fadeInDown&quot;,&quot;_animation_delay&quot;:400}\" data-widget_type=\"heading.default\">\n\t\t\t\t<div class=\"elementor-widget-container\">\n\t\t\t\t\t<h1 class=\"elementor-heading-title elementor-size-default\">Estatutos<\/h1>\t\t\t\t<\/div>\n\t\t\t\t<\/div>\n\t\t\t\t<div class=\"elementor-element elementor-element-50ea94de animated-fast elementor-invisible elementor-widget elementor-widget-heading\" data-id=\"50ea94de\" data-element_type=\"widget\" data-settings=\"{&quot;_animation&quot;:&quot;fadeInUp&quot;,&quot;_animation_delay&quot;:400}\" data-widget_type=\"heading.default\">\n\t\t\t\t<div class=\"elementor-widget-container\">\n\t\t\t\t\t<h4 class=\"elementor-heading-title elementor-size-default\">Estatutos de los Amigos del Per\u00fa Amaz\u00f3nico e.V.<\/h4>\t\t\t\t<\/div>\n\t\t\t\t<\/div>\n\t\t\t\t\t<\/div>\n\t\t<\/div>\n\t\t\t\t\t<\/div>\n\t\t<\/section>\n\t\t\t\t\t<\/div>\n\t\t<\/div>\n\t\t\t\t\t<\/div>\n\t\t<\/section>\n\t\t<div class=\"elementor-element elementor-element-475fa0f e-flex e-con-boxed e-con e-parent\" data-id=\"475fa0f\" data-element_type=\"container\">\n\t\t\t\t\t<div class=\"e-con-inner\">\n\t\t\t\t<div class=\"elementor-element elementor-element-8474cd6 elementor-widget elementor-widget-text-editor\" data-id=\"8474cd6\" data-element_type=\"widget\" data-widget_type=\"text-editor.default\">\n\t\t\t\t<div class=\"elementor-widget-container\">\n\t\t\t\t\t\t\t\t\t<h3><strong>1. Nombre<\/strong><\/h3><p>La asociaci\u00f3n se llama Freundeskreis Peru Amazonico (Amigos del Per\u00fa Amaz\u00f3nico) e.V.<\/p>\t\t\t\t\t\t\t\t<\/div>\n\t\t\t\t<\/div>\n\t\t\t\t<div class=\"elementor-element elementor-element-a108628 elementor-widget elementor-widget-text-editor\" data-id=\"a108628\" data-element_type=\"widget\" data-widget_type=\"text-editor.default\">\n\t\t\t\t<div class=\"elementor-widget-container\">\n\t\t\t\t\t\t\t\t\t<h3><strong>2. Domicilio social y ejercicio econ\u00f3mico<\/strong><\/h3><p>La sede de la asociaci\u00f3n se encuentra en Unterheinriet.<\/p><p>El ejercicio econ\u00f3mico es el a\u00f1o natural.<\/p>\t\t\t\t\t\t\t\t<\/div>\n\t\t\t\t<\/div>\n\t\t\t\t<div class=\"elementor-element elementor-element-4bf2a88 elementor-widget elementor-widget-text-editor\" data-id=\"4bf2a88\" data-element_type=\"widget\" data-widget_type=\"text-editor.default\">\n\t\t\t\t<div class=\"elementor-widget-container\">\n\t\t\t\t\t\t\t\t\t<h3><strong>3. Prop\u00f3sito<\/strong><\/h3>\n(1) El objetivo de la asociaci\u00f3n es promover la cooperaci\u00f3n al desarrollo, la protecci\u00f3n del clima, la ayuda caritativa y el entendimiento internacional con el pueblo del Per\u00fa. (2) El foco de la cooperaci\u00f3n son las zonas rurales, especialmente en las regiones de Cusco, Hu\u00e1nuco, San Mart\u00edn y Ucayali. (3) Esto se hace mediante:\n<ul style=\"margin-bottom: 5px\">\n \t<li>Apoyo financiero y material para iniciativas de autoayuda sin fines de lucro, socialmente integradoras, cooperativas o similares, por ejemplo, grupos de agricultores.<\/li>\n \t<li>Asesoramiento en la resoluci\u00f3n de problemas t\u00e9cnicos principalmente agr\u00edcolas (cultivo del suelo, cosecha\/trilla, secado y almacenamiento), as\u00ed como en la transformaci\u00f3n y comercializaci\u00f3n de productos agr\u00edcolas.<\/li>\n \t<li>Asesoramiento e intercambio de experiencias en el campo de la agroforester\u00eda. Se deben utilizar m\u00e9todos agr\u00edcolas predominantemente ecol\u00f3gicos y se debe proteger la selva tropical (protecci\u00f3n del clima).<\/li>\n \t<li>Asistencia m\u00e9dica y social en casos espec\u00edficos, especialmente en las zonas de proyectos de la asociaci\u00f3n.<\/li>\n \t<li>Apoyo a escuelas y otras instituciones educativas.<\/li>\n \t<li>Promoci\u00f3n de actividades que promuevan el intercambio intelectual y cultural.<\/li>\n \t<li>Promover actividades que generen conciencia sobre las conexiones entre el Norte Global y el Sur Global.<\/li>\n<\/ul>\n(4) En sus actividades, la asociaci\u00f3n concede gran importancia a la cooperaci\u00f3n con todas las organizaciones sociales, p\u00fablicas, privadas, eclesi\u00e1sticas y cient\u00edficas que promueven el objetivo de la asociaci\u00f3n descrito en el p\u00e1rrafo (1) y pueden apoyarlas financieramente.\t\t\t\t\t\t\t\t<\/div>\n\t\t\t\t<\/div>\n\t\t\t\t<div class=\"elementor-element elementor-element-3b81358 elementor-widget elementor-widget-text-editor\" data-id=\"3b81358\" data-element_type=\"widget\" data-widget_type=\"text-editor.default\">\n\t\t\t\t<div class=\"elementor-widget-container\">\n\t\t\t\t\t\t\t\t\t<h3><strong>4. Estatus sin fines de lucro<\/strong><\/h3><p>(1) La asociaci\u00f3n opera desinteresadamente; no persigue principalmente sus propios fines econ\u00f3micos.<\/p><p>(2) Al implementar el art\u00edculo 3, la asociaci\u00f3n persigue exclusiva y directamente fines ben\u00e9ficos y sin fines de lucro en el sentido del art\u00edculo &quot;Fines fiscales privilegiados&quot; del c\u00f3digo tributario. Los fondos de la asociaci\u00f3n s\u00f3lo podr\u00e1n utilizarse para los fines establecidos por ley.<\/p><p>(3) Los miembros no reciben ning\u00fan otro beneficio de los fondos de la asociaci\u00f3n.<\/p><p>(4) Nadie podr\u00e1 beneficiarse de gastos o transacciones ajenas a los fines de la asociaci\u00f3n ni de remuneraciones desproporcionadamente elevadas.<\/p>\t\t\t\t\t\t\t\t<\/div>\n\t\t\t\t<\/div>\n\t\t\t\t<div class=\"elementor-element elementor-element-6e63975 elementor-widget elementor-widget-text-editor\" data-id=\"6e63975\" data-element_type=\"widget\" data-widget_type=\"text-editor.default\">\n\t\t\t\t<div class=\"elementor-widget-container\">\n\t\t\t\t\t\t\t\t\t<h3><strong>5. Membres\u00eda<\/strong><\/h3><p>(1) Pueden ser miembros de pleno derecho las personas f\u00edsicas que acepten los fines previstos en el apartado 3.<\/p><p>(2) Los miembros extraordinarios pueden convertirse en personas jur\u00eddicas que acepten los fines previstos en el apartado 3. Al momento de votar deber\u00e1 identificarse con el poder correspondiente.<\/p><p>(3) La solicitud de membres\u00eda debe presentarse por escrito a la junta. La junta decide sobre la solicitud de membres\u00eda por mayor\u00eda simple. Si la junta rechaza la solicitud, el solicitante puede apelar ante la junta general. \u00c9ste toma la decisi\u00f3n final por mayor\u00eda simple de votos.<\/p><p>(4) La membres\u00eda finaliza:<\/p><p>a) por declaraci\u00f3n de renuncia<br \/>b) por exclusi\u00f3n de la junta general<br \/>c) por muerte<\/p><p>(5) La exclusi\u00f3n de un miembro debido a un comportamiento perjudicial para los fines o la reputaci\u00f3n de la asociaci\u00f3n s\u00f3lo podr\u00e1 decidirse con una mayor\u00eda de 2\/3 de los votos emitidos en una asamblea general.<\/p>\t\t\t\t\t\t\t\t<\/div>\n\t\t\t\t<\/div>\n\t\t\t\t<div class=\"elementor-element elementor-element-34f2919 elementor-widget elementor-widget-text-editor\" data-id=\"34f2919\" data-element_type=\"widget\" data-widget_type=\"text-editor.default\">\n\t\t\t\t<div class=\"elementor-widget-container\">\n\t\t\t\t\t\t\t\t\t<h3><strong>6. Publicar<\/strong><\/h3><p>La cuota anual de asociaci\u00f3n la determina la asamblea general. Los socios honorarios est\u00e1n exentos de pago.<\/p>\t\t\t\t\t\t\t\t<\/div>\n\t\t\t\t<\/div>\n\t\t\t\t<div class=\"elementor-element elementor-element-9d82075 elementor-widget elementor-widget-text-editor\" data-id=\"9d82075\" data-element_type=\"widget\" data-widget_type=\"text-editor.default\">\n\t\t\t\t<div class=\"elementor-widget-container\">\n\t\t\t\t\t\t\t\t\t<h3><strong>7. \u00d3rganos<\/strong><\/h3><p>Los \u00f3rganos de la asociaci\u00f3n son:<\/p><p>a) La asamblea general (MV)<\/p><p>b) La junta directiva<\/p>\t\t\t\t\t\t\t\t<\/div>\n\t\t\t\t<\/div>\n\t\t\t\t<div class=\"elementor-element elementor-element-5fd4d5e elementor-widget elementor-widget-text-editor\" data-id=\"5fd4d5e\" data-element_type=\"widget\" data-widget_type=\"text-editor.default\">\n\t\t\t\t<div class=\"elementor-widget-container\">\n\t\t\t\t\t\t\t\t\t<h3><strong>8. Asamblea general<\/strong><\/h3><p>El m\u00e1ximo \u00f3rgano de Amigos del Per\u00fa Amaz\u00f3nico eV es la asamblea general.<\/p><p>(1) Tareas del MV:<\/p><p>a) Determinaci\u00f3n de las directrices para las actividades de la asociaci\u00f3n de conformidad con el art\u00edculo 3<\/p><p>b) Elecci\u00f3n y cese o destituci\u00f3n del consejo de administraci\u00f3n<\/p><p>c) Reconocimiento de los informes comerciales y de caja, as\u00ed como del presupuesto anual vigente.<\/p><p>d) Modificaciones de los estatutos<\/p><p>e) Exclusi\u00f3n de miembros<\/p><p>f) Determinaci\u00f3n del importe de la aportaci\u00f3n<\/p><p>g) Disoluci\u00f3n de Amigos del Per\u00fa Amaz\u00f3nico eV de conformidad con el Art\u00edculo 11<\/p><p>h) La asamblea general puede nombrar miembros de un consejo asesor que brinde apoyo consultivo al consejo.<\/p><p>i) La MV designa dos auditores por un per\u00edodo de dos a\u00f1os.<\/p><p>j) A petici\u00f3n de la junta directiva, la asociaci\u00f3n general nombra como miembros honorarios a personas que hayan demostrado un compromiso positivo con la asociaci\u00f3n.<\/p><p>(2) Convocatoria y qu\u00f3rum de la junta general<\/p><p>a) La junta general se celebrar\u00e1 al menos una vez al a\u00f1o.<\/p><p>b) La asamblea general tendr\u00e1 qu\u00f3rum si se la invita con 14 d\u00edas de antelaci\u00f3n, adjuntando el orden del d\u00eda propuesto. La asamblea general tiene qu\u00f3rum independientemente del n\u00famero de miembros presentes.<\/p><p>c) La junta general podr\u00e1 ser convocada como evento presencial, online o h\u00edbrido. En los dos \u00faltimos casos, se debe habilitar una sala de reuniones digital para miembros claramente elegibles.<\/p><p>d) Salvo disposici\u00f3n en contrario, los acuerdos se adoptan por mayor\u00eda simple de votos.<\/p><p>e) A petici\u00f3n del 20% de los socios, deber\u00e1 convocarse a asamblea general.<\/p><p>f) La asamblea general es convocada por el directorio.<\/p><p>g) Si una reuni\u00f3n no tiene qu\u00f3rum, la junta puede convocar una nueva reuni\u00f3n con el mismo orden del d\u00eda, pero no antes de que haya transcurrido un plazo de 3 semanas. Esto entonces tiene qu\u00f3rum en cualquier caso.<\/p><p>h) El acta de cada reuni\u00f3n debe ser elaborada y firmada por: quien levanta el acta, el presidente de la reuni\u00f3n y el miembro de la junta responsable de escribirla.<\/p>\t\t\t\t\t\t\t\t<\/div>\n\t\t\t\t<\/div>\n\t\t\t\t<div class=\"elementor-element elementor-element-26d03c8 elementor-widget elementor-widget-text-editor\" data-id=\"26d03c8\" data-element_type=\"widget\" data-widget_type=\"text-editor.default\">\n\t\t\t\t<div class=\"elementor-widget-container\">\n\t\t\t\t\t\t\t\t\t<h3><strong>9. Junta Directiva<\/strong><\/h3><p>(1) Composici\u00f3n y tareas<\/p><p>a) El consejo est\u00e1 formado por tres miembros iguales: presidente, vicepresidente y tesorero.<\/p><p>b) El consejo est\u00e1 obligado por los acuerdos de la junta general y gestiona los negocios diarios.<\/p><p>c) La junta directiva representa a la asociaci\u00f3n dentro y fuera de los tribunales. Cada miembro del consejo de administraci\u00f3n est\u00e1 autorizado individualmente para representar a la empresa en el sentido del art\u00edculo 26 del C\u00f3digo Civil alem\u00e1n (BGB).<\/p><p>d) El directorio deber\u00e1 dar cuenta a cada MV de sus actividades desde la MV anterior.<\/p><p>e) El consejo adopta un reglamento interno y nombra secretario a uno de sus miembros.<\/p><p>(2) Elecciones y mandatos<\/p><p>a) Los miembros del directorio son elegidos por un per\u00edodo de dos a\u00f1os. Permanecen en sus cargos despu\u00e9s de su mandato hasta nuevas elecciones. La reelecci\u00f3n es posible.<\/p><p>b) Los miembros de la junta directiva ser\u00e1n elegidos en votaciones separadas y por mayor\u00eda simple.<\/p><p>c) La exclusi\u00f3n s\u00f3lo podr\u00e1 realizarse mediante un voto de censura constructivo con 2\/3 de los votos de los miembros presentes.<\/p><p>(3) La junta realiza su trabajo de forma voluntaria. Adem\u00e1s del reembolso de los gastos de su trabajo, la junta directiva puede recibir una remuneraci\u00f3n adecuada en el marco de la tarifa fija por trabajo voluntario de conformidad con el art\u00edculo 3, n\u00famero 26a de la EStG. El MV determina el importe y la duraci\u00f3n.<\/p>\t\t\t\t\t\t\t\t<\/div>\n\t\t\t\t<\/div>\n\t\t\t\t<div class=\"elementor-element elementor-element-c7cecdd elementor-widget elementor-widget-text-editor\" data-id=\"c7cecdd\" data-element_type=\"widget\" data-widget_type=\"text-editor.default\">\n\t\t\t\t<div class=\"elementor-widget-container\">\n\t\t\t\t\t\t\t\t\t<h3><strong>10. Modificaciones de los estatutos<\/strong><\/h3><p>(1) Las solicitudes de modificaci\u00f3n de los estatutos deber\u00e1n presentarse por escrito a la junta.<\/p><p>(2) Las solicitudes de modificaci\u00f3n de los estatutos deber\u00e1n anunciarse a todos los miembros mediante una invitaci\u00f3n a la asamblea general.<\/p><p>(3) Para modificar los estatutos se requiere una mayor\u00eda de 2\/3 de los miembros presentes.<\/p><p>(4) La junta directiva puede ejecutar las solicitudes de modificaci\u00f3n de los estatutos presentadas directamente por la oficina tributaria o el tribunal local, debiendo informar inmediatamente a sus miembros.<\/p>\t\t\t\t\t\t\t\t<\/div>\n\t\t\t\t<\/div>\n\t\t\t\t<div class=\"elementor-element elementor-element-a65f9bc elementor-widget elementor-widget-text-editor\" data-id=\"a65f9bc\" data-element_type=\"widget\" data-widget_type=\"text-editor.default\">\n\t\t\t\t<div class=\"elementor-widget-container\">\n\t\t\t\t\t\t\t\t\t<h3><strong>11. Resoluci\u00f3n<\/strong><\/h3><p>(1) La disoluci\u00f3n de Amigos del Per\u00fa Amaz\u00f3nico eV requiere una mayor\u00eda de 2\/3 de todos los miembros.<\/p><p>(2) Si la asociaci\u00f3n se disuelve o si el objeto fiscalmente privilegiado deja de existir, el patrimonio de la asociaci\u00f3n se acumular\u00e1 en partes iguales:<\/p><ul><li>Infostelle Peru eV, Friburgo<\/li><li>pan para el mundo<\/li><li>Misereor, Aquisgr\u00e1n<\/li><\/ul><p>que tienen que utilizarlo directa y exclusivamente con fines ben\u00e9ficos.<\/p>\t\t\t\t\t\t\t\t<\/div>\n\t\t\t\t<\/div>\n\t\t\t\t\t<\/div>\n\t\t\t\t<\/div>\n\t\t\t\t<section class=\"elementor-section elementor-top-section elementor-element elementor-element-4fdf1793 elementor-section-boxed elementor-section-height-default elementor-section-height-default\" data-id=\"4fdf1793\" data-element_type=\"section\" data-settings=\"{&quot;background_background&quot;:&quot;classic&quot;}\">\n\t\t\t\t\t\t\t<div class=\"elementor-background-overlay\"><\/div>\n\t\t\t\t\t\t\t<div class=\"elementor-container elementor-column-gap-default\">\n\t\t\t\t\t<div class=\"elementor-column elementor-col-100 elementor-top-column elementor-element elementor-element-1e387334 elementor-invisible\" data-id=\"1e387334\" data-element_type=\"column\" data-settings=\"{&quot;animation&quot;:&quot;fadeInUp&quot;}\">\n\t\t\t<div class=\"elementor-widget-wrap elementor-element-populated\">\n\t\t\t\t\t\t<div class=\"elementor-element elementor-element-1d2fb38a elementor-widget elementor-widget-heading\" data-id=\"1d2fb38a\" data-element_type=\"widget\" data-widget_type=\"heading.default\">\n\t\t\t\t<div class=\"elementor-widget-container\">\n\t\t\t\t\t<h2 class=\"elementor-heading-title elementor-size-default\">\u00a1Conserva el milagro!<\/h2>\t\t\t\t<\/div>\n\t\t\t\t<\/div>\n\t\t\t\t<div class=\"elementor-element elementor-element-5875aa1 elementor-widget elementor-widget-text-editor\" data-id=\"5875aa1\" data-element_type=\"widget\" data-widget_type=\"text-editor.default\">\n\t\t\t\t<div class=\"elementor-widget-container\">\n\t\t\t\t\t\t\t\t\t<p>\u00danete a nosotros en Peru-Amazonico.de y forma parte de la conservaci\u00f3n de la majestuosa Amazon\u00eda peruana\".<\/p>\t\t\t\t\t\t\t\t<\/div>\n\t\t\t\t<\/div>\n\t\t\t\t<div class=\"elementor-element elementor-element-4eef9521 elementor-align-center asd-donate elementor-widget elementor-widget-button\" data-id=\"4eef9521\" data-element_type=\"widget\" data-widget_type=\"button.default\">\n\t\t\t\t<div class=\"elementor-widget-container\">\n\t\t\t\t\t\t\t\t\t<div class=\"elementor-button-wrapper\">\n\t\t\t\t\t<a class=\"elementor-button elementor-button-link elementor-size-md\" href=\"#donate-popup\">\n\t\t\t\t\t\t<span class=\"elementor-button-content-wrapper\">\n\t\t\t\t\t\t\t\t\t<span class=\"elementor-button-text\">Donar<\/span>\n\t\t\t\t\t<\/span>\n\t\t\t\t\t<\/a>\n\t\t\t\t<\/div>\n\t\t\t\t\t\t\t\t<\/div>\n\t\t\t\t<\/div>\n\t\t\t\t\t<\/div>\n\t\t<\/div>\n\t\t\t\t\t<\/div>\n\t\t<\/section>\n\t\t\t\t<\/div>","protected":false},"excerpt":{"rendered":"<p>Satzung des Freundeskreises Peru Amazonico e.V. 1. Name Der Verein nennt sich Freundeskreis Peru\u00a0Amazonico\u00a0e.V. 2. Sitz und Gesch\u00e4ftsjahr Sitz des Vereins ist\u00a0Unterheinriet Das Gesch\u00e4ftsjahr ist das Kalenderjahr 3. Zweck (1)\u00a0\u00a0\u00a0\u00a0\u00a0 [&hellip;]<\/p>","protected":false},"author":1,"featured_media":0,"parent":422,"menu_order":0,"comment_status":"closed","ping_status":"closed","template":"elementor_header_footer","meta":{"footnotes":""},"class_list":["post-442","page","type-page","status-publish","hentry"],"_links":{"self":[{"href":"https:\/\/peru-amazonico.de\/es\/wp-json\/wp\/v2\/pages\/442","targetHints":{"allow":["GET"]}}],"collection":[{"href":"https:\/\/peru-amazonico.de\/es\/wp-json\/wp\/v2\/pages"}],"about":[{"href":"https:\/\/peru-amazonico.de\/es\/wp-json\/wp\/v2\/types\/page"}],"author":[{"embeddable":true,"href":"https:\/\/peru-amazonico.de\/es\/wp-json\/wp\/v2\/users\/1"}],"replies":[{"embeddable":true,"href":"https:\/\/peru-amazonico.de\/es\/wp-json\/wp\/v2\/comments?post=442"}],"version-history":[{"count":25,"href":"https:\/\/peru-amazonico.de\/es\/wp-json\/wp\/v2\/pages\/442\/revisions"}],"predecessor-version":[{"id":1419,"href":"https:\/\/peru-amazonico.de\/es\/wp-json\/wp\/v2\/pages\/442\/revisions\/1419"}],"up":[{"embeddable":true,"href":"https:\/\/peru-amazonico.de\/es\/wp-json\/wp\/v2\/pages\/422"}],"wp:attachment":[{"href":"https:\/\/peru-amazonico.de\/es\/wp-json\/wp\/v2\/media?parent=442"}],"curies":[{"name":"wp","href":"https:\/\/api.w.org\/{rel}","templated":true}]}}