{"id":452,"date":"2024-02-22T08:46:45","date_gmt":"2024-02-22T13:46:45","guid":{"rendered":"https:\/\/peru-amazonico.de\/?page_id=452"},"modified":"2026-04-06T07:46:13","modified_gmt":"2026-04-06T12:46:13","slug":"queros","status":"publish","type":"page","link":"https:\/\/peru-amazonico.de\/es\/projekte\/queros\/","title":{"rendered":"Queros"},"content":{"rendered":"<div data-elementor-type=\"wp-page\" data-elementor-id=\"452\" class=\"elementor elementor-452\" data-elementor-post-type=\"page\">\n\t\t\t\t\t\t<section class=\"elementor-section elementor-top-section elementor-element elementor-element-729aef0 elementor-section-boxed elementor-section-height-default elementor-section-height-default\" data-id=\"729aef0\" data-element_type=\"section\" data-settings=\"{&quot;background_background&quot;:&quot;classic&quot;}\">\n\t\t\t\t\t\t\t<div class=\"elementor-background-overlay\"><\/div>\n\t\t\t\t\t\t\t<div class=\"elementor-container elementor-column-gap-default\">\n\t\t\t\t\t<div class=\"elementor-column elementor-col-100 elementor-top-column elementor-element elementor-element-e26c061\" data-id=\"e26c061\" data-element_type=\"column\" data-settings=\"{&quot;background_background&quot;:&quot;classic&quot;}\">\n\t\t\t<div class=\"elementor-widget-wrap elementor-element-populated\">\n\t\t\t\t\t\t<section class=\"elementor-section elementor-inner-section elementor-element elementor-element-3d923f5 elementor-section-boxed elementor-section-height-default elementor-section-height-default elementor-invisible\" data-id=\"3d923f5\" data-element_type=\"section\" data-settings=\"{&quot;background_background&quot;:&quot;classic&quot;,&quot;animation&quot;:&quot;zoomIn&quot;}\">\n\t\t\t\t\t\t<div class=\"elementor-container elementor-column-gap-default\">\n\t\t\t\t\t<div class=\"elementor-column elementor-col-100 elementor-inner-column elementor-element elementor-element-2b66abe\" data-id=\"2b66abe\" data-element_type=\"column\">\n\t\t\t<div class=\"elementor-widget-wrap elementor-element-populated\">\n\t\t\t\t\t\t<div class=\"elementor-element elementor-element-880f993 animated-fast elementor-invisible elementor-widget elementor-widget-heading\" data-id=\"880f993\" data-element_type=\"widget\" data-settings=\"{&quot;_animation&quot;:&quot;fadeInDown&quot;,&quot;_animation_delay&quot;:400}\" data-widget_type=\"heading.default\">\n\t\t\t\t<div class=\"elementor-widget-container\">\n\t\t\t\t\t<h1 class=\"elementor-heading-title elementor-size-default\">Queros<\/h1>\t\t\t\t<\/div>\n\t\t\t\t<\/div>\n\t\t\t\t<div class=\"elementor-element elementor-element-0d6a7b5 elementor-widget elementor-widget-text-editor\" data-id=\"0d6a7b5\" data-element_type=\"widget\" data-widget_type=\"text-editor.default\">\n\t\t\t\t<div class=\"elementor-widget-container\">\n\t\t\t\t\t\t\t\t\t<p>Naci\u00f3n ind\u00edgena \u201cQueros\u201d \u2013 mejorando las condiciones de vida<\/p>\t\t\t\t\t\t\t\t<\/div>\n\t\t\t\t<\/div>\n\t\t\t\t\t<\/div>\n\t\t<\/div>\n\t\t\t\t\t<\/div>\n\t\t<\/section>\n\t\t\t\t\t<\/div>\n\t\t<\/div>\n\t\t\t\t\t<\/div>\n\t\t<\/section>\n\t\t\t\t<section class=\"elementor-section elementor-top-section elementor-element elementor-element-5944388 elementor-section-content-middle elementor-reverse-tablet elementor-reverse-mobile elementor-section-boxed elementor-section-height-default elementor-section-height-default\" data-id=\"5944388\" data-element_type=\"section\" data-settings=\"{&quot;background_background&quot;:&quot;classic&quot;}\">\n\t\t\t\t\t\t\t<div class=\"elementor-background-overlay\"><\/div>\n\t\t\t\t\t\t\t<div class=\"elementor-container elementor-column-gap-default\">\n\t\t\t\t\t<div class=\"elementor-column elementor-col-50 elementor-top-column elementor-element elementor-element-09a9822 elementor-invisible\" data-id=\"09a9822\" data-element_type=\"column\" data-settings=\"{&quot;animation&quot;:&quot;fadeInLeft&quot;}\">\n\t\t\t<div class=\"elementor-widget-wrap elementor-element-populated\">\n\t\t\t\t\t\t<div class=\"elementor-element elementor-element-f15248d elementor-widget elementor-widget-text-editor\" data-id=\"f15248d\" data-element_type=\"widget\" data-widget_type=\"text-editor.default\">\n\t\t\t\t<div class=\"elementor-widget-container\">\n\t\t\t\t\t\t\t\t\t<p>Desde principios de 2017, Amigos del Per\u00fa Amaz\u00f3nico eV ha abierto una nueva \u00e1rea de proyectos por sugerencia de Yenny. En la regi\u00f3n del Cusco, la naci\u00f3n ind\u00edgena de\u00a0<strong>\u201cQueros\u201d<\/strong>\u00a0soportes. Por un lado, se trata de tecnolog\u00eda, mejora de las condiciones higi\u00e9nicas y de vida, promoci\u00f3n de la educaci\u00f3n local, lucha contra la anemia y adaptaci\u00f3n al cambio clim\u00e1tico. Los proyectos encajan maravillosamente en la tradici\u00f3n de nuestros objetivos. En su remota regi\u00f3n altoandina (por encima de los 4.500 m sobre el nivel del mar), los Queros han sido excluidos de muchas maneras del acceso a la satisfacci\u00f3n de las necesidades humanas b\u00e1sicas durante d\u00e9cadas. En lo econ\u00f3mico, en lo sanitario y en lo tecnol\u00f3gico, est\u00e1n por detr\u00e1s. Con la ayuda de nuestro proyecto queremos mejorar sus condiciones de vida y ayudarles a mantener el orgullo por su propia cultura.<\/p><p>Las medidas no las idean s\u00f3lo los miembros de nuestra asociaci\u00f3n. En Los Queros trabajamos con una organizaci\u00f3n no gubernamental peruana que conoce los deseos y necesidades de los Queros, puede articularlos y ya tiene mucha experiencia en proyectos similares. Es &quot;<a title=\"CADEP\" href=\"https:\/\/www.cadep.org.pe\/\" target=\"_blank\" rel=\"noopener\">CADEP<\/a>&quot;,\u00a0<strong>\u201cCentro Andino de Educaci\u00f3n y Promoci\u00f3n, Jos\u00e9 Mar\u00eda Arguedas\u201d<\/strong>.<\/p>\t\t\t\t\t\t\t\t<\/div>\n\t\t\t\t<\/div>\n\t\t\t\t\t<\/div>\n\t\t<\/div>\n\t\t\t\t<div class=\"elementor-column elementor-col-50 elementor-top-column elementor-element elementor-element-c39895f elementor-invisible\" data-id=\"c39895f\" data-element_type=\"column\" data-settings=\"{&quot;animation&quot;:&quot;fadeInRight&quot;}\">\n\t\t\t<div class=\"elementor-widget-wrap elementor-element-populated\">\n\t\t\t\t\t\t<div class=\"elementor-element elementor-element-681637f elementor-widget elementor-widget-image\" data-id=\"681637f\" data-element_type=\"widget\" data-widget_type=\"image.default\">\n\t\t\t\t<div class=\"elementor-widget-container\">\n\t\t\t\t\t\t\t\t\t\t\t\t\t\t\t<img fetchpriority=\"high\" decoding=\"async\" width=\"768\" height=\"576\" src=\"https:\/\/peru-amazonico.de\/wp-content\/uploads\/2024\/03\/Oscar_Samwel_visiting_Qeros_in_2005-768x576.jpg\" class=\"attachment-medium_large size-medium_large wp-image-1471\" alt=\"\" srcset=\"https:\/\/peru-amazonico.de\/wp-content\/uploads\/2024\/03\/Oscar_Samwel_visiting_Qeros_in_2005-768x576.jpg 768w, https:\/\/peru-amazonico.de\/wp-content\/uploads\/2024\/03\/Oscar_Samwel_visiting_Qeros_in_2005-300x225.jpg 300w, https:\/\/peru-amazonico.de\/wp-content\/uploads\/2024\/03\/Oscar_Samwel_visiting_Qeros_in_2005-1024x768.jpg 1024w, https:\/\/peru-amazonico.de\/wp-content\/uploads\/2024\/03\/Oscar_Samwel_visiting_Qeros_in_2005-16x12.jpg 16w, https:\/\/peru-amazonico.de\/wp-content\/uploads\/2024\/03\/Oscar_Samwel_visiting_Qeros_in_2005.jpg 1280w\" sizes=\"(max-width: 768px) 100vw, 768px\" \/>\t\t\t\t\t\t\t\t\t\t\t\t\t\t\t<\/div>\n\t\t\t\t<\/div>\n\t\t\t\t\t<\/div>\n\t\t<\/div>\n\t\t\t\t\t<\/div>\n\t\t<\/section>\n\t\t\t\t<section class=\"elementor-section elementor-top-section elementor-element elementor-element-ef55418 elementor-section-boxed elementor-section-height-default elementor-section-height-default\" data-id=\"ef55418\" data-element_type=\"section\">\n\t\t\t\t\t\t<div class=\"elementor-container elementor-column-gap-default\">\n\t\t\t\t\t<div class=\"elementor-column elementor-col-100 elementor-top-column elementor-element elementor-element-9870e6a\" data-id=\"9870e6a\" data-element_type=\"column\">\n\t\t\t<div class=\"elementor-widget-wrap elementor-element-populated\">\n\t\t\t\t\t\t<div class=\"elementor-element elementor-element-e6edcb2 asd-posts elementor-widget elementor-widget-elementskit-blog-posts\" data-id=\"e6edcb2\" data-element_type=\"widget\" data-widget_type=\"elementskit-blog-posts.default\">\n\t\t\t\t<div class=\"elementor-widget-container\">\n\t\t\t\t\t<div class=\"ekit-wid-con\" >        <div id=\"post-items--e6edcb2\" class=\"row post-items\">\n                    <div class=\"col-lg-4 col-md-6\">\n\n                                    <div class=\"elementskit-post-image-card\">\n                        <div class=\"elementskit-entry-header\">\n                                                            <a href=\"https:\/\/peru-amazonico.de\/es\/projekte\/queros\/projekt-wissensaustausch-zur-bekampfung-unter-und-fehlernahrung-abgeschlossen\/\" class=\"elementskit-entry-thumb\">\n                                    <img decoding=\"async\" data-src=\"https:\/\/peru-amazonico.de\/wp-content\/uploads\/2024\/02\/2020-3-10-CIM-Projektabschluss.jpg\" alt=\"Projekt Wissensaustausch zur Bek\u00e4mpfung Unter- und Fehlern\u00e4hrung abgeschlossen\" src=\"data:image\/gif;base64,R0lGODlhAQABAAAAACH5BAEKAAEALAAAAAABAAEAAAICTAEAOw==\" class=\"lazyload\" style=\"--smush-placeholder-width: 1024px; --smush-placeholder-aspect-ratio: 1024\/683;\">\n                                <\/a><!-- .elementskit-entry-thumb END -->\n                                                                                                    <div class=\"elementskit-meta-lists elementskit-style-tag\">\n                                        <div class=\"elementskit-single-meta triangle_left\"><span class=\"elementskit-meta-wraper\"><strong>17<\/strong>May<\/span><\/div>\n                                    <\/div>\n                                                                                            \n                                                            <div class=\"elementskit-meta-categories\">\n                                    <span class=\"elementskit-meta-wraper\">\n                                        <span><a href=\"https:\/\/peru-amazonico.de\/es\/category\/projekte\/queros\/\" rel=\"category tag\">Queros<\/a><\/span>\n                                    <\/span>\n                                <\/div>\n                            \n\t\t\t\t\t\t\t\t\t\t\t\t\t<\/div><!-- .elementskit-entry-header END -->\n\n\t\t\t\t\t\t<div class=\"elementskit-post-body\">\n\t\t\t\t\t\t\t\n\t\t\t\t\t\t\t\t\t\t\t\t\t\t\t\t\t\t\t\t\t\t\t\t\t\n\t\t\t\t\t\t\t\t\n\t\t\t\t\t\t\t\t\t\t\t\t\t\t\t\t\t\t\t\t\t<h2 class=\"entry-title\">\n\t\t\t\t\t<a href=\"https:\/\/peru-amazonico.de\/es\/projekte\/queros\/projekt-wissensaustausch-zur-bekampfung-unter-und-fehlernahrung-abgeschlossen\/\">\n\t\t\t\t\t\tFinalizado proyecto de intercambio de conocimientos para combatir la desnutrici\u00f3n\t\t\t\t\t<\/a>\n\t\t\t\t<\/h2>\n\t\t\t\t\t\t\t\t\t\t\t\t\t\t\t\t\t\t\t\t\t\t\t\t\t\t\t\t\t\t\t\t\t\t\t\t\t\t\t\t\t\t<p>In einer hybriden Abschlussveranstaltung am 10. M\u00e4rz in Cusco wurde unser Wissensaustausch-Projekt, das seit 12 Monaten im Queros-Andendorf, Chua Chua,&hellip;<\/p>\n\t\t\t\t\t\t\t\t\t\t\t\t\t\t\t\t\t\t\t\t\t\t                                                            <div class=\"btn-wraper\">\n                                    \n                                                                            <a class=\"elementskit-btn whitespace--normal\" id=\"\" href=\"https:\/\/peru-amazonico.de\/es\/projekte\/queros\/projekt-wissensaustausch-zur-bekampfung-unter-und-fehlernahrung-abgeschlossen\/\">\n                                        \t                                            Leer m\u00e1s                                        <\/a>\n                                                                    <\/div>\n                                                    <\/div><!-- .elementskit-post-body END -->\n                    <\/div>\n                \n            <\/div>\n                    <div class=\"col-lg-4 col-md-6\">\n\n                                    <div class=\"elementskit-post-image-card\">\n                        <div class=\"elementskit-entry-header\">\n                                                            <a href=\"https:\/\/peru-amazonico.de\/es\/projekte\/queros\/alberto-challa-zeigt-uns-sein-neues-haus-in-tandana-queros\/\" class=\"elementskit-entry-thumb\">\n                                    <img decoding=\"async\" data-src=\"https:\/\/peru-amazonico.de\/wp-content\/uploads\/2024\/02\/ALBERTO-CHALLA_QuerosIII.png\" alt=\"Alberto Challa zeigt uns sein neues Haus in Tanda\u00f1a, Queros\" src=\"data:image\/gif;base64,R0lGODlhAQABAAAAACH5BAEKAAEALAAAAAABAAEAAAICTAEAOw==\" class=\"lazyload\" style=\"--smush-placeholder-width: 1024px; --smush-placeholder-aspect-ratio: 1024\/576;\">\n                                <\/a><!-- .elementskit-entry-thumb END -->\n                                                                                                    <div class=\"elementskit-meta-lists elementskit-style-tag\">\n                                        <div class=\"elementskit-single-meta triangle_left\"><span class=\"elementskit-meta-wraper\"><strong>23<\/strong>Feb<\/span><\/div>\n                                    <\/div>\n                                                                                            \n                                                            <div class=\"elementskit-meta-categories\">\n                                    <span class=\"elementskit-meta-wraper\">\n                                        <span><a href=\"https:\/\/peru-amazonico.de\/es\/category\/projekte\/queros\/\" rel=\"category tag\">Queros<\/a><\/span>\n                                    <\/span>\n                                <\/div>\n                            \n\t\t\t\t\t\t\t\t\t\t\t\t\t<\/div><!-- .elementskit-entry-header END -->\n\n\t\t\t\t\t\t<div class=\"elementskit-post-body\">\n\t\t\t\t\t\t\t\n\t\t\t\t\t\t\t\t\t\t\t\t\t\t\t\t\t\t\t\t\t\t\t\t\t\n\t\t\t\t\t\t\t\t\n\t\t\t\t\t\t\t\t\t\t\t\t\t\t\t\t\t\t\t\t\t<h2 class=\"entry-title\">\n\t\t\t\t\t<a href=\"https:\/\/peru-amazonico.de\/es\/projekte\/queros\/alberto-challa-zeigt-uns-sein-neues-haus-in-tandana-queros\/\">\n\t\t\t\t\t\tAlberto Challa nos muestra su nueva casa en Tanda\u00f1a, Queros\t\t\t\t\t<\/a>\n\t\t\t\t<\/h2>\n\t\t\t\t\t\t\t\t\t\t\t\t\t\t\t\t\t\t\t\t\t\t\t\t\t\t\t\t\t\t\t\t\t\t\t\t\t\t\t\t\t\t<p>Mit einem gewissen Stolz f\u00fchrt uns Alberto Challa durch sein Haus mit angeschlossenem Gew\u00e4chshaus, in dem seine Frau das Gem\u00fcse&hellip;<\/p>\n\t\t\t\t\t\t\t\t\t\t\t\t\t\t\t\t\t\t\t\t\t\t                                                            <div class=\"btn-wraper\">\n                                    \n                                                                            <a class=\"elementskit-btn whitespace--normal\" id=\"\" href=\"https:\/\/peru-amazonico.de\/es\/projekte\/queros\/alberto-challa-zeigt-uns-sein-neues-haus-in-tandana-queros\/\">\n                                        \t                                            Leer m\u00e1s                                        <\/a>\n                                                                    <\/div>\n                                                    <\/div><!-- .elementskit-post-body END -->\n                    <\/div>\n                \n            <\/div>\n                    <div class=\"col-lg-4 col-md-6\">\n\n                                    <div class=\"elementskit-post-image-card\">\n                        <div class=\"elementskit-entry-header\">\n                                                            <a href=\"https:\/\/peru-amazonico.de\/es\/projekte\/queros\/projekt-zur-bekampfung-von-unter-und-mangelernahrung-in-chua-chua-queros-endet\/\" class=\"elementskit-entry-thumb\">\n                                    <img decoding=\"async\" data-src=\"https:\/\/peru-amazonico.de\/wp-content\/uploads\/2024\/02\/CENTRO-DE-HAMPEQ-RUNAS-COMUNIDAD-CHUA-CHUA.jpg\" alt=\"Projekt zur Bek\u00e4mpfung von Unter- und Mangelern\u00e4hrung in Chua Chua (Queros) endet\" src=\"data:image\/gif;base64,R0lGODlhAQABAAAAACH5BAEKAAEALAAAAAABAAEAAAICTAEAOw==\" class=\"lazyload\" style=\"--smush-placeholder-width: 589px; --smush-placeholder-aspect-ratio: 589\/415;\">\n                                <\/a><!-- .elementskit-entry-thumb END -->\n                                                                                                    <div class=\"elementskit-meta-lists elementskit-style-tag\">\n                                        <div class=\"elementskit-single-meta triangle_left\"><span class=\"elementskit-meta-wraper\"><strong>19<\/strong>Feb<\/span><\/div>\n                                    <\/div>\n                                                                                            \n                                                            <div class=\"elementskit-meta-categories\">\n                                    <span class=\"elementskit-meta-wraper\">\n                                        <span><a href=\"https:\/\/peru-amazonico.de\/es\/category\/projekte\/queros\/\" rel=\"category tag\">Queros<\/a><\/span>\n                                    <\/span>\n                                <\/div>\n                            \n\t\t\t\t\t\t\t\t\t\t\t\t\t<\/div><!-- .elementskit-entry-header END -->\n\n\t\t\t\t\t\t<div class=\"elementskit-post-body\">\n\t\t\t\t\t\t\t\n\t\t\t\t\t\t\t\t\t\t\t\t\t\t\t\t\t\t\t\t\t\t\t\t\t\n\t\t\t\t\t\t\t\t\n\t\t\t\t\t\t\t\t\t\t\t\t\t\t\t\t\t\t\t\t\t<h2 class=\"entry-title\">\n\t\t\t\t\t<a href=\"https:\/\/peru-amazonico.de\/es\/projekte\/queros\/projekt-zur-bekampfung-von-unter-und-mangelernahrung-in-chua-chua-queros-endet\/\">\n\t\t\t\t\t\tFinaliza proyecto para combatir la desnutrici\u00f3n en Chua Chua (Queros)\t\t\t\t\t<\/a>\n\t\t\t\t<\/h2>\n\t\t\t\t\t\t\t\t\t\t\t\t\t\t\t\t\t\t\t\t\t\t\t\t\t\t\t\t\t\t\t\t\t\t\t\t\t\t\t\t\t\t<p>Die Bev\u00f6lkerung der indigenen Gemeinde Chua Chua, die zur &#8222;Nation Queros&#8220; geh\u00f6rt, leidet unter Blutarmut, Unterern\u00e4hrung, schlechtem Zugang zu vitaminreicher&hellip;<\/p>\n\t\t\t\t\t\t\t\t\t\t\t\t\t\t\t\t\t\t\t\t\t\t                                                            <div class=\"btn-wraper\">\n                                    \n                                                                            <a class=\"elementskit-btn whitespace--normal\" id=\"\" href=\"https:\/\/peru-amazonico.de\/es\/projekte\/queros\/projekt-zur-bekampfung-von-unter-und-mangelernahrung-in-chua-chua-queros-endet\/\">\n                                        \t                                            Leer m\u00e1s                                        <\/a>\n                                                                    <\/div>\n                                                    <\/div><!-- .elementskit-post-body END -->\n                    <\/div>\n                \n            <\/div>\n                <\/div>\n       <\/div>\t\t\t\t<\/div>\n\t\t\t\t<\/div>\n\t\t\t\t\t<\/div>\n\t\t<\/div>\n\t\t\t\t\t<\/div>\n\t\t<\/section>\n\t\t\t\t<\/div>","protected":false},"excerpt":{"rendered":"<p>Indigene Nation \u201eQueros\u201c \u2013 Verbesserung der Lebensverh\u00e4ltnisse Seit Anfang 2017 hat der Freundeskreis Peru Amazonico e.V. auf Anregung von Yenny ein neues Projektgebiet erschlossen. In der Region Cusco wird die [&hellip;]<\/p>","protected":false},"author":1,"featured_media":0,"parent":424,"menu_order":0,"comment_status":"closed","ping_status":"closed","template":"elementor_header_footer","meta":{"footnotes":""},"class_list":["post-452","page","type-page","status-publish","hentry"],"_links":{"self":[{"href":"https:\/\/peru-amazonico.de\/es\/wp-json\/wp\/v2\/pages\/452","targetHints":{"allow":["GET"]}}],"collection":[{"href":"https:\/\/peru-amazonico.de\/es\/wp-json\/wp\/v2\/pages"}],"about":[{"href":"https:\/\/peru-amazonico.de\/es\/wp-json\/wp\/v2\/types\/page"}],"author":[{"embeddable":true,"href":"https:\/\/peru-amazonico.de\/es\/wp-json\/wp\/v2\/users\/1"}],"replies":[{"embeddable":true,"href":"https:\/\/peru-amazonico.de\/es\/wp-json\/wp\/v2\/comments?post=452"}],"version-history":[{"count":31,"href":"https:\/\/peru-amazonico.de\/es\/wp-json\/wp\/v2\/pages\/452\/revisions"}],"predecessor-version":[{"id":2330,"href":"https:\/\/peru-amazonico.de\/es\/wp-json\/wp\/v2\/pages\/452\/revisions\/2330"}],"up":[{"embeddable":true,"href":"https:\/\/peru-amazonico.de\/es\/wp-json\/wp\/v2\/pages\/424"}],"wp:attachment":[{"href":"https:\/\/peru-amazonico.de\/es\/wp-json\/wp\/v2\/media?parent=452"}],"curies":[{"name":"wp","href":"https:\/\/api.w.org\/{rel}","templated":true}]}}