{"id":454,"date":"2024-02-22T08:47:20","date_gmt":"2024-02-22T13:47:20","guid":{"rendered":"https:\/\/peru-amazonico.de\/?page_id=454"},"modified":"2026-02-25T16:06:07","modified_gmt":"2026-02-25T21:06:07","slug":"landwirtschaft","status":"publish","type":"page","link":"https:\/\/peru-amazonico.de\/es\/projekte\/landwirtschaft\/","title":{"rendered":"Agricultura"},"content":{"rendered":"<div data-elementor-type=\"wp-page\" data-elementor-id=\"454\" class=\"elementor elementor-454\" data-elementor-post-type=\"page\">\n\t\t\t\t\t\t<section class=\"elementor-section elementor-top-section elementor-element elementor-element-7b2bf74 elementor-section-boxed elementor-section-height-default elementor-section-height-default\" data-id=\"7b2bf74\" data-element_type=\"section\" data-settings=\"{&quot;background_background&quot;:&quot;classic&quot;}\">\n\t\t\t\t\t\t\t<div class=\"elementor-background-overlay\"><\/div>\n\t\t\t\t\t\t\t<div class=\"elementor-container elementor-column-gap-default\">\n\t\t\t\t\t<div class=\"elementor-column elementor-col-100 elementor-top-column elementor-element elementor-element-398b483\" data-id=\"398b483\" data-element_type=\"column\" data-settings=\"{&quot;background_background&quot;:&quot;classic&quot;}\">\n\t\t\t<div class=\"elementor-widget-wrap elementor-element-populated\">\n\t\t\t\t\t\t<section class=\"elementor-section elementor-inner-section elementor-element elementor-element-2d1504d elementor-section-boxed elementor-section-height-default elementor-section-height-default elementor-invisible\" data-id=\"2d1504d\" data-element_type=\"section\" data-settings=\"{&quot;background_background&quot;:&quot;classic&quot;,&quot;animation&quot;:&quot;zoomIn&quot;}\">\n\t\t\t\t\t\t<div class=\"elementor-container elementor-column-gap-default\">\n\t\t\t\t\t<div class=\"elementor-column elementor-col-100 elementor-inner-column elementor-element elementor-element-2428c46\" data-id=\"2428c46\" data-element_type=\"column\">\n\t\t\t<div class=\"elementor-widget-wrap elementor-element-populated\">\n\t\t\t\t\t\t<div class=\"elementor-element elementor-element-7bf6cee animated-fast elementor-invisible elementor-widget elementor-widget-heading\" data-id=\"7bf6cee\" data-element_type=\"widget\" data-settings=\"{&quot;_animation&quot;:&quot;fadeInDown&quot;,&quot;_animation_delay&quot;:400}\" data-widget_type=\"heading.default\">\n\t\t\t\t<div class=\"elementor-widget-container\">\n\t\t\t\t\t<h1 class=\"elementor-heading-title elementor-size-default\">Agricultura<\/h1>\t\t\t\t<\/div>\n\t\t\t\t<\/div>\n\t\t\t\t\t<\/div>\n\t\t<\/div>\n\t\t\t\t\t<\/div>\n\t\t<\/section>\n\t\t\t\t\t<\/div>\n\t\t<\/div>\n\t\t\t\t\t<\/div>\n\t\t<\/section>\n\t\t\t\t<section class=\"elementor-section elementor-top-section elementor-element elementor-element-6833a58 elementor-section-boxed elementor-section-height-default elementor-section-height-default\" data-id=\"6833a58\" data-element_type=\"section\">\n\t\t\t\t\t\t<div class=\"elementor-container elementor-column-gap-default\">\n\t\t\t\t\t<div class=\"elementor-column elementor-col-100 elementor-top-column elementor-element elementor-element-0114b21\" data-id=\"0114b21\" data-element_type=\"column\">\n\t\t\t<div class=\"elementor-widget-wrap elementor-element-populated\">\n\t\t\t\t\t\t<section class=\"elementor-section elementor-inner-section elementor-element elementor-element-bd6d01a elementor-section-boxed elementor-section-height-default elementor-section-height-default elementor-invisible\" data-id=\"bd6d01a\" data-element_type=\"section\" data-settings=\"{&quot;animation&quot;:&quot;fadeInUp&quot;}\">\n\t\t\t\t\t\t<div class=\"elementor-container elementor-column-gap-default\">\n\t\t\t\t\t<div class=\"elementor-column elementor-col-50 elementor-inner-column elementor-element elementor-element-7e015b8\" data-id=\"7e015b8\" data-element_type=\"column\">\n\t\t\t<div class=\"elementor-widget-wrap elementor-element-populated\">\n\t\t\t\t\t\t<div class=\"elementor-element elementor-element-41cc650 elementor-widget elementor-widget-heading\" data-id=\"41cc650\" data-element_type=\"widget\" data-widget_type=\"heading.default\">\n\t\t\t\t<div class=\"elementor-widget-container\">\n\t\t\t\t\t<h2 class=\"elementor-heading-title elementor-size-default\">Nuestros proyectos de desarrollo rural en la Amazon\u00eda<\/h2>\t\t\t\t<\/div>\n\t\t\t\t<\/div>\n\t\t\t\t\t<\/div>\n\t\t<\/div>\n\t\t\t\t<div class=\"elementor-column elementor-col-50 elementor-inner-column elementor-element elementor-element-6bc218a\" data-id=\"6bc218a\" data-element_type=\"column\">\n\t\t\t<div class=\"elementor-widget-wrap elementor-element-populated\">\n\t\t\t\t\t\t<div class=\"elementor-element elementor-element-447aa0d elementor-widget elementor-widget-text-editor\" data-id=\"447aa0d\" data-element_type=\"widget\" data-widget_type=\"text-editor.default\">\n\t\t\t\t<div class=\"elementor-widget-container\">\n\t\t\t\t\t\t\t\t\t<p>Aqu\u00ed te mostramos algunos de nuestros proyectos en la Amazon\u00eda peruana que se basan en la sostenibilidad, la participaci\u00f3n y la adaptabilidad. Trabajamos con diversos actores comprometidos con la naturaleza, las personas y la cultura de esta regi\u00f3n. Nuestro objetivo es mejorar la calidad de vida y el medio ambiente.<\/p>\t\t\t\t\t\t\t\t<\/div>\n\t\t\t\t<\/div>\n\t\t\t\t\t<\/div>\n\t\t<\/div>\n\t\t\t\t\t<\/div>\n\t\t<\/section>\n\t\t\t\t<section class=\"elementor-section elementor-inner-section elementor-element elementor-element-10e4647 elementor-section-boxed elementor-section-height-default elementor-section-height-default\" data-id=\"10e4647\" data-element_type=\"section\">\n\t\t\t\t\t\t<div class=\"elementor-container elementor-column-gap-default\">\n\t\t\t\t\t<div class=\"elementor-column elementor-col-33 elementor-inner-column elementor-element elementor-element-918d5b8\" data-id=\"918d5b8\" data-element_type=\"column\" data-settings=\"{&quot;background_background&quot;:&quot;classic&quot;}\">\n\t\t\t<div class=\"elementor-widget-wrap elementor-element-populated\">\n\t\t\t\t\t\t<div class=\"elementor-element elementor-element-51b633a elementor-widget elementor-widget-image\" data-id=\"51b633a\" data-element_type=\"widget\" data-widget_type=\"image.default\">\n\t\t\t\t<div class=\"elementor-widget-container\">\n\t\t\t\t\t\t\t\t\t\t\t\t\t\t\t<img fetchpriority=\"high\" decoding=\"async\" width=\"1300\" height=\"865\" src=\"https:\/\/peru-amazonico.de\/wp-content\/uploads\/2024\/02\/ivars-utinans-vkQgb1lZZPQ-unsplash.jpg\" class=\"attachment-full size-full wp-image-134\" alt=\"\" srcset=\"https:\/\/peru-amazonico.de\/wp-content\/uploads\/2024\/02\/ivars-utinans-vkQgb1lZZPQ-unsplash.jpg 1300w, https:\/\/peru-amazonico.de\/wp-content\/uploads\/2024\/02\/ivars-utinans-vkQgb1lZZPQ-unsplash-300x200.jpg 300w, https:\/\/peru-amazonico.de\/wp-content\/uploads\/2024\/02\/ivars-utinans-vkQgb1lZZPQ-unsplash-1024x681.jpg 1024w, https:\/\/peru-amazonico.de\/wp-content\/uploads\/2024\/02\/ivars-utinans-vkQgb1lZZPQ-unsplash-768x511.jpg 768w\" sizes=\"(max-width: 1300px) 100vw, 1300px\" \/>\t\t\t\t\t\t\t\t\t\t\t\t\t\t\t<\/div>\n\t\t\t\t<\/div>\n\t\t\t\t<div class=\"elementor-element elementor-element-7677ff6 elementor-widget elementor-widget-icon-box\" data-id=\"7677ff6\" data-element_type=\"widget\" data-widget_type=\"icon-box.default\">\n\t\t\t\t<div class=\"elementor-widget-container\">\n\t\t\t\t\t\t\t<div class=\"elementor-icon-box-wrapper\">\n\n\t\t\t\n\t\t\t\t\t\t<div class=\"elementor-icon-box-content\">\n\n\t\t\t\t\t\t\t\t\t<div class=\"elementor-icon-box-title\">\n\t\t\t\t\t\t<span  >\n\t\t\t\t\t\t\tAlianza para paisajes forestales sostenibles\t\t\t\t\t\t<\/span>\n\t\t\t\t\t<\/div>\n\t\t\t\t\n\t\t\t\t\n\t\t\t<\/div>\n\t\t\t\n\t\t<\/div>\n\t\t\t\t\t\t<\/div>\n\t\t\t\t<\/div>\n\t\t\t\t<div class=\"elementor-element elementor-element-860a574 elementor-widget elementor-widget-button\" data-id=\"860a574\" data-element_type=\"widget\" data-widget_type=\"button.default\">\n\t\t\t\t<div class=\"elementor-widget-container\">\n\t\t\t\t\t\t\t\t\t<div class=\"elementor-button-wrapper\">\n\t\t\t\t\t<a class=\"elementor-button elementor-button-link elementor-size-xs\" href=\"\/es\/projekte\/landwirtschaft\/allianz-fur-nachhaltige-waldlandschaften\/\">\n\t\t\t\t\t\t<span class=\"elementor-button-content-wrapper\">\n\t\t\t\t\t\t\t\t\t<span class=\"elementor-button-text\">sigue leyendo<\/span>\n\t\t\t\t\t<\/span>\n\t\t\t\t\t<\/a>\n\t\t\t\t<\/div>\n\t\t\t\t\t\t\t\t<\/div>\n\t\t\t\t<\/div>\n\t\t\t\t\t<\/div>\n\t\t<\/div>\n\t\t\t\t<div class=\"elementor-column elementor-col-33 elementor-inner-column elementor-element elementor-element-0e6d29f\" data-id=\"0e6d29f\" data-element_type=\"column\" data-settings=\"{&quot;background_background&quot;:&quot;classic&quot;}\">\n\t\t\t<div class=\"elementor-widget-wrap elementor-element-populated\">\n\t\t\t\t\t\t<div class=\"elementor-element elementor-element-79a34de elementor-widget elementor-widget-image\" data-id=\"79a34de\" data-element_type=\"widget\" data-widget_type=\"image.default\">\n\t\t\t\t<div class=\"elementor-widget-container\">\n\t\t\t\t\t\t\t\t\t\t\t\t\t\t\t<img decoding=\"async\" width=\"1300\" height=\"873\" data-src=\"https:\/\/peru-amazonico.de\/wp-content\/uploads\/2024\/02\/pexels-tom-fisk-2739664-2.jpg\" class=\"attachment-full size-full wp-image-130 lazyload\" alt=\"\" data-srcset=\"https:\/\/peru-amazonico.de\/wp-content\/uploads\/2024\/02\/pexels-tom-fisk-2739664-2.jpg 1300w, https:\/\/peru-amazonico.de\/wp-content\/uploads\/2024\/02\/pexels-tom-fisk-2739664-2-300x201.jpg 300w, https:\/\/peru-amazonico.de\/wp-content\/uploads\/2024\/02\/pexels-tom-fisk-2739664-2-1024x688.jpg 1024w, https:\/\/peru-amazonico.de\/wp-content\/uploads\/2024\/02\/pexels-tom-fisk-2739664-2-768x516.jpg 768w\" data-sizes=\"(max-width: 1300px) 100vw, 1300px\" src=\"data:image\/gif;base64,R0lGODlhAQABAAAAACH5BAEKAAEALAAAAAABAAEAAAICTAEAOw==\" style=\"--smush-placeholder-width: 1300px; --smush-placeholder-aspect-ratio: 1300\/873;\" \/>\t\t\t\t\t\t\t\t\t\t\t\t\t\t\t<\/div>\n\t\t\t\t<\/div>\n\t\t\t\t<div class=\"elementor-element elementor-element-d778814 elementor-widget elementor-widget-icon-box\" data-id=\"d778814\" data-element_type=\"widget\" data-widget_type=\"icon-box.default\">\n\t\t\t\t<div class=\"elementor-widget-container\">\n\t\t\t\t\t\t\t<div class=\"elementor-icon-box-wrapper\">\n\n\t\t\t\n\t\t\t\t\t\t<div class=\"elementor-icon-box-content\">\n\n\t\t\t\t\t\t\t\t\t<div class=\"elementor-icon-box-title\">\n\t\t\t\t\t\t<span  >\n\t\t\t\t\t\t\tProyecto bosque seco en San Mart\u00edn\t\t\t\t\t\t<\/span>\n\t\t\t\t\t<\/div>\n\t\t\t\t\n\t\t\t\t\n\t\t\t<\/div>\n\t\t\t\n\t\t<\/div>\n\t\t\t\t\t\t<\/div>\n\t\t\t\t<\/div>\n\t\t\t\t<div class=\"elementor-element elementor-element-fcba1ca elementor-widget elementor-widget-button\" data-id=\"fcba1ca\" data-element_type=\"widget\" data-widget_type=\"button.default\">\n\t\t\t\t<div class=\"elementor-widget-container\">\n\t\t\t\t\t\t\t\t\t<div class=\"elementor-button-wrapper\">\n\t\t\t\t\t<a class=\"elementor-button elementor-button-link elementor-size-xs\" href=\"\/es\/projekte\/landwirtschaft\/trockenwaldprojekt-in-san-martin\/\">\n\t\t\t\t\t\t<span class=\"elementor-button-content-wrapper\">\n\t\t\t\t\t\t\t\t\t<span class=\"elementor-button-text\">sigue leyendo<\/span>\n\t\t\t\t\t<\/span>\n\t\t\t\t\t<\/a>\n\t\t\t\t<\/div>\n\t\t\t\t\t\t\t\t<\/div>\n\t\t\t\t<\/div>\n\t\t\t\t\t<\/div>\n\t\t<\/div>\n\t\t\t\t<div class=\"elementor-column elementor-col-33 elementor-inner-column elementor-element elementor-element-78329ca\" data-id=\"78329ca\" data-element_type=\"column\" data-settings=\"{&quot;background_background&quot;:&quot;classic&quot;}\">\n\t\t\t<div class=\"elementor-widget-wrap elementor-element-populated\">\n\t\t\t\t\t\t<div class=\"elementor-element elementor-element-aa8cd45 elementor-widget elementor-widget-image\" data-id=\"aa8cd45\" data-element_type=\"widget\" data-widget_type=\"image.default\">\n\t\t\t\t<div class=\"elementor-widget-container\">\n\t\t\t\t\t\t\t\t\t\t\t\t\t\t\t<img decoding=\"async\" width=\"1280\" height=\"853\" data-src=\"https:\/\/peru-amazonico.de\/wp-content\/uploads\/2024\/02\/close-up-view-hands-of-farmer-picking-lettuce-in-hydroponic-greenhouse-.jpg\" class=\"attachment-full size-full wp-image-53 lazyload\" alt=\"\" data-srcset=\"https:\/\/peru-amazonico.de\/wp-content\/uploads\/2024\/02\/close-up-view-hands-of-farmer-picking-lettuce-in-hydroponic-greenhouse-.jpg 1280w, https:\/\/peru-amazonico.de\/wp-content\/uploads\/2024\/02\/close-up-view-hands-of-farmer-picking-lettuce-in-hydroponic-greenhouse--300x200.jpg 300w, https:\/\/peru-amazonico.de\/wp-content\/uploads\/2024\/02\/close-up-view-hands-of-farmer-picking-lettuce-in-hydroponic-greenhouse--1024x682.jpg 1024w, https:\/\/peru-amazonico.de\/wp-content\/uploads\/2024\/02\/close-up-view-hands-of-farmer-picking-lettuce-in-hydroponic-greenhouse--768x512.jpg 768w\" data-sizes=\"(max-width: 1280px) 100vw, 1280px\" src=\"data:image\/gif;base64,R0lGODlhAQABAAAAACH5BAEKAAEALAAAAAABAAEAAAICTAEAOw==\" style=\"--smush-placeholder-width: 1280px; --smush-placeholder-aspect-ratio: 1280\/853;\" \/>\t\t\t\t\t\t\t\t\t\t\t\t\t\t\t<\/div>\n\t\t\t\t<\/div>\n\t\t\t\t<div class=\"elementor-element elementor-element-d79cda0 elementor-widget elementor-widget-icon-box\" data-id=\"d79cda0\" data-element_type=\"widget\" data-widget_type=\"icon-box.default\">\n\t\t\t\t<div class=\"elementor-widget-container\">\n\t\t\t\t\t\t\t<div class=\"elementor-icon-box-wrapper\">\n\n\t\t\t\n\t\t\t\t\t\t<div class=\"elementor-icon-box-content\">\n\n\t\t\t\t\t\t\t\t\t<div class=\"elementor-icon-box-title\">\n\t\t\t\t\t\t<span  >\n\t\t\t\t\t\t\tProyecto de protecci\u00f3n forestal\t\t\t\t\t\t<\/span>\n\t\t\t\t\t<\/div>\n\t\t\t\t\n\t\t\t\t\n\t\t\t<\/div>\n\t\t\t\n\t\t<\/div>\n\t\t\t\t\t\t<\/div>\n\t\t\t\t<\/div>\n\t\t\t\t<div class=\"elementor-element elementor-element-1e927cc elementor-widget elementor-widget-button\" data-id=\"1e927cc\" data-element_type=\"widget\" data-widget_type=\"button.default\">\n\t\t\t\t<div class=\"elementor-widget-container\">\n\t\t\t\t\t\t\t\t\t<div class=\"elementor-button-wrapper\">\n\t\t\t\t\t<a class=\"elementor-button elementor-button-link elementor-size-xs\" href=\"\/es\/projekte\/landwirtschaft\/waldschutzprojekt\/\">\n\t\t\t\t\t\t<span class=\"elementor-button-content-wrapper\">\n\t\t\t\t\t\t\t\t\t<span class=\"elementor-button-text\">sigue leyendo<\/span>\n\t\t\t\t\t<\/span>\n\t\t\t\t\t<\/a>\n\t\t\t\t<\/div>\n\t\t\t\t\t\t\t\t<\/div>\n\t\t\t\t<\/div>\n\t\t\t\t\t<\/div>\n\t\t<\/div>\n\t\t\t\t\t<\/div>\n\t\t<\/section>\n\t\t\t\t<section class=\"elementor-section elementor-inner-section elementor-element elementor-element-4772291 elementor-section-boxed elementor-section-height-default elementor-section-height-default\" data-id=\"4772291\" data-element_type=\"section\">\n\t\t\t\t\t\t<div class=\"elementor-container elementor-column-gap-default\">\n\t\t\t\t\t<div class=\"elementor-column elementor-col-50 elementor-inner-column elementor-element elementor-element-a86fd5e\" data-id=\"a86fd5e\" data-element_type=\"column\" data-settings=\"{&quot;background_background&quot;:&quot;classic&quot;}\">\n\t\t\t<div class=\"elementor-widget-wrap elementor-element-populated\">\n\t\t\t\t\t\t<div class=\"elementor-element elementor-element-bf9560a elementor-widget elementor-widget-image\" data-id=\"bf9560a\" data-element_type=\"widget\" data-widget_type=\"image.default\">\n\t\t\t\t<div class=\"elementor-widget-container\">\n\t\t\t\t\t\t\t\t\t\t\t\t\t\t\t<img decoding=\"async\" width=\"1280\" height=\"720\" data-src=\"https:\/\/peru-amazonico.de\/wp-content\/uploads\/2024\/02\/greenhouse-pickers-gathering-lettuce-standing-in-a-row-in-hydroponic-enviroment-inspecting-leaves.jpg\" class=\"attachment-full size-full wp-image-42 lazyload\" alt=\"\" data-srcset=\"https:\/\/peru-amazonico.de\/wp-content\/uploads\/2024\/02\/greenhouse-pickers-gathering-lettuce-standing-in-a-row-in-hydroponic-enviroment-inspecting-leaves.jpg 1280w, https:\/\/peru-amazonico.de\/wp-content\/uploads\/2024\/02\/greenhouse-pickers-gathering-lettuce-standing-in-a-row-in-hydroponic-enviroment-inspecting-leaves-300x169.jpg 300w, https:\/\/peru-amazonico.de\/wp-content\/uploads\/2024\/02\/greenhouse-pickers-gathering-lettuce-standing-in-a-row-in-hydroponic-enviroment-inspecting-leaves-1024x576.jpg 1024w, https:\/\/peru-amazonico.de\/wp-content\/uploads\/2024\/02\/greenhouse-pickers-gathering-lettuce-standing-in-a-row-in-hydroponic-enviroment-inspecting-leaves-768x432.jpg 768w\" data-sizes=\"(max-width: 1280px) 100vw, 1280px\" src=\"data:image\/gif;base64,R0lGODlhAQABAAAAACH5BAEKAAEALAAAAAABAAEAAAICTAEAOw==\" style=\"--smush-placeholder-width: 1280px; --smush-placeholder-aspect-ratio: 1280\/720;\" \/>\t\t\t\t\t\t\t\t\t\t\t\t\t\t\t<\/div>\n\t\t\t\t<\/div>\n\t\t\t\t<div class=\"elementor-element elementor-element-d2b7b18 elementor-widget elementor-widget-icon-box\" data-id=\"d2b7b18\" data-element_type=\"widget\" data-widget_type=\"icon-box.default\">\n\t\t\t\t<div class=\"elementor-widget-container\">\n\t\t\t\t\t\t\t<div class=\"elementor-icon-box-wrapper\">\n\n\t\t\t\n\t\t\t\t\t\t<div class=\"elementor-icon-box-content\">\n\n\t\t\t\t\t\t\t\t\t<div class=\"elementor-icon-box-title\">\n\t\t\t\t\t\t<span  >\n\t\t\t\t\t\t\tProyecto de protecci\u00f3n de bosques tropicales \u201ccero deforestaci\u00f3n\u201d\t\t\t\t\t\t<\/span>\n\t\t\t\t\t<\/div>\n\t\t\t\t\n\t\t\t\t\n\t\t\t<\/div>\n\t\t\t\n\t\t<\/div>\n\t\t\t\t\t\t<\/div>\n\t\t\t\t<\/div>\n\t\t\t\t<div class=\"elementor-element elementor-element-081e16c elementor-widget elementor-widget-button\" data-id=\"081e16c\" data-element_type=\"widget\" data-widget_type=\"button.default\">\n\t\t\t\t<div class=\"elementor-widget-container\">\n\t\t\t\t\t\t\t\t\t<div class=\"elementor-button-wrapper\">\n\t\t\t\t\t<a class=\"elementor-button elementor-button-link elementor-size-xs\" href=\"\/es\/projekte\/landwirtschaft\/regenwaldschutzprojekt-cero-deforestacion\/\">\n\t\t\t\t\t\t<span class=\"elementor-button-content-wrapper\">\n\t\t\t\t\t\t\t\t\t<span class=\"elementor-button-text\">sigue leyendo<\/span>\n\t\t\t\t\t<\/span>\n\t\t\t\t\t<\/a>\n\t\t\t\t<\/div>\n\t\t\t\t\t\t\t\t<\/div>\n\t\t\t\t<\/div>\n\t\t\t\t\t<\/div>\n\t\t<\/div>\n\t\t\t\t<div class=\"elementor-column elementor-col-50 elementor-inner-column elementor-element elementor-element-b3e7b01\" data-id=\"b3e7b01\" data-element_type=\"column\" data-settings=\"{&quot;background_background&quot;:&quot;classic&quot;}\">\n\t\t\t<div class=\"elementor-widget-wrap elementor-element-populated\">\n\t\t\t\t\t\t<div class=\"elementor-element elementor-element-d971d0f elementor-widget elementor-widget-image\" data-id=\"d971d0f\" data-element_type=\"widget\" data-widget_type=\"image.default\">\n\t\t\t\t<div class=\"elementor-widget-container\">\n\t\t\t\t\t\t\t\t\t\t\t\t\t\t\t<img decoding=\"async\" width=\"1280\" height=\"853\" data-src=\"https:\/\/peru-amazonico.de\/wp-content\/uploads\/2024\/02\/close-up-view-hands-of-farmer-picking-lettuce-in-hydroponic-greenhouse-.jpg\" class=\"attachment-full size-full wp-image-53 lazyload\" alt=\"\" data-srcset=\"https:\/\/peru-amazonico.de\/wp-content\/uploads\/2024\/02\/close-up-view-hands-of-farmer-picking-lettuce-in-hydroponic-greenhouse-.jpg 1280w, https:\/\/peru-amazonico.de\/wp-content\/uploads\/2024\/02\/close-up-view-hands-of-farmer-picking-lettuce-in-hydroponic-greenhouse--300x200.jpg 300w, https:\/\/peru-amazonico.de\/wp-content\/uploads\/2024\/02\/close-up-view-hands-of-farmer-picking-lettuce-in-hydroponic-greenhouse--1024x682.jpg 1024w, https:\/\/peru-amazonico.de\/wp-content\/uploads\/2024\/02\/close-up-view-hands-of-farmer-picking-lettuce-in-hydroponic-greenhouse--768x512.jpg 768w\" data-sizes=\"(max-width: 1280px) 100vw, 1280px\" src=\"data:image\/gif;base64,R0lGODlhAQABAAAAACH5BAEKAAEALAAAAAABAAEAAAICTAEAOw==\" style=\"--smush-placeholder-width: 1280px; --smush-placeholder-aspect-ratio: 1280\/853;\" \/>\t\t\t\t\t\t\t\t\t\t\t\t\t\t\t<\/div>\n\t\t\t\t<\/div>\n\t\t\t\t<div class=\"elementor-element elementor-element-37440b7 elementor-widget elementor-widget-icon-box\" data-id=\"37440b7\" data-element_type=\"widget\" data-widget_type=\"icon-box.default\">\n\t\t\t\t<div class=\"elementor-widget-container\">\n\t\t\t\t\t\t\t<div class=\"elementor-icon-box-wrapper\">\n\n\t\t\t\n\t\t\t\t\t\t<div class=\"elementor-icon-box-content\">\n\n\t\t\t\t\t\t\t\t\t<div class=\"elementor-icon-box-title\">\n\t\t\t\t\t\t<span  >\n\t\t\t\t\t\t\tAlternativas sostenibles en la agricultura\t\t\t\t\t\t<\/span>\n\t\t\t\t\t<\/div>\n\t\t\t\t\n\t\t\t\t\n\t\t\t<\/div>\n\t\t\t\n\t\t<\/div>\n\t\t\t\t\t\t<\/div>\n\t\t\t\t<\/div>\n\t\t\t\t<div class=\"elementor-element elementor-element-dfd4b5e elementor-widget elementor-widget-button\" data-id=\"dfd4b5e\" data-element_type=\"widget\" data-widget_type=\"button.default\">\n\t\t\t\t<div class=\"elementor-widget-container\">\n\t\t\t\t\t\t\t\t\t<div class=\"elementor-button-wrapper\">\n\t\t\t\t\t<a class=\"elementor-button elementor-button-link elementor-size-xs\" href=\"https:\/\/peru-amazonico.de\/es\/projekte\/landwirtschaft\/nachhaltige-alternativen-in-der-landwirtschaft\/\">\n\t\t\t\t\t\t<span class=\"elementor-button-content-wrapper\">\n\t\t\t\t\t\t\t\t\t<span class=\"elementor-button-text\">sigue leyendo<\/span>\n\t\t\t\t\t<\/span>\n\t\t\t\t\t<\/a>\n\t\t\t\t<\/div>\n\t\t\t\t\t\t\t\t<\/div>\n\t\t\t\t<\/div>\n\t\t\t\t\t<\/div>\n\t\t<\/div>\n\t\t\t\t\t<\/div>\n\t\t<\/section>\n\t\t\t\t\t<\/div>\n\t\t<\/div>\n\t\t\t\t\t<\/div>\n\t\t<\/section>\n\t\t\t\t<\/div>","protected":false},"excerpt":{"rendered":"<p>Unsere Projekte f\u00fcr die l\u00e4ndliche Entwicklung im Amazonas Hier zeigen wir Ihnen einige unserer Projekte im peruanischen Amazonas, die auf Nachhaltigkeit, Partizipation und Anpassungsf\u00e4higkeit basieren. Wir arbeiten mit verschiedenen Akteuren [&hellip;]<\/p>","protected":false},"author":1,"featured_media":0,"parent":424,"menu_order":0,"comment_status":"closed","ping_status":"closed","template":"elementor_header_footer","meta":{"footnotes":""},"class_list":["post-454","page","type-page","status-publish","hentry"],"_links":{"self":[{"href":"https:\/\/peru-amazonico.de\/es\/wp-json\/wp\/v2\/pages\/454","targetHints":{"allow":["GET"]}}],"collection":[{"href":"https:\/\/peru-amazonico.de\/es\/wp-json\/wp\/v2\/pages"}],"about":[{"href":"https:\/\/peru-amazonico.de\/es\/wp-json\/wp\/v2\/types\/page"}],"author":[{"embeddable":true,"href":"https:\/\/peru-amazonico.de\/es\/wp-json\/wp\/v2\/users\/1"}],"replies":[{"embeddable":true,"href":"https:\/\/peru-amazonico.de\/es\/wp-json\/wp\/v2\/comments?post=454"}],"version-history":[{"count":37,"href":"https:\/\/peru-amazonico.de\/es\/wp-json\/wp\/v2\/pages\/454\/revisions"}],"predecessor-version":[{"id":2182,"href":"https:\/\/peru-amazonico.de\/es\/wp-json\/wp\/v2\/pages\/454\/revisions\/2182"}],"up":[{"embeddable":true,"href":"https:\/\/peru-amazonico.de\/es\/wp-json\/wp\/v2\/pages\/424"}],"wp:attachment":[{"href":"https:\/\/peru-amazonico.de\/es\/wp-json\/wp\/v2\/media?parent=454"}],"curies":[{"name":"wp","href":"https:\/\/api.w.org\/{rel}","templated":true}]}}