{"id":462,"date":"2024-02-22T08:49:32","date_gmt":"2024-02-22T13:49:32","guid":{"rendered":"https:\/\/peru-amazonico.de\/?page_id=462"},"modified":"2024-02-24T18:20:27","modified_gmt":"2024-02-24T23:20:27","slug":"waldschutzprojekt","status":"publish","type":"page","link":"https:\/\/peru-amazonico.de\/es\/projekte\/landwirtschaft\/waldschutzprojekt\/","title":{"rendered":"Proyecto de protecci\u00f3n forestal"},"content":{"rendered":"<div data-elementor-type=\"wp-page\" data-elementor-id=\"462\" class=\"elementor elementor-462\" data-elementor-post-type=\"page\">\n\t\t\t\t\t\t<section class=\"elementor-section elementor-top-section elementor-element elementor-element-f313a50 elementor-section-boxed elementor-section-height-default elementor-section-height-default\" data-id=\"f313a50\" data-element_type=\"section\" data-settings=\"{&quot;background_background&quot;:&quot;classic&quot;}\">\n\t\t\t\t\t\t\t<div class=\"elementor-background-overlay\"><\/div>\n\t\t\t\t\t\t\t<div class=\"elementor-container elementor-column-gap-default\">\n\t\t\t\t\t<div class=\"elementor-column elementor-col-100 elementor-top-column elementor-element elementor-element-c04d3f8\" data-id=\"c04d3f8\" data-element_type=\"column\" data-settings=\"{&quot;background_background&quot;:&quot;classic&quot;}\">\n\t\t\t<div class=\"elementor-widget-wrap elementor-element-populated\">\n\t\t\t\t\t\t<section class=\"elementor-section elementor-inner-section elementor-element elementor-element-d8e0bdd elementor-section-boxed elementor-section-height-default elementor-section-height-default elementor-invisible\" data-id=\"d8e0bdd\" data-element_type=\"section\" data-settings=\"{&quot;background_background&quot;:&quot;classic&quot;,&quot;animation&quot;:&quot;zoomIn&quot;}\">\n\t\t\t\t\t\t<div class=\"elementor-container elementor-column-gap-default\">\n\t\t\t\t\t<div class=\"elementor-column elementor-col-100 elementor-inner-column elementor-element elementor-element-fc1e9dc\" data-id=\"fc1e9dc\" data-element_type=\"column\">\n\t\t\t<div class=\"elementor-widget-wrap elementor-element-populated\">\n\t\t\t\t\t\t<div class=\"elementor-element elementor-element-89de9b5 animated-fast elementor-invisible elementor-widget elementor-widget-heading\" data-id=\"89de9b5\" data-element_type=\"widget\" data-settings=\"{&quot;_animation&quot;:&quot;fadeInDown&quot;,&quot;_animation_delay&quot;:400}\" data-widget_type=\"heading.default\">\n\t\t\t\t<div class=\"elementor-widget-container\">\n\t\t\t\t\t<h1 class=\"elementor-heading-title elementor-size-default\">Proyecto de protecci\u00f3n forestal<\/h1>\t\t\t\t<\/div>\n\t\t\t\t<\/div>\n\t\t\t\t\t<\/div>\n\t\t<\/div>\n\t\t\t\t\t<\/div>\n\t\t<\/section>\n\t\t\t\t\t<\/div>\n\t\t<\/div>\n\t\t\t\t\t<\/div>\n\t\t<\/section>\n\t\t\t\t<section class=\"elementor-section elementor-top-section elementor-element elementor-element-d8484ab elementor-section-content-middle elementor-section-boxed elementor-section-height-default elementor-section-height-default\" data-id=\"d8484ab\" data-element_type=\"section\" data-settings=\"{&quot;background_background&quot;:&quot;classic&quot;}\">\n\t\t\t\t\t\t<div class=\"elementor-container elementor-column-gap-default\">\n\t\t\t\t\t<div class=\"elementor-column elementor-col-50 elementor-top-column elementor-element elementor-element-375a7cb elementor-invisible\" data-id=\"375a7cb\" data-element_type=\"column\" data-settings=\"{&quot;animation&quot;:&quot;fadeInLeft&quot;}\">\n\t\t\t<div class=\"elementor-widget-wrap elementor-element-populated\">\n\t\t\t\t\t\t<div class=\"elementor-element elementor-element-f0a9bf7 elementor-widget elementor-widget-text-editor\" data-id=\"f0a9bf7\" data-element_type=\"widget\" data-widget_type=\"text-editor.default\">\n\t\t\t\t<div class=\"elementor-widget-container\">\n\t\t\t\t\t\t\t\t\t<p>El proyecto se desarrollar\u00e1 desde octubre de 2017 hasta finales de 2020. El volumen es de 400.000 euros, de los cuales 75% son financiados por el BMZ, el resto por nosotros y fuentes en Per\u00fa. DETEC proporciona apoyo organizativo in situ. Participan 27 pueblos de la zona de Pucallpa, Tingo Mar\u00eda y Aucayacu.<\/p><p>\u00bfCu\u00e1les fueron las lecciones del proyecto anterior \u201ccero deforestaci\u00f3n\u201d?<\/p><p>La estructura organizativa es m\u00e1s descentralizada. Los 27 pueblos est\u00e1n ubicados en 7 zonas diferentes. Todas estas \u00e1reas tienen sus propios viveros de \u00e1rboles y sus propios comit\u00e9s que se encargan de proteger el bosque a sus puertas. Esto acorta la distancia y facilita la participaci\u00f3n en las actividades.<\/p><p>La distribuci\u00f3n de tareas es m\u00e1s clara. Hacia el final del proyecto \u201ccero deforestaci\u00f3n\u201d, el control local fue transferido a un experto externo: C\u00e9sar Campos y su organizaci\u00f3n DETEC. Esto elimin\u00f3 la fusi\u00f3n de diferentes intereses y motivaciones dentro de la cooperativa anteriormente responsable. Anteriormente, la cooperativa era a la vez participante y controladora del proyecto, con s\u00f3lo una fracci\u00f3n de sus miembros y recursos. Junto con los imponderables resultantes de los riesgos econ\u00f3micos en la agricultura, sol\u00edamos encontrarnos a menudo en situaciones en las que ten\u00edamos que decidir cu\u00e1ndo qu\u00e9 pod\u00eda hacerse y en qu\u00e9 orden. Eso no volver\u00e1 a suceder. La base econ\u00f3mica de DETEC es diferente.<\/p><p>En t\u00e9rminos de superficie, el proyecto de protecci\u00f3n forestal es mayor que el CD. En t\u00e9rminos de presupuesto, es menor.<\/p>\t\t\t\t\t\t\t\t<\/div>\n\t\t\t\t<\/div>\n\t\t\t\t\t<\/div>\n\t\t<\/div>\n\t\t\t\t<div class=\"elementor-column elementor-col-50 elementor-top-column elementor-element elementor-element-5f66887 elementor-invisible\" data-id=\"5f66887\" data-element_type=\"column\" data-settings=\"{&quot;background_background&quot;:&quot;gradient&quot;,&quot;animation&quot;:&quot;fadeInRight&quot;}\">\n\t\t\t<div class=\"elementor-widget-wrap elementor-element-populated\">\n\t\t\t\t\t\t<div class=\"elementor-element elementor-element-e276865 elementor-widget elementor-widget-image\" data-id=\"e276865\" data-element_type=\"widget\" data-widget_type=\"image.default\">\n\t\t\t\t<div class=\"elementor-widget-container\">\n\t\t\t\t\t\t\t\t\t\t\t\t\t\t\t<img fetchpriority=\"high\" decoding=\"async\" width=\"562\" height=\"421\" src=\"https:\/\/peru-amazonico.de\/wp-content\/uploads\/2024\/02\/teilnehmende-Gemeinden1.png\" class=\"attachment-full size-full wp-image-1024\" alt=\"\" srcset=\"https:\/\/peru-amazonico.de\/wp-content\/uploads\/2024\/02\/teilnehmende-Gemeinden1.png 562w, https:\/\/peru-amazonico.de\/wp-content\/uploads\/2024\/02\/teilnehmende-Gemeinden1-300x225.png 300w\" sizes=\"(max-width: 562px) 100vw, 562px\" \/>\t\t\t\t\t\t\t\t\t\t\t\t\t\t\t<\/div>\n\t\t\t\t<\/div>\n\t\t\t\t\t<\/div>\n\t\t<\/div>\n\t\t\t\t\t<\/div>\n\t\t<\/section>\n\t\t\t\t<section class=\"elementor-section elementor-top-section elementor-element elementor-element-0c73127 elementor-section-boxed elementor-section-height-default elementor-section-height-default\" data-id=\"0c73127\" data-element_type=\"section\">\n\t\t\t\t\t\t<div class=\"elementor-container elementor-column-gap-default\">\n\t\t\t\t\t<div class=\"elementor-column elementor-col-100 elementor-top-column elementor-element elementor-element-aa02b43\" data-id=\"aa02b43\" data-element_type=\"column\">\n\t\t\t<div class=\"elementor-widget-wrap elementor-element-populated\">\n\t\t\t\t\t\t<div class=\"elementor-element elementor-element-3b8cdb3 asd-posts elementor-widget elementor-widget-elementskit-blog-posts\" data-id=\"3b8cdb3\" data-element_type=\"widget\" data-widget_type=\"elementskit-blog-posts.default\">\n\t\t\t\t<div class=\"elementor-widget-container\">\n\t\t\t\t\t<div class=\"ekit-wid-con\" >        <div id=\"post-items--3b8cdb3\" class=\"row post-items\">\n                    <div class=\"col-lg-4 col-md-6\">\n\n                                    <div class=\"elementskit-post-image-card\">\n                        <div class=\"elementskit-entry-header\">\n                                                            <a href=\"https:\/\/peru-amazonico.de\/es\/projekte\/landwirtschaft\/waldschutzprojekt\/abholzung-stoppen-klima-schutzen\/\" class=\"elementskit-entry-thumb\">\n                                    <img decoding=\"async\" data-src=\"https:\/\/peru-amazonico.de\/wp-content\/uploads\/2024\/02\/Video-Titelbild.jpg\" alt=\"Abholzung stoppen &#8211; Klima sch\u00fctzen!\" src=\"data:image\/gif;base64,R0lGODlhAQABAAAAACH5BAEKAAEALAAAAAABAAEAAAICTAEAOw==\" class=\"lazyload\" style=\"--smush-placeholder-width: 1024px; --smush-placeholder-aspect-ratio: 1024\/675;\">\n                                <\/a><!-- .elementskit-entry-thumb END -->\n                                                                                                    <div class=\"elementskit-meta-lists elementskit-style-tag\">\n                                        <div class=\"elementskit-single-meta triangle_left\"><span class=\"elementskit-meta-wraper\"><strong>24<\/strong>Junio<\/span><\/div>\n                                    <\/div>\n                                                                                            \n                            \n\t\t\t\t\t\t\t\t\t\t\t\t\t<\/div><!-- .elementskit-entry-header END -->\n\n\t\t\t\t\t\t<div class=\"elementskit-post-body\">\n\t\t\t\t\t\t\t\n\t\t\t\t\t\t\t\t\t\t\t\t\t\t\t\t\t\t\t\t\t\t\t\t\t\t\t\t<div class=\"post-meta-list\">\n\t\t\t\t\t\t\t\t\t\t\t\t\t\t\t\t\t\t\t\t\t\t\t\t\t\t\t\t\t\t\t\t\t\t\t\t\t\t\t\t<span class=\"post-cat\">\n\t\t\t\t\t\t\t\t\t\t<i aria-hidden=\"true\" class=\"icon icon-folder\"><\/i>\t\t\t\t\t\t\t\t\t\t<a href=\"https:\/\/peru-amazonico.de\/es\/category\/projekte\/landwirtschaft\/waldschutzprojekt\/\" rel=\"category tag\">Proyecto de protecci\u00f3n forestal<\/a>\t\t\t\t\t\t\t\t\t<\/span>\n\t\t\t\t\t\t\t\t\t\t\t\t\t\t\t\t\t\t\t\t\t\t\t\t\t\t\t\t\t<\/div>\n\t\t\t\t\t\t\t\t\t\t\t\t\t\n\t\t\t\t\t\t\t\t\n\t\t\t\t\t\t\t\t\t\t\t\t\t\t\t\t\t\t\t\t\t<h2 class=\"entry-title\">\n\t\t\t\t\t<a href=\"https:\/\/peru-amazonico.de\/es\/projekte\/landwirtschaft\/waldschutzprojekt\/abholzung-stoppen-klima-schutzen\/\">\n\t\t\t\t\t\t\u00a1Detengamos la deforestaci\u00f3n y protejamos el clima!\t\t\t\t\t<\/a>\n\t\t\t\t<\/h2>\n\t\t\t\t\t\t\t\t\t\t\t\t\t\t\t\t\t\t\t\t\t\t\t\t\t\t\t\t\t\t\t\t\t\t\t\t\t\t\t\t\t\t<p>Los Amigos del Per\u00fa Amazonico eV presentan sus proyectos actuales de protecci\u00f3n clim\u00e1tica en una presentaci\u00f3n animada: Video proyectos de protecci\u00f3n clim\u00e1tica FPA_2020-06-02<\/p>\n\t\t\t\t\t\t\t\t\t\t\t\t\t\t\t\t\t\t\t\t\t\t                                                            <div class=\"btn-wraper\">\n                                    \n                                                                            <a class=\"elementskit-btn whitespace--normal\" id=\"\" href=\"https:\/\/peru-amazonico.de\/es\/projekte\/landwirtschaft\/waldschutzprojekt\/abholzung-stoppen-klima-schutzen\/\">\n                                        \t                                            Leer m\u00e1s                                        <\/a>\n                                                                    <\/div>\n                                                    <\/div><!-- .elementskit-post-body END -->\n                    <\/div>\n                \n            <\/div>\n                <\/div>\n       <\/div>\t\t\t\t<\/div>\n\t\t\t\t<\/div>\n\t\t\t\t\t<\/div>\n\t\t<\/div>\n\t\t\t\t\t<\/div>\n\t\t<\/section>\n\t\t\t\t<\/div>","protected":false},"excerpt":{"rendered":"<p>Das Projekt l\u00e4uft vom Oktober 2017 bis Ende 2020. Das Volumen betr\u00e4gt 400.000 \u20ac, wovon 75% vom BMZ gef\u00f6rdert werden, der Rest von uns und Quellen in Peru. Die organisatorische [&hellip;]<\/p>","protected":false},"author":1,"featured_media":0,"parent":454,"menu_order":0,"comment_status":"closed","ping_status":"closed","template":"elementor_header_footer","meta":{"footnotes":""},"class_list":["post-462","page","type-page","status-publish","hentry"],"_links":{"self":[{"href":"https:\/\/peru-amazonico.de\/es\/wp-json\/wp\/v2\/pages\/462","targetHints":{"allow":["GET"]}}],"collection":[{"href":"https:\/\/peru-amazonico.de\/es\/wp-json\/wp\/v2\/pages"}],"about":[{"href":"https:\/\/peru-amazonico.de\/es\/wp-json\/wp\/v2\/types\/page"}],"author":[{"embeddable":true,"href":"https:\/\/peru-amazonico.de\/es\/wp-json\/wp\/v2\/users\/1"}],"replies":[{"embeddable":true,"href":"https:\/\/peru-amazonico.de\/es\/wp-json\/wp\/v2\/comments?post=462"}],"version-history":[{"count":7,"href":"https:\/\/peru-amazonico.de\/es\/wp-json\/wp\/v2\/pages\/462\/revisions"}],"predecessor-version":[{"id":1027,"href":"https:\/\/peru-amazonico.de\/es\/wp-json\/wp\/v2\/pages\/462\/revisions\/1027"}],"up":[{"embeddable":true,"href":"https:\/\/peru-amazonico.de\/es\/wp-json\/wp\/v2\/pages\/454"}],"wp:attachment":[{"href":"https:\/\/peru-amazonico.de\/es\/wp-json\/wp\/v2\/media?parent=462"}],"curies":[{"name":"wp","href":"https:\/\/api.w.org\/{rel}","templated":true}]}}