{"id":464,"date":"2024-02-22T08:50:02","date_gmt":"2024-02-22T13:50:02","guid":{"rendered":"https:\/\/peru-amazonico.de\/?page_id=464"},"modified":"2024-02-24T18:27:32","modified_gmt":"2024-02-24T23:27:32","slug":"regenwaldschutzprojekt-cero-deforestacion","status":"publish","type":"page","link":"https:\/\/peru-amazonico.de\/es\/projekte\/landwirtschaft\/regenwaldschutzprojekt-cero-deforestacion\/","title":{"rendered":"Proyecto de protecci\u00f3n de bosques tropicales \u201ccero deforestaci\u00f3n\u201d"},"content":{"rendered":"<div data-elementor-type=\"wp-page\" data-elementor-id=\"464\" class=\"elementor elementor-464\" data-elementor-post-type=\"page\">\n\t\t\t\t\t\t<section class=\"elementor-section elementor-top-section elementor-element elementor-element-89ca931 elementor-section-boxed elementor-section-height-default elementor-section-height-default\" data-id=\"89ca931\" data-element_type=\"section\" data-settings=\"{&quot;background_background&quot;:&quot;classic&quot;}\">\n\t\t\t\t\t\t\t<div class=\"elementor-background-overlay\"><\/div>\n\t\t\t\t\t\t\t<div class=\"elementor-container elementor-column-gap-default\">\n\t\t\t\t\t<div class=\"elementor-column elementor-col-100 elementor-top-column elementor-element elementor-element-3078604\" data-id=\"3078604\" data-element_type=\"column\" data-settings=\"{&quot;background_background&quot;:&quot;classic&quot;}\">\n\t\t\t<div class=\"elementor-widget-wrap elementor-element-populated\">\n\t\t\t\t\t\t<section class=\"elementor-section elementor-inner-section elementor-element elementor-element-3b6d010 elementor-section-boxed elementor-section-height-default elementor-section-height-default elementor-invisible\" data-id=\"3b6d010\" data-element_type=\"section\" data-settings=\"{&quot;background_background&quot;:&quot;classic&quot;,&quot;animation&quot;:&quot;zoomIn&quot;}\">\n\t\t\t\t\t\t<div class=\"elementor-container elementor-column-gap-default\">\n\t\t\t\t\t<div class=\"elementor-column elementor-col-100 elementor-inner-column elementor-element elementor-element-2382925\" data-id=\"2382925\" data-element_type=\"column\">\n\t\t\t<div class=\"elementor-widget-wrap elementor-element-populated\">\n\t\t\t\t\t\t<div class=\"elementor-element elementor-element-d4e35f9 animated-fast elementor-invisible elementor-widget elementor-widget-heading\" data-id=\"d4e35f9\" data-element_type=\"widget\" data-settings=\"{&quot;_animation&quot;:&quot;fadeInDown&quot;,&quot;_animation_delay&quot;:400}\" data-widget_type=\"heading.default\">\n\t\t\t\t<div class=\"elementor-widget-container\">\n\t\t\t\t\t<h1 class=\"elementor-heading-title elementor-size-default\">Proyecto de protecci\u00f3n de bosques tropicales \u201ccero deforestaci\u00f3n\u201d<\/h1>\t\t\t\t<\/div>\n\t\t\t\t<\/div>\n\t\t\t\t\t<\/div>\n\t\t<\/div>\n\t\t\t\t\t<\/div>\n\t\t<\/section>\n\t\t\t\t\t<\/div>\n\t\t<\/div>\n\t\t\t\t\t<\/div>\n\t\t<\/section>\n\t\t\t\t<section class=\"elementor-section elementor-top-section elementor-element elementor-element-70ab340 elementor-section-content-middle elementor-section-boxed elementor-section-height-default elementor-section-height-default\" data-id=\"70ab340\" data-element_type=\"section\" data-settings=\"{&quot;background_background&quot;:&quot;classic&quot;}\">\n\t\t\t\t\t\t<div class=\"elementor-container elementor-column-gap-default\">\n\t\t\t\t\t<div class=\"elementor-column elementor-col-33 elementor-top-column elementor-element elementor-element-186c6d9 elementor-invisible\" data-id=\"186c6d9\" data-element_type=\"column\" data-settings=\"{&quot;animation&quot;:&quot;fadeInLeft&quot;}\">\n\t\t\t<div class=\"elementor-widget-wrap elementor-element-populated\">\n\t\t\t\t\t\t<div class=\"elementor-element elementor-element-d2ae3f7 elementor-widget elementor-widget-text-editor\" data-id=\"d2ae3f7\" data-element_type=\"widget\" data-widget_type=\"text-editor.default\">\n\t\t\t\t<div class=\"elementor-widget-container\">\n\t\t\t\t\t\t\t\t\t<p>Hay un v\u00eddeo claro en el que nuestros socios peruanos explican c\u00f3mo funciona el proyecto. Los agricultores implicados tambi\u00e9n dicen lo que piensan al respecto. El sonido original es espa\u00f1ol, ahora\u00a0<strong>con subt\u00edtulos en alem\u00e1n<\/strong>. Fue traducido por Ana Caballero Encinas, una amiga del club que actualmente vive nuevamente en Lima despu\u00e9s de vivir 16 a\u00f1os en Heidelberg. Nuestro miembro Christian Walenczyk brind\u00f3 apoyo t\u00e9cnico para la campa\u00f1a.<\/p><p>Si tienes prisa, mira la imagen. Es s\u00f3lo una parte de la explicaci\u00f3n, pero es importante.<\/p>\t\t\t\t\t\t\t\t<\/div>\n\t\t\t\t<\/div>\n\t\t\t\t\t<\/div>\n\t\t<\/div>\n\t\t\t\t<div class=\"elementor-column elementor-col-66 elementor-top-column elementor-element elementor-element-0377c79 elementor-invisible\" data-id=\"0377c79\" data-element_type=\"column\" data-settings=\"{&quot;background_background&quot;:&quot;gradient&quot;,&quot;animation&quot;:&quot;fadeInRight&quot;}\">\n\t\t\t<div class=\"elementor-widget-wrap elementor-element-populated\">\n\t\t\t\t\t\t<div class=\"elementor-element elementor-element-8ac048b elementor-widget elementor-widget-image\" data-id=\"8ac048b\" data-element_type=\"widget\" data-widget_type=\"image.default\">\n\t\t\t\t<div class=\"elementor-widget-container\">\n\t\t\t\t\t\t\t\t\t\t\t\t\t\t\t<img fetchpriority=\"high\" decoding=\"async\" width=\"480\" height=\"246\" src=\"https:\/\/peru-amazonico.de\/wp-content\/uploads\/2024\/02\/bildserie-erosion.jpg\" class=\"attachment-full size-full wp-image-1034\" alt=\"\" srcset=\"https:\/\/peru-amazonico.de\/wp-content\/uploads\/2024\/02\/bildserie-erosion.jpg 480w, https:\/\/peru-amazonico.de\/wp-content\/uploads\/2024\/02\/bildserie-erosion-300x154.jpg 300w\" sizes=\"(max-width: 480px) 100vw, 480px\" \/>\t\t\t\t\t\t\t\t\t\t\t\t\t\t\t<\/div>\n\t\t\t\t<\/div>\n\t\t\t\t\t<\/div>\n\t\t<\/div>\n\t\t\t\t\t<\/div>\n\t\t<\/section>\n\t\t\t\t<section class=\"elementor-section elementor-top-section elementor-element elementor-element-6eaab6a elementor-section-content-middle elementor-section-boxed elementor-section-height-default elementor-section-height-default\" data-id=\"6eaab6a\" data-element_type=\"section\" data-settings=\"{&quot;background_background&quot;:&quot;classic&quot;}\">\n\t\t\t\t\t\t<div class=\"elementor-container elementor-column-gap-default\">\n\t\t\t\t\t<div class=\"elementor-column elementor-col-66 elementor-top-column elementor-element elementor-element-096eda8 elementor-invisible\" data-id=\"096eda8\" data-element_type=\"column\" data-settings=\"{&quot;background_background&quot;:&quot;gradient&quot;,&quot;animation&quot;:&quot;fadeInRight&quot;}\">\n\t\t\t<div class=\"elementor-widget-wrap elementor-element-populated\">\n\t\t\t\t\t\t<div class=\"elementor-element elementor-element-1938e58 elementor-widget elementor-widget-image\" data-id=\"1938e58\" data-element_type=\"widget\" data-widget_type=\"image.default\">\n\t\t\t\t<div class=\"elementor-widget-container\">\n\t\t\t\t\t\t\t\t\t\t\t\t\t\t\t<img decoding=\"async\" width=\"801\" height=\"659\" data-src=\"https:\/\/peru-amazonico.de\/wp-content\/uploads\/2024\/02\/diagrama_zonas.jpg\" class=\"attachment-full size-full wp-image-1035 lazyload\" alt=\"\" data-srcset=\"https:\/\/peru-amazonico.de\/wp-content\/uploads\/2024\/02\/diagrama_zonas.jpg 801w, https:\/\/peru-amazonico.de\/wp-content\/uploads\/2024\/02\/diagrama_zonas-300x247.jpg 300w, https:\/\/peru-amazonico.de\/wp-content\/uploads\/2024\/02\/diagrama_zonas-768x632.jpg 768w\" data-sizes=\"(max-width: 801px) 100vw, 801px\" src=\"data:image\/gif;base64,R0lGODlhAQABAAAAACH5BAEKAAEALAAAAAABAAEAAAICTAEAOw==\" style=\"--smush-placeholder-width: 801px; --smush-placeholder-aspect-ratio: 801\/659;\" \/>\t\t\t\t\t\t\t\t\t\t\t\t\t\t\t<\/div>\n\t\t\t\t<\/div>\n\t\t\t\t\t<\/div>\n\t\t<\/div>\n\t\t\t\t<div class=\"elementor-column elementor-col-33 elementor-top-column elementor-element elementor-element-9f3b686 elementor-invisible\" data-id=\"9f3b686\" data-element_type=\"column\" data-settings=\"{&quot;animation&quot;:&quot;fadeInLeft&quot;}\">\n\t\t\t<div class=\"elementor-widget-wrap elementor-element-populated\">\n\t\t\t\t\t\t<div class=\"elementor-element elementor-element-d6ab304 elementor-widget elementor-widget-text-editor\" data-id=\"d6ab304\" data-element_type=\"widget\" data-widget_type=\"text-editor.default\">\n\t\t\t\t<div class=\"elementor-widget-container\">\n\t\t\t\t\t\t\t\t\t<p>La deforestaci\u00f3n provoca inundaciones, deslizamientos de tierra y deslizamientos de tierra. Por eso &gt;&gt;&gt; \u00a1Preserva el bosque!<\/p><p>La siguiente foto la tomamos de nuestros socios en Per\u00fa, es decir de la cooperativa CAC Divisoria y la organizaci\u00f3n no gubernamental Vida. Son las mismas personas, tanto como empresa como como asociaci\u00f3n. El dibujo deja claro que existen 3 zonas paisaj\u00edsticas diferentes, donde cada obra est\u00e1 realizada de forma diferente. La altitud tiene una gran influencia en el cultivo. El caf\u00e9 se cultiva en altitudes elevadas y el cacao en altitudes m\u00e1s bajas. Un caso especial es Montevideo y sus alrededores, donde se ha desarrollado la ganader\u00eda con productos secundarios como queso y yogur.<\/p>\t\t\t\t\t\t\t\t<\/div>\n\t\t\t\t<\/div>\n\t\t\t\t\t<\/div>\n\t\t<\/div>\n\t\t\t\t\t<\/div>\n\t\t<\/section>\n\t\t<div class=\"elementor-element elementor-element-8650fc0 e-flex e-con-boxed e-con e-parent\" data-id=\"8650fc0\" data-element_type=\"container\">\n\t\t\t\t\t<div class=\"e-con-inner\">\n\t\t\t\t<div class=\"elementor-element elementor-element-fc5b103 elementor-widget elementor-widget-text-editor\" data-id=\"fc5b103\" data-element_type=\"widget\" data-widget_type=\"text-editor.default\">\n\t\t\t\t<div class=\"elementor-widget-container\">\n\t\t\t\t\t\t\t\t\t<ul><li>SAF cacao = sistema agroforestal cacao \/ sistema agroforestal con cacao<\/li><li>SAF camu camu = sistema agroforestal camu camu \/ fruta con mucha vitamina C, apta para jugo<\/li><li>Ref. mixta = reforestaci\u00f3n mixta \/ reforestaci\u00f3n con diferentes \u00e1rboles<\/li><li>Rec. suelos = recuperaci\u00f3n \/ restauraci\u00f3n de terrenos sin valor<\/li><li>Conservar. bosques primarios = conservaci\u00f3n \/ preservaci\u00f3n de bosques primarios<\/li><li>Biohuertos = huertas org\u00e1nicas<\/li><li>Cocinas mejoradas = estufas de cocina mejoradas<\/li><li>Silvopastoril = pastoreo forestal<\/li><li>Planta de abonos = f\u00e1brica de abonos org\u00e1nicos<\/li><li>Parcelas demostrativas de pasto mejorado = pastos demostrativos con mejores variedades de pasto<\/li><\/ul><p>\u00a0<\/p><p>El proyecto ya est\u00e1 finalizado en septiembre de 2017. Los fondos del fondo de pr\u00e9stamos con los que los agricultores recibieron su financiaci\u00f3n inicial los reembolsan ellos mismos. Luego est\u00e1n disponibles a trav\u00e9s del \u201cCr\u00e9dito solidario CD\u201d para futuras actividades de los agricultores en l\u00ednea con el proyecto.<\/p>\t\t\t\t\t\t\t\t<\/div>\n\t\t\t\t<\/div>\n\t\t\t\t\t<\/div>\n\t\t\t\t<\/div>\n\t\t\t\t<section class=\"elementor-section elementor-top-section elementor-element elementor-element-ddcba8e elementor-section-boxed elementor-section-height-default elementor-section-height-default\" data-id=\"ddcba8e\" data-element_type=\"section\">\n\t\t\t\t\t\t<div class=\"elementor-container elementor-column-gap-default\">\n\t\t\t\t\t<div class=\"elementor-column elementor-col-100 elementor-top-column elementor-element elementor-element-3312e59\" data-id=\"3312e59\" data-element_type=\"column\">\n\t\t\t<div class=\"elementor-widget-wrap elementor-element-populated\">\n\t\t\t\t\t\t<div class=\"elementor-element elementor-element-8c1764c asd-posts elementor-widget elementor-widget-elementskit-blog-posts\" data-id=\"8c1764c\" data-element_type=\"widget\" data-widget_type=\"elementskit-blog-posts.default\">\n\t\t\t\t<div class=\"elementor-widget-container\">\n\t\t\t\t\t<div class=\"ekit-wid-con\" >        <div id=\"post-items--8c1764c\" class=\"row post-items\">\n                    <div class=\"col-lg-4 col-md-6\">\n\n                                    <div class=\"elementskit-post-image-card\">\n                        <div class=\"elementskit-entry-header\">\n                                                            <a href=\"https:\/\/peru-amazonico.de\/es\/projekte\/landwirtschaft\/regenwaldschutzprojekt-cero-deforestacion\/kurbisanbau-in-montevideo\/\" class=\"elementskit-entry-thumb\">\n                                    <img decoding=\"async\" data-src=\"https:\/\/peru-amazonico.de\/wp-content\/uploads\/2024\/02\/zapallo-15.7.17.jpg\" alt=\"K\u00fcrbisanbau in Montevideo\" src=\"data:image\/gif;base64,R0lGODlhAQABAAAAACH5BAEKAAEALAAAAAABAAEAAAICTAEAOw==\" class=\"lazyload\" style=\"--smush-placeholder-width: 1024px; --smush-placeholder-aspect-ratio: 1024\/575;\">\n                                <\/a><!-- .elementskit-entry-thumb END -->\n                                                                                                    <div class=\"elementskit-meta-lists elementskit-style-tag\">\n                                        <div class=\"elementskit-single-meta triangle_left\"><span class=\"elementskit-meta-wraper\"><strong>23<\/strong>Jul<\/span><\/div>\n                                    <\/div>\n                                                                                            \n                            \n\t\t\t\t\t\t\t\t\t\t\t\t\t<\/div><!-- .elementskit-entry-header END -->\n\n\t\t\t\t\t\t<div class=\"elementskit-post-body\">\n\t\t\t\t\t\t\t\n\t\t\t\t\t\t\t\t\t\t\t\t\t\t\t\t\t\t\t\t\t\t\t\t\t\t\t\t<div class=\"post-meta-list\">\n\t\t\t\t\t\t\t\t\t\t\t\t\t\t\t\t\t\t\t\t\t\t\t\t\t\t\t\t\t\t\t\t\t\t\t\t\t\t\t\t<span class=\"post-cat\">\n\t\t\t\t\t\t\t\t\t\t<i aria-hidden=\"true\" class=\"icon icon-folder\"><\/i>\t\t\t\t\t\t\t\t\t\t<a href=\"https:\/\/peru-amazonico.de\/es\/category\/projekte\/sonstige-projekte\/dorfprojekt-montevideo\/\" rel=\"category tag\">Proyecto del pueblo de Montevideo<\/a> | <a href=\"https:\/\/peru-amazonico.de\/es\/category\/projekte\/landwirtschaft\/regenwaldschutzprojekt-cero-deforestacion\/\" rel=\"category tag\">Proyecto de protecci\u00f3n de bosques tropicales \u201ccero deforestaci\u00f3n\u201d<\/a>\t\t\t\t\t\t\t\t\t<\/span>\n\t\t\t\t\t\t\t\t\t\t\t\t\t\t\t\t\t\t\t\t\t\t\t\t\t\t\t\t\t<\/div>\n\t\t\t\t\t\t\t\t\t\t\t\t\t\n\t\t\t\t\t\t\t\t\n\t\t\t\t\t\t\t\t\t\t\t\t\t\t\t\t\t\t\t\t\t<h2 class=\"entry-title\">\n\t\t\t\t\t<a href=\"https:\/\/peru-amazonico.de\/es\/projekte\/landwirtschaft\/regenwaldschutzprojekt-cero-deforestacion\/kurbisanbau-in-montevideo\/\">\n\t\t\t\t\t\tCultivo de calabaza en Montevideo\t\t\t\t\t<\/a>\n\t\t\t\t<\/h2>\n\t\t\t\t\t\t\t\t\t\t\t\t\t\t\t\t\t\t\t\t\t\t\t\t\t\t\t\t\t\t\t\t\t\t\t\t\t\t\t\t\t\t<p>Im Rahmen der noch verf\u00fcgbaren Kredite des Fondo Rotativo nutzten zahlreiche&nbsp; Landwirte von Montevideo das Angebot der&nbsp;b\u00e4uerlichen Kreditorganisation&nbsp; CSCD, um&hellip;<\/p>\n\t\t\t\t\t\t\t\t\t\t\t\t\t\t\t\t\t\t\t\t\t\t                                                            <div class=\"btn-wraper\">\n                                    \n                                                                            <a class=\"elementskit-btn whitespace--normal\" id=\"\" href=\"https:\/\/peru-amazonico.de\/es\/projekte\/landwirtschaft\/regenwaldschutzprojekt-cero-deforestacion\/kurbisanbau-in-montevideo\/\">\n                                        \t                                            Leer m\u00e1s                                        <\/a>\n                                                                    <\/div>\n                                                    <\/div><!-- .elementskit-post-body END -->\n                    <\/div>\n                \n            <\/div>\n                <\/div>\n       <\/div>\t\t\t\t<\/div>\n\t\t\t\t<\/div>\n\t\t\t\t\t<\/div>\n\t\t<\/div>\n\t\t\t\t\t<\/div>\n\t\t<\/section>\n\t\t\t\t<\/div>","protected":false},"excerpt":{"rendered":"<p>Es gibt ein anschauliches Video, in dem unsere peruanischen Partner erkl\u00e4ren, wie das Projekt funktioniert. Des weiteren sagen die beteilgten Bauern, was sie davon halten. Der Originalton ist spanisch, jetzt\u00a0mit [&hellip;]<\/p>","protected":false},"author":1,"featured_media":0,"parent":454,"menu_order":0,"comment_status":"closed","ping_status":"closed","template":"elementor_header_footer","meta":{"footnotes":""},"class_list":["post-464","page","type-page","status-publish","hentry"],"_links":{"self":[{"href":"https:\/\/peru-amazonico.de\/es\/wp-json\/wp\/v2\/pages\/464","targetHints":{"allow":["GET"]}}],"collection":[{"href":"https:\/\/peru-amazonico.de\/es\/wp-json\/wp\/v2\/pages"}],"about":[{"href":"https:\/\/peru-amazonico.de\/es\/wp-json\/wp\/v2\/types\/page"}],"author":[{"embeddable":true,"href":"https:\/\/peru-amazonico.de\/es\/wp-json\/wp\/v2\/users\/1"}],"replies":[{"embeddable":true,"href":"https:\/\/peru-amazonico.de\/es\/wp-json\/wp\/v2\/comments?post=464"}],"version-history":[{"count":10,"href":"https:\/\/peru-amazonico.de\/es\/wp-json\/wp\/v2\/pages\/464\/revisions"}],"predecessor-version":[{"id":1041,"href":"https:\/\/peru-amazonico.de\/es\/wp-json\/wp\/v2\/pages\/464\/revisions\/1041"}],"up":[{"embeddable":true,"href":"https:\/\/peru-amazonico.de\/es\/wp-json\/wp\/v2\/pages\/454"}],"wp:attachment":[{"href":"https:\/\/peru-amazonico.de\/es\/wp-json\/wp\/v2\/media?parent=464"}],"curies":[{"name":"wp","href":"https:\/\/api.w.org\/{rel}","templated":true}]}}