{"id":468,"date":"2024-02-22T08:50:57","date_gmt":"2024-02-22T13:50:57","guid":{"rendered":"https:\/\/peru-amazonico.de\/?page_id=468"},"modified":"2024-02-25T08:06:59","modified_gmt":"2024-02-25T13:06:59","slug":"dorfprojekt-montevideo","status":"publish","type":"page","link":"https:\/\/peru-amazonico.de\/es\/projekte\/sonstige-projekte\/dorfprojekt-montevideo\/","title":{"rendered":"Proyecto del pueblo de Montevideo"},"content":{"rendered":"<div data-elementor-type=\"wp-page\" data-elementor-id=\"468\" class=\"elementor elementor-468\" data-elementor-post-type=\"page\">\n\t\t\t\t\t\t<section class=\"elementor-section elementor-top-section elementor-element elementor-element-f8f0abb elementor-section-boxed elementor-section-height-default elementor-section-height-default\" data-id=\"f8f0abb\" data-element_type=\"section\" data-settings=\"{&quot;background_background&quot;:&quot;classic&quot;}\">\n\t\t\t\t\t\t\t<div class=\"elementor-background-overlay\"><\/div>\n\t\t\t\t\t\t\t<div class=\"elementor-container elementor-column-gap-default\">\n\t\t\t\t\t<div class=\"elementor-column elementor-col-100 elementor-top-column elementor-element elementor-element-fd4bdfd\" data-id=\"fd4bdfd\" data-element_type=\"column\" data-settings=\"{&quot;background_background&quot;:&quot;classic&quot;}\">\n\t\t\t<div class=\"elementor-widget-wrap elementor-element-populated\">\n\t\t\t\t\t\t<section class=\"elementor-section elementor-inner-section elementor-element elementor-element-ee9c25d elementor-section-boxed elementor-section-height-default elementor-section-height-default elementor-invisible\" data-id=\"ee9c25d\" data-element_type=\"section\" data-settings=\"{&quot;background_background&quot;:&quot;classic&quot;,&quot;animation&quot;:&quot;zoomIn&quot;}\">\n\t\t\t\t\t\t<div class=\"elementor-container elementor-column-gap-default\">\n\t\t\t\t\t<div class=\"elementor-column elementor-col-100 elementor-inner-column elementor-element elementor-element-92691b0\" data-id=\"92691b0\" data-element_type=\"column\">\n\t\t\t<div class=\"elementor-widget-wrap elementor-element-populated\">\n\t\t\t\t\t\t<div class=\"elementor-element elementor-element-2bd13aa animated-fast elementor-invisible elementor-widget elementor-widget-heading\" data-id=\"2bd13aa\" data-element_type=\"widget\" data-settings=\"{&quot;_animation&quot;:&quot;fadeInDown&quot;,&quot;_animation_delay&quot;:400}\" data-widget_type=\"heading.default\">\n\t\t\t\t<div class=\"elementor-widget-container\">\n\t\t\t\t\t<h1 class=\"elementor-heading-title elementor-size-default\">Proyecto del pueblo de Montevideo<\/h1>\t\t\t\t<\/div>\n\t\t\t\t<\/div>\n\t\t\t\t\t<\/div>\n\t\t<\/div>\n\t\t\t\t\t<\/div>\n\t\t<\/section>\n\t\t\t\t\t<\/div>\n\t\t<\/div>\n\t\t\t\t\t<\/div>\n\t\t<\/section>\n\t\t\t\t<section class=\"elementor-section elementor-top-section elementor-element elementor-element-117bdb2 elementor-section-content-middle elementor-section-boxed elementor-section-height-default elementor-section-height-default\" data-id=\"117bdb2\" data-element_type=\"section\" data-settings=\"{&quot;background_background&quot;:&quot;classic&quot;}\">\n\t\t\t\t\t\t<div class=\"elementor-container elementor-column-gap-default\">\n\t\t\t\t\t<div class=\"elementor-column elementor-col-50 elementor-top-column elementor-element elementor-element-bfb0e60 elementor-invisible\" data-id=\"bfb0e60\" data-element_type=\"column\" data-settings=\"{&quot;animation&quot;:&quot;fadeInLeft&quot;}\">\n\t\t\t<div class=\"elementor-widget-wrap elementor-element-populated\">\n\t\t\t\t\t\t<div class=\"elementor-element elementor-element-43816fd elementor-widget elementor-widget-text-editor\" data-id=\"43816fd\" data-element_type=\"widget\" data-widget_type=\"text-editor.default\">\n\t\t\t\t<div class=\"elementor-widget-container\">\n\t\t\t\t\t\t\t\t\t<p>El proyecto es\u00a0<em><strong>Formada en 1996 a partir de un grupo multidisciplinario de profesionales agr\u00edcolas.<\/strong>.<\/em>\u00a0Conscientes de las necesidades de apoyo t\u00e9cnico y econ\u00f3mico de los peque\u00f1os agricultores de la zona de Tingo Mar\u00eda, se han unido para realizar este apoyo en estrecha colaboraci\u00f3n con los agricultores. Algunos miembros del grupo son empleados de la\u00a0<a href=\"https:\/\/www.unas.edu.pe\/web\/\"><em>Universidad Agr\u00edcola Tingo Mar\u00eda<\/em><\/a>\u00a0o el proyecto especial Alto Huallaga. Su objetivo es implementar planes de desarrollo integral en las \u00e1reas agr\u00edcola, forestal y de procesamiento de productos agr\u00edcolas con el fin de mejorar las condiciones de vida de los pobladores. Se hace hincapi\u00e9 en la preservaci\u00f3n del medio ambiente y la participaci\u00f3n activa de la poblaci\u00f3n de la aldea respectiva. Ya se han logrado las primeras mejoras en el pastoreo del ganado y la producci\u00f3n de queso en Montevideo.<\/p><p>Hemos estado mejorando el\u00a0<strong><em>Explotaci\u00f3n lechera y producci\u00f3n de queso.<\/em>\u00a0<\/strong>en el pueblo de Montevideo, al que s\u00f3lo se puede llegar mediante una caminata de 5 horas.<\/p><p>Con estos medios se cre\u00f3 uno nuevo\u00a0<strong><em>Edificio de elaboraci\u00f3n de queso<\/em>\u00a0<\/strong>construido (el antiguo se estaba derrumbando), parte de la instalaci\u00f3n financiada y\u00a0<strong><em>Cr\u00e9ditos de producci\u00f3n a los agricultores<\/em>\u00a0<\/strong>dado. Con estos pr\u00e9stamos, los agricultores pudieron mejorar sus pastos y, por tanto, tambi\u00e9n la alimentaci\u00f3n de sus vacas.\u00a0<strong><em>El queso se vende con \u00e9xito en el mercado de Tingo Mar\u00eda<\/em>.<\/strong><\/p>\t\t\t\t\t\t\t\t<\/div>\n\t\t\t\t<\/div>\n\t\t\t\t\t<\/div>\n\t\t<\/div>\n\t\t\t\t<div class=\"elementor-column elementor-col-50 elementor-top-column elementor-element elementor-element-082b9fe elementor-invisible\" data-id=\"082b9fe\" data-element_type=\"column\" data-settings=\"{&quot;background_background&quot;:&quot;gradient&quot;,&quot;animation&quot;:&quot;fadeInRight&quot;}\">\n\t\t\t<div class=\"elementor-widget-wrap elementor-element-populated\">\n\t\t\t\t\t\t<div class=\"elementor-element elementor-element-3bb1f2e elementor-widget elementor-widget-image\" data-id=\"3bb1f2e\" data-element_type=\"widget\" data-widget_type=\"image.default\">\n\t\t\t\t<div class=\"elementor-widget-container\">\n\t\t\t\t\t\t\t\t\t\t\t\t\t\t\t<img fetchpriority=\"high\" decoding=\"async\" width=\"1024\" height=\"575\" src=\"https:\/\/peru-amazonico.de\/wp-content\/uploads\/2024\/02\/zapallo-15.7.17-1024x575-1.jpg\" class=\"attachment-full size-full wp-image-1048\" alt=\"\" srcset=\"https:\/\/peru-amazonico.de\/wp-content\/uploads\/2024\/02\/zapallo-15.7.17-1024x575-1.jpg 1024w, https:\/\/peru-amazonico.de\/wp-content\/uploads\/2024\/02\/zapallo-15.7.17-1024x575-1-300x168.jpg 300w, https:\/\/peru-amazonico.de\/wp-content\/uploads\/2024\/02\/zapallo-15.7.17-1024x575-1-768x431.jpg 768w\" sizes=\"(max-width: 1024px) 100vw, 1024px\" \/>\t\t\t\t\t\t\t\t\t\t\t\t\t\t\t<\/div>\n\t\t\t\t<\/div>\n\t\t\t\t\t<\/div>\n\t\t<\/div>\n\t\t\t\t\t<\/div>\n\t\t<\/section>\n\t\t\t\t<section class=\"elementor-section elementor-top-section elementor-element elementor-element-603e638 elementor-section-boxed elementor-section-height-default elementor-section-height-default\" data-id=\"603e638\" data-element_type=\"section\">\n\t\t\t\t\t\t<div class=\"elementor-container elementor-column-gap-default\">\n\t\t\t\t\t<div class=\"elementor-column elementor-col-100 elementor-top-column elementor-element elementor-element-80dcaaf\" data-id=\"80dcaaf\" data-element_type=\"column\">\n\t\t\t<div class=\"elementor-widget-wrap elementor-element-populated\">\n\t\t\t\t\t\t<div class=\"elementor-element elementor-element-de63107 asd-posts elementor-widget elementor-widget-elementskit-blog-posts\" data-id=\"de63107\" data-element_type=\"widget\" data-widget_type=\"elementskit-blog-posts.default\">\n\t\t\t\t<div class=\"elementor-widget-container\">\n\t\t\t\t\t<div class=\"ekit-wid-con\" >        <div id=\"post-items--de63107\" class=\"row post-items\">\n                    <div class=\"col-lg-4 col-md-6\">\n\n                                    <div class=\"elementskit-post-image-card\">\n                        <div class=\"elementskit-entry-header\">\n                                                            <a href=\"https:\/\/peru-amazonico.de\/es\/projekte\/landwirtschaft\/regenwaldschutzprojekt-cero-deforestacion\/kurbisanbau-in-montevideo\/\" class=\"elementskit-entry-thumb\">\n                                    <img decoding=\"async\" data-src=\"https:\/\/peru-amazonico.de\/wp-content\/uploads\/2024\/02\/zapallo-15.7.17.jpg\" alt=\"K\u00fcrbisanbau in Montevideo\" src=\"data:image\/gif;base64,R0lGODlhAQABAAAAACH5BAEKAAEALAAAAAABAAEAAAICTAEAOw==\" class=\"lazyload\" style=\"--smush-placeholder-width: 1024px; --smush-placeholder-aspect-ratio: 1024\/575;\">\n                                <\/a><!-- .elementskit-entry-thumb END -->\n                                                                                                    <div class=\"elementskit-meta-lists elementskit-style-tag\">\n                                        <div class=\"elementskit-single-meta triangle_left\"><span class=\"elementskit-meta-wraper\"><strong>23<\/strong>Jul<\/span><\/div>\n                                    <\/div>\n                                                                                            \n                            \n\t\t\t\t\t\t\t\t\t\t\t\t\t<\/div><!-- .elementskit-entry-header END -->\n\n\t\t\t\t\t\t<div class=\"elementskit-post-body\">\n\t\t\t\t\t\t\t\n\t\t\t\t\t\t\t\t\t\t\t\t\t\t\t\t\t\t\t\t\t\t\t\t\t\t\t\t<div class=\"post-meta-list\">\n\t\t\t\t\t\t\t\t\t\t\t\t\t\t\t\t\t\t\t\t\t\t\t\t\t\t\t\t\t\t\t\t\t\t\t\t\t\t\t\t<span class=\"post-cat\">\n\t\t\t\t\t\t\t\t\t\t<i aria-hidden=\"true\" class=\"icon icon-folder\"><\/i>\t\t\t\t\t\t\t\t\t\t<a href=\"https:\/\/peru-amazonico.de\/es\/category\/projekte\/sonstige-projekte\/dorfprojekt-montevideo\/\" rel=\"category tag\">Proyecto del pueblo de Montevideo<\/a> | <a href=\"https:\/\/peru-amazonico.de\/es\/category\/projekte\/landwirtschaft\/regenwaldschutzprojekt-cero-deforestacion\/\" rel=\"category tag\">Proyecto de protecci\u00f3n de bosques tropicales \u201ccero deforestaci\u00f3n\u201d<\/a>\t\t\t\t\t\t\t\t\t<\/span>\n\t\t\t\t\t\t\t\t\t\t\t\t\t\t\t\t\t\t\t\t\t\t\t\t\t\t\t\t\t<\/div>\n\t\t\t\t\t\t\t\t\t\t\t\t\t\n\t\t\t\t\t\t\t\t\n\t\t\t\t\t\t\t\t\t\t\t\t\t\t\t\t\t\t\t\t\t<h2 class=\"entry-title\">\n\t\t\t\t\t<a href=\"https:\/\/peru-amazonico.de\/es\/projekte\/landwirtschaft\/regenwaldschutzprojekt-cero-deforestacion\/kurbisanbau-in-montevideo\/\">\n\t\t\t\t\t\tCultivo de calabaza en Montevideo\t\t\t\t\t<\/a>\n\t\t\t\t<\/h2>\n\t\t\t\t\t\t\t\t\t\t\t\t\t\t\t\t\t\t\t\t\t\t\t\t\t\t\t\t\t\t\t\t\t\t\t\t\t\t\t\t\t\t<p>Im Rahmen der noch verf\u00fcgbaren Kredite des Fondo Rotativo nutzten zahlreiche&nbsp; Landwirte von Montevideo das Angebot der&nbsp;b\u00e4uerlichen Kreditorganisation&nbsp; CSCD, um&hellip;<\/p>\n\t\t\t\t\t\t\t\t\t\t\t\t\t\t\t\t\t\t\t\t\t\t                                                            <div class=\"btn-wraper\">\n                                    \n                                                                            <a class=\"elementskit-btn whitespace--normal\" id=\"\" href=\"https:\/\/peru-amazonico.de\/es\/projekte\/landwirtschaft\/regenwaldschutzprojekt-cero-deforestacion\/kurbisanbau-in-montevideo\/\">\n                                        \t                                            Leer m\u00e1s                                        <\/a>\n                                                                    <\/div>\n                                                    <\/div><!-- .elementskit-post-body END -->\n                    <\/div>\n                \n            <\/div>\n                <\/div>\n       <\/div>\t\t\t\t<\/div>\n\t\t\t\t<\/div>\n\t\t\t\t\t<\/div>\n\t\t<\/div>\n\t\t\t\t\t<\/div>\n\t\t<\/section>\n\t\t\t\t<\/div>","protected":false},"excerpt":{"rendered":"<p>Das Projekt ist\u00a01996 aus einer multidisziplin\u00e4ren Gruppe von landwirtschaftlichen Fachleuten entstanden.\u00a0Im Bewu\u00dftsein der Bed\u00fcrfnisse der Kleinbauern im Raum Tingo Maria nach technischer und \u00f6konomischer Unterst\u00fctzung haben sie sich zusammengeschlossen, um [&hellip;]<\/p>","protected":false},"author":1,"featured_media":0,"parent":456,"menu_order":0,"comment_status":"closed","ping_status":"closed","template":"elementor_header_footer","meta":{"footnotes":""},"class_list":["post-468","page","type-page","status-publish","hentry"],"_links":{"self":[{"href":"https:\/\/peru-amazonico.de\/es\/wp-json\/wp\/v2\/pages\/468","targetHints":{"allow":["GET"]}}],"collection":[{"href":"https:\/\/peru-amazonico.de\/es\/wp-json\/wp\/v2\/pages"}],"about":[{"href":"https:\/\/peru-amazonico.de\/es\/wp-json\/wp\/v2\/types\/page"}],"author":[{"embeddable":true,"href":"https:\/\/peru-amazonico.de\/es\/wp-json\/wp\/v2\/users\/1"}],"replies":[{"embeddable":true,"href":"https:\/\/peru-amazonico.de\/es\/wp-json\/wp\/v2\/comments?post=468"}],"version-history":[{"count":4,"href":"https:\/\/peru-amazonico.de\/es\/wp-json\/wp\/v2\/pages\/468\/revisions"}],"predecessor-version":[{"id":1051,"href":"https:\/\/peru-amazonico.de\/es\/wp-json\/wp\/v2\/pages\/468\/revisions\/1051"}],"up":[{"embeddable":true,"href":"https:\/\/peru-amazonico.de\/es\/wp-json\/wp\/v2\/pages\/456"}],"wp:attachment":[{"href":"https:\/\/peru-amazonico.de\/es\/wp-json\/wp\/v2\/media?parent=468"}],"curies":[{"name":"wp","href":"https:\/\/api.w.org\/{rel}","templated":true}]}}