{"id":470,"date":"2024-02-22T08:51:18","date_gmt":"2024-02-22T13:51:18","guid":{"rendered":"https:\/\/peru-amazonico.de\/?page_id=470"},"modified":"2024-02-25T08:52:32","modified_gmt":"2024-02-25T13:52:32","slug":"das-jungbauernprojekt","status":"publish","type":"page","link":"https:\/\/peru-amazonico.de\/es\/projekte\/sonstige-projekte\/das-jungbauernprojekt\/","title":{"rendered":"Proyecto de los j\u00f3venes agricultores"},"content":{"rendered":"<div data-elementor-type=\"wp-page\" data-elementor-id=\"470\" class=\"elementor elementor-470\" data-elementor-post-type=\"page\">\n\t\t\t\t\t\t<section class=\"elementor-section elementor-top-section elementor-element elementor-element-73d82514 elementor-section-boxed elementor-section-height-default elementor-section-height-default\" data-id=\"73d82514\" data-element_type=\"section\" data-settings=\"{&quot;background_background&quot;:&quot;classic&quot;}\">\n\t\t\t\t\t\t\t<div class=\"elementor-background-overlay\"><\/div>\n\t\t\t\t\t\t\t<div class=\"elementor-container elementor-column-gap-default\">\n\t\t\t\t\t<div class=\"elementor-column elementor-col-100 elementor-top-column elementor-element elementor-element-463fd1d3\" data-id=\"463fd1d3\" data-element_type=\"column\">\n\t\t\t<div class=\"elementor-widget-wrap elementor-element-populated\">\n\t\t\t\t\t\t<section class=\"elementor-section elementor-inner-section elementor-element elementor-element-2b47b631 elementor-section-boxed elementor-section-height-default elementor-section-height-default\" data-id=\"2b47b631\" data-element_type=\"section\" data-settings=\"{&quot;background_background&quot;:&quot;classic&quot;}\">\n\t\t\t\t\t\t<div class=\"elementor-container elementor-column-gap-default\">\n\t\t\t\t\t<div class=\"elementor-column elementor-col-100 elementor-inner-column elementor-element elementor-element-10772a7\" data-id=\"10772a7\" data-element_type=\"column\">\n\t\t\t<div class=\"elementor-widget-wrap elementor-element-populated\">\n\t\t\t\t\t\t<div class=\"elementor-element elementor-element-14046d16 elementor-widget elementor-widget-heading\" data-id=\"14046d16\" data-element_type=\"widget\" data-widget_type=\"heading.default\">\n\t\t\t\t<div class=\"elementor-widget-container\">\n\t\t\t\t\t<h2 class=\"elementor-heading-title elementor-size-default\">Proyecto de los j\u00f3venes agricultores<\/h2>\t\t\t\t<\/div>\n\t\t\t\t<\/div>\n\t\t\t\t<div class=\"elementor-element elementor-element-1f3a7089 elementor-widget elementor-widget-text-editor\" data-id=\"1f3a7089\" data-element_type=\"widget\" data-widget_type=\"text-editor.default\">\n\t\t\t\t<div class=\"elementor-widget-container\">\n\t\t\t\t\t\t\t\t\t<p>Como en muchos pa\u00edses, Per\u00fa tambi\u00e9n est\u00e1 luchando con el problema de los j\u00f3venes que se trasladan de las zonas rurales a las ciudades para mantenerse a s\u00ed mismos o a sus familias.<\/p><p><strong><em>Los motivos de este \u00e9xodo rural<\/em>\u00a0<\/strong>Son diversos, pero no se debe ignorar en este momento que los pa\u00edses industrializados tambi\u00e9n tienen parte de culpa a trav\u00e9s de sus pol\u00edticas, por ejemplo en el FMI. Pero tambi\u00e9n el hecho de que\u00a0<em><strong>muchos proyectos<\/strong>\u00a0<\/em>cooperaci\u00f3n para el desarrollo<strong><em>\u00a0en ciudades<\/em>\u00a0<\/strong>promueve estos flujos migratorios.<\/p>\t\t\t\t\t\t\t\t<\/div>\n\t\t\t\t<\/div>\n\t\t\t\t\t<\/div>\n\t\t<\/div>\n\t\t\t\t\t<\/div>\n\t\t<\/section>\n\t\t\t\t\t<\/div>\n\t\t<\/div>\n\t\t\t\t\t<\/div>\n\t\t<\/section>\n\t\t\t\t<section class=\"elementor-section elementor-top-section elementor-element elementor-element-1bea2a1f elementor-section-content-middle elementor-section-boxed elementor-section-height-default elementor-section-height-default\" data-id=\"1bea2a1f\" data-element_type=\"section\" data-settings=\"{&quot;background_background&quot;:&quot;classic&quot;}\">\n\t\t\t\t\t\t<div class=\"elementor-container elementor-column-gap-default\">\n\t\t\t\t\t<div class=\"elementor-column elementor-col-50 elementor-top-column elementor-element elementor-element-a3e22a6\" data-id=\"a3e22a6\" data-element_type=\"column\" data-settings=\"{&quot;background_background&quot;:&quot;gradient&quot;}\">\n\t\t\t<div class=\"elementor-widget-wrap elementor-element-populated\">\n\t\t\t\t\t\t<div class=\"elementor-element elementor-element-4afafaf5 elementor-widget elementor-widget-image\" data-id=\"4afafaf5\" data-element_type=\"widget\" data-widget_type=\"image.default\">\n\t\t\t\t<div class=\"elementor-widget-container\">\n\t\t\t\t\t\t\t\t\t\t\t\t\t\t\t<img fetchpriority=\"high\" decoding=\"async\" width=\"1024\" height=\"773\" src=\"https:\/\/peru-amazonico.de\/wp-content\/uploads\/2024\/02\/photo4.jpg\" class=\"attachment-full size-full wp-image-1053\" alt=\"\" srcset=\"https:\/\/peru-amazonico.de\/wp-content\/uploads\/2024\/02\/photo4.jpg 1024w, https:\/\/peru-amazonico.de\/wp-content\/uploads\/2024\/02\/photo4-300x226.jpg 300w, https:\/\/peru-amazonico.de\/wp-content\/uploads\/2024\/02\/photo4-768x580.jpg 768w\" sizes=\"(max-width: 1024px) 100vw, 1024px\" \/>\t\t\t\t\t\t\t\t\t\t\t\t\t\t\t<\/div>\n\t\t\t\t<\/div>\n\t\t\t\t\t<\/div>\n\t\t<\/div>\n\t\t\t\t<div class=\"elementor-column elementor-col-50 elementor-top-column elementor-element elementor-element-4afa6b99\" data-id=\"4afa6b99\" data-element_type=\"column\">\n\t\t\t<div class=\"elementor-widget-wrap elementor-element-populated\">\n\t\t\t\t\t\t<div class=\"elementor-element elementor-element-1726615e elementor-widget elementor-widget-text-editor\" data-id=\"1726615e\" data-element_type=\"widget\" data-widget_type=\"text-editor.default\">\n\t\t\t\t<div class=\"elementor-widget-container\">\n\t\t\t\t\t\t\t\t\t<p>Es por eso que los j\u00f3venes de la organizaci\u00f3n asociada FUSEVI se sentaron a discutir el problema en s\u00ed y las soluciones con otros j\u00f3venes del \u00e1rea de Puccalpa. El resultado fue un proyecto con el t\u00edtulo:<\/p><p><strong><em>Prevenir el \u00e9xodo rural mediante la formaci\u00f3n espec\u00edfica de los j\u00f3venes, especialmente en agricultura sostenible<\/em><\/strong><\/p><p>Por parte alemana, la Asociaci\u00f3n Per\u00fa-Amaz\u00f3nico acept\u00f3 apoyar el proyecto. Cabe recalcar que nosotros...\u00a0<em><strong>Fundaci\u00f3n Estatal de Baden-W\u00fcrttemberg<\/strong>\u00a0<\/em>pudimos convencerlos de que tambi\u00e9n actuaran aqu\u00ed como patrocinadores.<\/p><p>Por lo tanto, los j\u00f3venes fundaron una empresa independiente.\u00a0<em><strong>Asociaci\u00f3n OJA = Organizaci\u00f3n de J\u00f3venes Amaz\u00f3nicos.<\/strong><\/em>\u00a0Adem\u00e1s, el proyecto se limit\u00f3 inicialmente a tres aldeas. Est\u00e1 prevista una ampliaci\u00f3n de las actividades de estas c\u00e9lulas nucleares, que deber\u00eda ser en gran medida independiente y sostenible una vez finalizado el proyecto.<\/p><p>Las l\u00edneas del proyecto para los pueblos surgieron a partir de encuestas locales realizadas por los j\u00f3venes in situ. Adem\u00e1s, en cada aldea se fund\u00f3 un \u201cComit\u00e9 de J\u00f3venes Agricultores Org\u00e1nicos\u201d y se redactaron los estatutos correspondientes.<\/p>\t\t\t\t\t\t\t\t<\/div>\n\t\t\t\t<\/div>\n\t\t\t\t\t<\/div>\n\t\t<\/div>\n\t\t\t\t\t<\/div>\n\t\t<\/section>\n\t\t\t\t<section class=\"elementor-section elementor-top-section elementor-element elementor-element-5a80fb6 elementor-section-content-middle elementor-section-boxed elementor-section-height-default elementor-section-height-default\" data-id=\"5a80fb6\" data-element_type=\"section\" data-settings=\"{&quot;background_background&quot;:&quot;classic&quot;}\">\n\t\t\t\t\t\t<div class=\"elementor-container elementor-column-gap-default\">\n\t\t\t\t\t<div class=\"elementor-column elementor-col-100 elementor-top-column elementor-element elementor-element-485f251\" data-id=\"485f251\" data-element_type=\"column\">\n\t\t\t<div class=\"elementor-widget-wrap elementor-element-populated\">\n\t\t\t\t\t\t<div class=\"elementor-element elementor-element-d4c19fc elementor-widget elementor-widget-text-editor\" data-id=\"d4c19fc\" data-element_type=\"widget\" data-widget_type=\"text-editor.default\">\n\t\t\t\t<div class=\"elementor-widget-container\">\n\t\t\t\t\t\t\t\t\t<p>Adem\u00e1s de estas l\u00edneas de aldea, tambi\u00e9n se integraron en el programa enfoques tem\u00e1ticos generales. Adem\u00e1s de los proyectos agr\u00edcolas, tambi\u00e9n se trataron temas como:<\/p><ul><li><em>\u00bfC\u00f3mo pueden los agricultores organizarse democr\u00e1ticamente para abordar los problemas de forma independiente?<\/em><\/li><li><em>\u00bfCu\u00e1les son tus propias ra\u00edces y qu\u00e9 vale la pena preservar?<\/em><\/li><li><em>Gesti\u00f3n corporativa y elaboraci\u00f3n de balances.<\/em><\/li><li><em>Planificaci\u00f3n familiar y lo que implica formar un hogar (por ejemplo, planificaci\u00f3n presupuestaria)<\/em><\/li><li><em>Igualdad entre mujeres y hombres<\/em><\/li><li><em>Intercambio de experiencias y creaci\u00f3n de programas de apoyo para promoverlo, por ejemplo organizando encuentros deportivos.<\/em><\/li><\/ul><p>Como parte de las visitas de campo,\u00a0<em><strong>Capacitaci\u00f3n y talleres<\/strong>\u00a0<\/em>Se recogieron e intercambiaron experiencias con agricultores org\u00e1nicos. Esto tambi\u00e9n abarca el potencial de mercado y las condiciones que deben tenerse en cuenta antes de su comercializaci\u00f3n, as\u00ed como los criterios de calidad que dan derecho al titular a llevar sellos de calidad. Tambi\u00e9n cubri\u00f3 conceptos b\u00e1sicos agr\u00edcolas y agroforestales, ganader\u00eda, cultivo de determinadas frutas, principios de fondos rotativos y mucho m\u00e1s.<\/p>\t\t\t\t\t\t\t\t<\/div>\n\t\t\t\t<\/div>\n\t\t\t\t<div class=\"elementor-element elementor-element-56c6c62 elementor-widget elementor-widget-text-editor\" data-id=\"56c6c62\" data-element_type=\"widget\" data-widget_type=\"text-editor.default\">\n\t\t\t\t<div class=\"elementor-widget-container\">\n\t\t\t\t\t\t\t\t\t<p>Bas\u00e1ndose en estos principios, los primeros animales se convirtieron en uno solo.\u00a0<strong><em>Fondo Rotativo<\/em><\/strong>\u00a0fueron introducidos. Tambi\u00e9n se obtuvieron plantas j\u00f3venes y se crearon plantaciones.<\/p><p>Durante el transcurso del proyecto, los j\u00f3venes agricultores no s\u00f3lo aprendieron\u00a0<strong><em>Conocimientos de agricultura ecol\u00f3gica, pero tambi\u00e9n fortalecieron su confianza en s\u00ed mismos.<\/em>\u00a0<\/strong>y su capacidad para formular exigencias leg\u00edtimas a los pol\u00edticos, etc. Han aprendido que vivir en el campo tambi\u00e9n ofrece perspectivas positivas. Al plantar los campos, ahora est\u00e1n m\u00e1s \u201carraigados\u201d en su aldea y tienen inter\u00e9s en quedarse en el campo. los creados\u00a0<em><strong>Los cultivos van desde maderas perennes hasta maderas preciosas.<\/strong><\/em>, cuyo rendimiento s\u00f3lo estar\u00e1 disponible dentro de muchos a\u00f1os: raz\u00f3n de m\u00e1s para quedarse y \u201cdisfrutar de los frutos\u201d.<\/p><p>En un caso, un joven agricultor regres\u00f3 a su aldea. Esto le hizo volver a disfrutar de la agricultura. Ahora ha vuelto a hacerse cargo de sus campos y quiere seguir asesorando a los dem\u00e1s j\u00f3venes agricultores. Para ello se form\u00f3 como asesores a j\u00f3venes agricultores id\u00f3neos.<\/p>\t\t\t\t\t\t\t\t<\/div>\n\t\t\t\t<\/div>\n\t\t\t\t\t<\/div>\n\t\t<\/div>\n\t\t\t\t\t<\/div>\n\t\t<\/section>\n\t\t<div class=\"elementor-element elementor-element-e1b6773 e-flex e-con-boxed e-con e-parent\" data-id=\"e1b6773\" data-element_type=\"container\">\n\t\t\t\t\t<div class=\"e-con-inner\">\n\t\t\t\t<div class=\"elementor-element elementor-element-f02ad08 elementor-widget elementor-widget-gallery\" data-id=\"f02ad08\" data-element_type=\"widget\" data-settings=\"{&quot;gallery_layout&quot;:&quot;justified&quot;,&quot;overlay_description&quot;:&quot;description&quot;,&quot;lazyload&quot;:&quot;yes&quot;,&quot;ideal_row_height&quot;:{&quot;unit&quot;:&quot;px&quot;,&quot;size&quot;:200,&quot;sizes&quot;:[]},&quot;ideal_row_height_tablet&quot;:{&quot;unit&quot;:&quot;px&quot;,&quot;size&quot;:150,&quot;sizes&quot;:[]},&quot;ideal_row_height_mobile&quot;:{&quot;unit&quot;:&quot;px&quot;,&quot;size&quot;:150,&quot;sizes&quot;:[]},&quot;gap&quot;:{&quot;unit&quot;:&quot;px&quot;,&quot;size&quot;:10,&quot;sizes&quot;:[]},&quot;gap_tablet&quot;:{&quot;unit&quot;:&quot;px&quot;,&quot;size&quot;:10,&quot;sizes&quot;:[]},&quot;gap_mobile&quot;:{&quot;unit&quot;:&quot;px&quot;,&quot;size&quot;:10,&quot;sizes&quot;:[]},&quot;link_to&quot;:&quot;file&quot;,&quot;overlay_background&quot;:&quot;yes&quot;,&quot;content_hover_animation&quot;:&quot;fade-in&quot;}\" data-widget_type=\"gallery.default\">\n\t\t\t\t<div class=\"elementor-widget-container\">\n\t\t\t\t\t\t\t<div class=\"elementor-gallery__container\">\n\t\t\t\t\t\t\t<a class=\"e-gallery-item elementor-gallery-item elementor-animated-content\" href=\"https:\/\/peru-amazonico.de\/wp-content\/uploads\/2024\/02\/photo31.jpg\" data-elementor-open-lightbox=\"yes\" data-elementor-lightbox-slideshow=\"f02ad08\" data-elementor-lightbox-title=\"photo31\" data-elementor-lightbox-description=\"Das selbst\u00e4ndige Referieren will gelernt werden.\" data-e-action-hash=\"#elementor-action%3Aaction%3Dlightbox%26settings%3DeyJpZCI6MTA1NSwidXJsIjoiaHR0cHM6XC9cL3BlcnUtYW1hem9uaWNvLmRlXC93cC1jb250ZW50XC91cGxvYWRzXC8yMDI0XC8wMlwvcGhvdG8zMS5qcGciLCJzbGlkZXNob3ciOiJmMDJhZDA4In0%3D\">\n\t\t\t\t\t<div class=\"e-gallery-image elementor-gallery-item__image\" data-thumbnail=\"https:\/\/peru-amazonico.de\/wp-content\/uploads\/2024\/02\/photo31-300x226.jpg\" data-width=\"300\" data-height=\"226\" aria-label=\"\" role=\"img\" ><\/div>\n\t\t\t\t\t\t\t\t\t\t\t<div class=\"elementor-gallery-item__overlay\"><\/div>\n\t\t\t\t\t\t\t\t\t\t\t\t\t\t\t<div class=\"elementor-gallery-item__content\">\n\t\t\t\t\t\t\t\t\t\t\t\t\t\t<div class=\"elementor-gallery-item__description\">\n\t\t\t\t\t\t\t\t\t\t\t\t\t\t\t\t\t\tEs necesario aprender a dar de forma independiente.\t\t\t\t\t\t\t\t<\/div>\n\t\t\t\t\t\t\t\t\t\t\t\t<\/div>\n\t\t\t\t\t\t\t\t\t<\/a>\n\t\t\t\t\t\t\t<a class=\"e-gallery-item elementor-gallery-item elementor-animated-content\" href=\"https:\/\/peru-amazonico.de\/wp-content\/uploads\/2024\/02\/photo5.jpg\" data-elementor-open-lightbox=\"yes\" data-elementor-lightbox-slideshow=\"f02ad08\" data-elementor-lightbox-title=\"photo5\" data-elementor-lightbox-description=\"Es geht aber auch so \u2013 Gruppenarbeit ist angesagt\" data-e-action-hash=\"#elementor-action%3Aaction%3Dlightbox%26settings%3DeyJpZCI6MTA1NCwidXJsIjoiaHR0cHM6XC9cL3BlcnUtYW1hem9uaWNvLmRlXC93cC1jb250ZW50XC91cGxvYWRzXC8yMDI0XC8wMlwvcGhvdG81LmpwZyIsInNsaWRlc2hvdyI6ImYwMmFkMDgifQ%3D%3D\">\n\t\t\t\t\t<div class=\"e-gallery-image elementor-gallery-item__image\" data-thumbnail=\"https:\/\/peru-amazonico.de\/wp-content\/uploads\/2024\/02\/photo5-300x226.jpg\" data-width=\"300\" data-height=\"226\" aria-label=\"\" role=\"img\" ><\/div>\n\t\t\t\t\t\t\t\t\t\t\t<div class=\"elementor-gallery-item__overlay\"><\/div>\n\t\t\t\t\t\t\t\t\t\t\t\t\t\t\t<div class=\"elementor-gallery-item__content\">\n\t\t\t\t\t\t\t\t\t\t\t\t\t\t<div class=\"elementor-gallery-item__description\">\n\t\t\t\t\t\t\t\t\t\t\t\t\t\t\t\t\t\tPero tambi\u00e9n funciona as\u00ed: se requiere trabajo en grupo\t\t\t\t\t\t\t\t<\/div>\n\t\t\t\t\t\t\t\t\t\t\t\t<\/div>\n\t\t\t\t\t\t\t\t\t<\/a>\n\t\t\t\t\t\t\t<a class=\"e-gallery-item elementor-gallery-item elementor-animated-content\" href=\"https:\/\/peru-amazonico.de\/wp-content\/uploads\/2024\/02\/photo1.jpg\" data-elementor-open-lightbox=\"yes\" data-elementor-lightbox-slideshow=\"f02ad08\" data-elementor-lightbox-title=\"photo1\" data-elementor-lightbox-description=\"Wie man sieht, nehmen auch Frauen an solchen Aktionen aktiv teil\" data-e-action-hash=\"#elementor-action%3Aaction%3Dlightbox%26settings%3DeyJpZCI6MTA1OCwidXJsIjoiaHR0cHM6XC9cL3BlcnUtYW1hem9uaWNvLmRlXC93cC1jb250ZW50XC91cGxvYWRzXC8yMDI0XC8wMlwvcGhvdG8xLmpwZyIsInNsaWRlc2hvdyI6ImYwMmFkMDgifQ%3D%3D\">\n\t\t\t\t\t<div class=\"e-gallery-image elementor-gallery-item__image\" data-thumbnail=\"https:\/\/peru-amazonico.de\/wp-content\/uploads\/2024\/02\/photo1-300x226.jpg\" data-width=\"300\" data-height=\"226\" aria-label=\"\" role=\"img\" ><\/div>\n\t\t\t\t\t\t\t\t\t\t\t<div class=\"elementor-gallery-item__overlay\"><\/div>\n\t\t\t\t\t\t\t\t\t\t\t\t\t\t\t<div class=\"elementor-gallery-item__content\">\n\t\t\t\t\t\t\t\t\t\t\t\t\t\t<div class=\"elementor-gallery-item__description\">\n\t\t\t\t\t\t\t\t\t\t\t\t\t\t\t\t\t\tComo puedes ver, las mujeres tambi\u00e9n participan activamente en este tipo de acciones.\t\t\t\t\t\t\t\t<\/div>\n\t\t\t\t\t\t\t\t\t\t\t\t<\/div>\n\t\t\t\t\t\t\t\t\t<\/a>\n\t\t\t\t\t\t\t<a class=\"e-gallery-item elementor-gallery-item elementor-animated-content\" href=\"https:\/\/peru-amazonico.de\/wp-content\/uploads\/2024\/02\/photo8.jpg\" data-elementor-open-lightbox=\"yes\" data-elementor-lightbox-slideshow=\"f02ad08\" data-elementor-lightbox-title=\"photo8\" data-elementor-lightbox-description=\"Und wie immer zum Abschlu\u00df: das Zertifikat\" data-e-action-hash=\"#elementor-action%3Aaction%3Dlightbox%26settings%3DeyJpZCI6MTA1NywidXJsIjoiaHR0cHM6XC9cL3BlcnUtYW1hem9uaWNvLmRlXC93cC1jb250ZW50XC91cGxvYWRzXC8yMDI0XC8wMlwvcGhvdG84LmpwZyIsInNsaWRlc2hvdyI6ImYwMmFkMDgifQ%3D%3D\">\n\t\t\t\t\t<div class=\"e-gallery-image elementor-gallery-item__image\" data-thumbnail=\"https:\/\/peru-amazonico.de\/wp-content\/uploads\/2024\/02\/photo8-300x226.jpg\" data-width=\"300\" data-height=\"226\" aria-label=\"\" role=\"img\" ><\/div>\n\t\t\t\t\t\t\t\t\t\t\t<div class=\"elementor-gallery-item__overlay\"><\/div>\n\t\t\t\t\t\t\t\t\t\t\t\t\t\t\t<div class=\"elementor-gallery-item__content\">\n\t\t\t\t\t\t\t\t\t\t\t\t\t\t<div class=\"elementor-gallery-item__description\">\n\t\t\t\t\t\t\t\t\t\t\t\t\t\t\t\t\t\tY como siempre al final: el certificado.\t\t\t\t\t\t\t\t<\/div>\n\t\t\t\t\t\t\t\t\t\t\t\t<\/div>\n\t\t\t\t\t\t\t\t\t<\/a>\n\t\t\t\t\t\t\t<a class=\"e-gallery-item elementor-gallery-item elementor-animated-content\" href=\"https:\/\/peru-amazonico.de\/wp-content\/uploads\/2024\/02\/photo4.jpg\" data-elementor-open-lightbox=\"yes\" data-elementor-lightbox-slideshow=\"f02ad08\" data-elementor-lightbox-title=\"photo4\" data-elementor-lightbox-description=\"Aber auch die normale Schulsituation kam zum Tragen\" data-e-action-hash=\"#elementor-action%3Aaction%3Dlightbox%26settings%3DeyJpZCI6MTA1MywidXJsIjoiaHR0cHM6XC9cL3BlcnUtYW1hem9uaWNvLmRlXC93cC1jb250ZW50XC91cGxvYWRzXC8yMDI0XC8wMlwvcGhvdG80LmpwZyIsInNsaWRlc2hvdyI6ImYwMmFkMDgifQ%3D%3D\">\n\t\t\t\t\t<div class=\"e-gallery-image elementor-gallery-item__image\" data-thumbnail=\"https:\/\/peru-amazonico.de\/wp-content\/uploads\/2024\/02\/photo4-300x226.jpg\" data-width=\"300\" data-height=\"226\" aria-label=\"\" role=\"img\" ><\/div>\n\t\t\t\t\t\t\t\t\t\t\t<div class=\"elementor-gallery-item__overlay\"><\/div>\n\t\t\t\t\t\t\t\t\t\t\t\t\t\t\t<div class=\"elementor-gallery-item__content\">\n\t\t\t\t\t\t\t\t\t\t\t\t\t\t<div class=\"elementor-gallery-item__description\">\n\t\t\t\t\t\t\t\t\t\t\t\t\t\t\t\t\t\tPero tambi\u00e9n entr\u00f3 en juego la situaci\u00f3n normal de la escuela.\t\t\t\t\t\t\t\t<\/div>\n\t\t\t\t\t\t\t\t\t\t\t\t<\/div>\n\t\t\t\t\t\t\t\t\t<\/a>\n\t\t\t\t\t\t\t<a class=\"e-gallery-item elementor-gallery-item elementor-animated-content\" href=\"https:\/\/peru-amazonico.de\/wp-content\/uploads\/2024\/02\/photo61.jpg\" data-elementor-open-lightbox=\"yes\" data-elementor-lightbox-slideshow=\"f02ad08\" data-elementor-lightbox-title=\"photo61\" data-elementor-lightbox-description=\"mit Stempel und vielen wichtigen Unterschriften \u2013 Peru eben\" data-e-action-hash=\"#elementor-action%3Aaction%3Dlightbox%26settings%3DeyJpZCI6MTA1NiwidXJsIjoiaHR0cHM6XC9cL3BlcnUtYW1hem9uaWNvLmRlXC93cC1jb250ZW50XC91cGxvYWRzXC8yMDI0XC8wMlwvcGhvdG82MS5qcGciLCJzbGlkZXNob3ciOiJmMDJhZDA4In0%3D\">\n\t\t\t\t\t<div class=\"e-gallery-image elementor-gallery-item__image\" data-thumbnail=\"https:\/\/peru-amazonico.de\/wp-content\/uploads\/2024\/02\/photo61-300x226.jpg\" data-width=\"300\" data-height=\"226\" aria-label=\"\" role=\"img\" ><\/div>\n\t\t\t\t\t\t\t\t\t\t\t<div class=\"elementor-gallery-item__overlay\"><\/div>\n\t\t\t\t\t\t\t\t\t\t\t\t\t\t\t<div class=\"elementor-gallery-item__content\">\n\t\t\t\t\t\t\t\t\t\t\t\t\t\t<div class=\"elementor-gallery-item__description\">\n\t\t\t\t\t\t\t\t\t\t\t\t\t\t\t\t\t\tcon sello y muchas firmas importantes \u2013 Per\u00fa\t\t\t\t\t\t\t\t<\/div>\n\t\t\t\t\t\t\t\t\t\t\t\t<\/div>\n\t\t\t\t\t\t\t\t\t<\/a>\n\t\t\t\t\t\t\t<a class=\"e-gallery-item elementor-gallery-item elementor-animated-content\" href=\"https:\/\/peru-amazonico.de\/wp-content\/uploads\/2024\/02\/photo71.jpg\" data-elementor-open-lightbox=\"yes\" data-elementor-lightbox-slideshow=\"f02ad08\" data-elementor-lightbox-title=\"photo71\" data-elementor-lightbox-description=\"Und die praktischen Teile k\u00f6nnen in einer Schule integriert werden\" data-e-action-hash=\"#elementor-action%3Aaction%3Dlightbox%26settings%3DeyJpZCI6MTA1OSwidXJsIjoiaHR0cHM6XC9cL3BlcnUtYW1hem9uaWNvLmRlXC93cC1jb250ZW50XC91cGxvYWRzXC8yMDI0XC8wMlwvcGhvdG83MS5qcGciLCJzbGlkZXNob3ciOiJmMDJhZDA4In0%3D\">\n\t\t\t\t\t<div class=\"e-gallery-image elementor-gallery-item__image\" data-thumbnail=\"https:\/\/peru-amazonico.de\/wp-content\/uploads\/2024\/02\/photo71-300x226.jpg\" data-width=\"300\" data-height=\"226\" aria-label=\"\" role=\"img\" ><\/div>\n\t\t\t\t\t\t\t\t\t\t\t<div class=\"elementor-gallery-item__overlay\"><\/div>\n\t\t\t\t\t\t\t\t\t\t\t\t\t\t\t<div class=\"elementor-gallery-item__content\">\n\t\t\t\t\t\t\t\t\t\t\t\t\t\t<div class=\"elementor-gallery-item__description\">\n\t\t\t\t\t\t\t\t\t\t\t\t\t\t\t\t\t\tY las partes pr\u00e1cticas se pueden integrar en una escuela.\t\t\t\t\t\t\t\t<\/div>\n\t\t\t\t\t\t\t\t\t\t\t\t<\/div>\n\t\t\t\t\t\t\t\t\t<\/a>\n\t\t\t\t\t<\/div>\n\t\t\t\t\t<\/div>\n\t\t\t\t<\/div>\n\t\t\t\t\t<\/div>\n\t\t\t\t<\/div>\n\t\t\t\t<\/div>","protected":false},"excerpt":{"rendered":"<p>Das Jungbauernprojekt Wie in vielen L\u00e4ndern hat auch Peru mit dem Problem zu k\u00e4mpfen, dass junge Menschen aus den l\u00e4ndlich gepr\u00e4gten Gegenden in die St\u00e4dte ziehen, um so sich selber [&hellip;]<\/p>","protected":false},"author":1,"featured_media":0,"parent":456,"menu_order":0,"comment_status":"closed","ping_status":"closed","template":"elementor_header_footer","meta":{"footnotes":""},"class_list":["post-470","page","type-page","status-publish","hentry"],"_links":{"self":[{"href":"https:\/\/peru-amazonico.de\/es\/wp-json\/wp\/v2\/pages\/470","targetHints":{"allow":["GET"]}}],"collection":[{"href":"https:\/\/peru-amazonico.de\/es\/wp-json\/wp\/v2\/pages"}],"about":[{"href":"https:\/\/peru-amazonico.de\/es\/wp-json\/wp\/v2\/types\/page"}],"author":[{"embeddable":true,"href":"https:\/\/peru-amazonico.de\/es\/wp-json\/wp\/v2\/users\/1"}],"replies":[{"embeddable":true,"href":"https:\/\/peru-amazonico.de\/es\/wp-json\/wp\/v2\/comments?post=470"}],"version-history":[{"count":31,"href":"https:\/\/peru-amazonico.de\/es\/wp-json\/wp\/v2\/pages\/470\/revisions"}],"predecessor-version":[{"id":1091,"href":"https:\/\/peru-amazonico.de\/es\/wp-json\/wp\/v2\/pages\/470\/revisions\/1091"}],"up":[{"embeddable":true,"href":"https:\/\/peru-amazonico.de\/es\/wp-json\/wp\/v2\/pages\/456"}],"wp:attachment":[{"href":"https:\/\/peru-amazonico.de\/es\/wp-json\/wp\/v2\/media?parent=470"}],"curies":[{"name":"wp","href":"https:\/\/api.w.org\/{rel}","templated":true}]}}