{"id":472,"date":"2024-02-22T08:52:03","date_gmt":"2024-02-22T13:52:03","guid":{"rendered":"https:\/\/peru-amazonico.de\/?page_id=472"},"modified":"2024-02-25T09:10:23","modified_gmt":"2024-02-25T14:10:23","slug":"regenwaldprojekt-fusevi","status":"publish","type":"page","link":"https:\/\/peru-amazonico.de\/es\/projekte\/sonstige-projekte\/regenwaldprojekt-fusevi\/","title":{"rendered":"Proyecto de selva tropical de Fusevi"},"content":{"rendered":"<div data-elementor-type=\"wp-page\" data-elementor-id=\"472\" class=\"elementor elementor-472\" data-elementor-post-type=\"page\">\n\t\t\t\t\t\t<section class=\"elementor-section elementor-top-section elementor-element elementor-element-971d5c8 elementor-section-boxed elementor-section-height-default elementor-section-height-default\" data-id=\"971d5c8\" data-element_type=\"section\" data-settings=\"{&quot;background_background&quot;:&quot;classic&quot;}\">\n\t\t\t\t\t\t\t<div class=\"elementor-background-overlay\"><\/div>\n\t\t\t\t\t\t\t<div class=\"elementor-container elementor-column-gap-default\">\n\t\t\t\t\t<div class=\"elementor-column elementor-col-100 elementor-top-column elementor-element elementor-element-fe38fbe\" data-id=\"fe38fbe\" data-element_type=\"column\" data-settings=\"{&quot;background_background&quot;:&quot;classic&quot;}\">\n\t\t\t<div class=\"elementor-widget-wrap elementor-element-populated\">\n\t\t\t\t\t\t<section class=\"elementor-section elementor-inner-section elementor-element elementor-element-ad92c78 elementor-section-boxed elementor-section-height-default elementor-section-height-default elementor-invisible\" data-id=\"ad92c78\" data-element_type=\"section\" data-settings=\"{&quot;background_background&quot;:&quot;classic&quot;,&quot;animation&quot;:&quot;zoomIn&quot;}\">\n\t\t\t\t\t\t<div class=\"elementor-container elementor-column-gap-default\">\n\t\t\t\t\t<div class=\"elementor-column elementor-col-100 elementor-inner-column elementor-element elementor-element-bd05cbd\" data-id=\"bd05cbd\" data-element_type=\"column\">\n\t\t\t<div class=\"elementor-widget-wrap elementor-element-populated\">\n\t\t\t\t\t\t<div class=\"elementor-element elementor-element-a871fb7 animated-fast elementor-invisible elementor-widget elementor-widget-heading\" data-id=\"a871fb7\" data-element_type=\"widget\" data-settings=\"{&quot;_animation&quot;:&quot;fadeInDown&quot;,&quot;_animation_delay&quot;:400}\" data-widget_type=\"heading.default\">\n\t\t\t\t<div class=\"elementor-widget-container\">\n\t\t\t\t\t<h1 class=\"elementor-heading-title elementor-size-default\">Proyecto de selva tropical de Fusevi<\/h1>\t\t\t\t<\/div>\n\t\t\t\t<\/div>\n\t\t\t\t\t<\/div>\n\t\t<\/div>\n\t\t\t\t\t<\/div>\n\t\t<\/section>\n\t\t\t\t\t<\/div>\n\t\t<\/div>\n\t\t\t\t\t<\/div>\n\t\t<\/section>\n\t\t\t\t<section class=\"elementor-section elementor-top-section elementor-element elementor-element-bacc837 elementor-section-content-middle elementor-section-boxed elementor-section-height-default elementor-section-height-default\" data-id=\"bacc837\" data-element_type=\"section\" data-settings=\"{&quot;background_background&quot;:&quot;classic&quot;}\">\n\t\t\t\t\t\t<div class=\"elementor-container elementor-column-gap-default\">\n\t\t\t\t\t<div class=\"elementor-column elementor-col-50 elementor-top-column elementor-element elementor-element-4566eca elementor-invisible\" data-id=\"4566eca\" data-element_type=\"column\" data-settings=\"{&quot;animation&quot;:&quot;fadeInLeft&quot;}\">\n\t\t\t<div class=\"elementor-widget-wrap elementor-element-populated\">\n\t\t\t\t\t\t<div class=\"elementor-element elementor-element-b7ab549 elementor-widget elementor-widget-text-editor\" data-id=\"b7ab549\" data-element_type=\"widget\" data-widget_type=\"text-editor.default\">\n\t\t\t\t<div class=\"elementor-widget-container\">\n\t\t\t\t\t\t\t\t\t<p><strong><em>(Nota: este proyecto ya se complet\u00f3 en el a\u00f1o 2000)<\/em><\/strong><\/p><p>o<\/p><p><strong>Agricultura org\u00e1nica para proteger la selva tropical<\/strong><\/p><p>Apoyar a la gente de la zona de selva tropical de Pucallpa es una de nuestras principales tareas hoy. Lema de nuestra organizaci\u00f3n socia peruana\u00a0<strong>FUSEVI (Fundaci\u00f3n por el Bosque Vivo)<\/strong>\u00a0es: hombre y naturaleza en armon\u00eda. En muchos pueblos cercanos a Pucallpa, FUSEVI promueve el cultivo org\u00e1nico de verduras, frutas y alimentos b\u00e1sicos y al mismo tiempo protege la selva tropical.\u00a0<strong>La agricultura de tala y quema se sustituye por abonos verdes (legumbres).\u00a0<\/strong>El proyecto Fusevi abarca actualmente m\u00e1s de 10 aldeas.<\/p><p>Situaci\u00f3n inicial: A trav\u00e9s\u00a0<strong>Tala y quema<\/strong>\u00a0Antiguamente se creaban grandes zonas de pasto para las vacas. Esta llamada ayuda al desarrollo termin\u00f3 entonces con:\u00a0<strong>enormes estepas<\/strong>\u00a0creado con la llamada hierba. Ya no era posible criar pastos con vacas lecheras, por lo que los agricultores siguieron adelante. Los agricultores que hoy apoyamos se establecieron en esta zona.<\/p>\t\t\t\t\t\t\t\t<\/div>\n\t\t\t\t<\/div>\n\t\t\t\t\t<\/div>\n\t\t<\/div>\n\t\t\t\t<div class=\"elementor-column elementor-col-50 elementor-top-column elementor-element elementor-element-39403f9 elementor-invisible\" data-id=\"39403f9\" data-element_type=\"column\" data-settings=\"{&quot;background_background&quot;:&quot;gradient&quot;,&quot;animation&quot;:&quot;fadeInRight&quot;}\">\n\t\t\t<div class=\"elementor-widget-wrap elementor-element-populated\">\n\t\t\t\t\t\t<div class=\"elementor-element elementor-element-e4f34ed elementor-widget elementor-widget-image\" data-id=\"e4f34ed\" data-element_type=\"widget\" data-widget_type=\"image.default\">\n\t\t\t\t<div class=\"elementor-widget-container\">\n\t\t\t\t\t\t\t\t\t\t\t\t\t\t\t<img fetchpriority=\"high\" decoding=\"async\" width=\"624\" height=\"595\" src=\"https:\/\/peru-amazonico.de\/wp-content\/uploads\/2024\/02\/FUSEVI.jpg\" class=\"attachment-full size-full wp-image-1095\" alt=\"\" srcset=\"https:\/\/peru-amazonico.de\/wp-content\/uploads\/2024\/02\/FUSEVI.jpg 624w, https:\/\/peru-amazonico.de\/wp-content\/uploads\/2024\/02\/FUSEVI-300x286.jpg 300w\" sizes=\"(max-width: 624px) 100vw, 624px\" \/>\t\t\t\t\t\t\t\t\t\t\t\t\t\t\t<\/div>\n\t\t\t\t<\/div>\n\t\t\t\t\t<\/div>\n\t\t<\/div>\n\t\t\t\t\t<\/div>\n\t\t<\/section>\n\t\t\t\t<section class=\"elementor-section elementor-top-section elementor-element elementor-element-a4d7390 elementor-section-content-middle elementor-section-boxed elementor-section-height-default elementor-section-height-default\" data-id=\"a4d7390\" data-element_type=\"section\" data-settings=\"{&quot;background_background&quot;:&quot;classic&quot;}\">\n\t\t\t\t\t\t<div class=\"elementor-container elementor-column-gap-default\">\n\t\t\t\t\t<div class=\"elementor-column elementor-col-50 elementor-top-column elementor-element elementor-element-3ff0bae elementor-invisible\" data-id=\"3ff0bae\" data-element_type=\"column\" data-settings=\"{&quot;background_background&quot;:&quot;gradient&quot;,&quot;animation&quot;:&quot;fadeInLeft&quot;}\">\n\t\t\t<div class=\"elementor-widget-wrap elementor-element-populated\">\n\t\t\t\t\t\t<div class=\"elementor-element elementor-element-022490a elementor-widget elementor-widget-image\" data-id=\"022490a\" data-element_type=\"widget\" data-widget_type=\"image.default\">\n\t\t\t\t<div class=\"elementor-widget-container\">\n\t\t\t\t\t\t\t\t\t\t\t\t\t\t\t<img decoding=\"async\" width=\"412\" height=\"266\" data-src=\"https:\/\/peru-amazonico.de\/wp-content\/uploads\/2024\/02\/arbeit.jpg\" class=\"attachment-full size-full wp-image-1096 lazyload\" alt=\"\" data-srcset=\"https:\/\/peru-amazonico.de\/wp-content\/uploads\/2024\/02\/arbeit.jpg 412w, https:\/\/peru-amazonico.de\/wp-content\/uploads\/2024\/02\/arbeit-300x194.jpg 300w\" data-sizes=\"(max-width: 412px) 100vw, 412px\" src=\"data:image\/gif;base64,R0lGODlhAQABAAAAACH5BAEKAAEALAAAAAABAAEAAAICTAEAOw==\" style=\"--smush-placeholder-width: 412px; --smush-placeholder-aspect-ratio: 412\/266;\" \/>\t\t\t\t\t\t\t\t\t\t\t\t\t\t\t<\/div>\n\t\t\t\t<\/div>\n\t\t\t\t\t<\/div>\n\t\t<\/div>\n\t\t\t\t<div class=\"elementor-column elementor-col-50 elementor-top-column elementor-element elementor-element-25c7cd5 elementor-invisible\" data-id=\"25c7cd5\" data-element_type=\"column\" data-settings=\"{&quot;animation&quot;:&quot;fadeInRight&quot;}\">\n\t\t\t<div class=\"elementor-widget-wrap elementor-element-populated\">\n\t\t\t\t\t\t<div class=\"elementor-element elementor-element-6856c9d elementor-widget elementor-widget-text-editor\" data-id=\"6856c9d\" data-element_type=\"widget\" data-widget_type=\"text-editor.default\">\n\t\t\t\t<div class=\"elementor-widget-container\">\n\t\t\t\t\t\t\t\t\t<p><strong>Cultivos mixtos agroforestales<\/strong>\u00a0son la forma m\u00e1s adaptada de uso de la tierra en los tr\u00f3picos h\u00famedos,\u00a0<strong>ya que se acercan m\u00e1s a la vegetaci\u00f3n grada de la selva tropical.<\/strong>\u00a0En lugar de invadir cada vez m\u00e1s el bosque primario, el bosque secundario puede utilizarse permanentemente y, por tanto, recultivarse.<\/p><p>Desde el a\u00f1o 2000, Fusevi tambi\u00e9n recibe financiaci\u00f3n del Ministerio Federal de Cooperaci\u00f3n al Desarrollo. Estar en el proyecto\u00a0<strong>Medidas de reforestaci\u00f3n y medidas de sostenibilidad (cursos de formaci\u00f3n, aulas de formaci\u00f3n, etc.)<\/strong>\u00a0promovido. Las superficies utilizables reci\u00e9n creadas tambi\u00e9n sirven para cubrir las necesidades propias de los agricultores.<\/p><p>Actualmente se est\u00e1 preparando un v\u00eddeo (realizado en 2000) sobre el trabajo espec\u00edfico de Fusevi y puede solicitarlo a nosotros.<\/p><p>Si desea obtener m\u00e1s informaci\u00f3n, puede descargar un informe del cooperante de desarrollo alem\u00e1n.\u00a0<a title=\"Informe de Carsten 2001\" href=\"https:\/\/peru-amazonico.de\/2014\/wp-content\/uploads\/2015\/03\/Bericht-von-Carsten.pdf\">(Carsten)<\/a>\u00a0vista.<\/p><p>Im\u00e1genes para Proyecto Fusevi<\/p>\t\t\t\t\t\t\t\t<\/div>\n\t\t\t\t<\/div>\n\t\t\t\t\t<\/div>\n\t\t<\/div>\n\t\t\t\t\t<\/div>\n\t\t<\/section>\n\t\t\t\t<section class=\"elementor-section elementor-top-section elementor-element elementor-element-2b7b083 elementor-section-content-middle elementor-section-boxed elementor-section-height-default elementor-section-height-default\" data-id=\"2b7b083\" data-element_type=\"section\" data-settings=\"{&quot;background_background&quot;:&quot;classic&quot;}\">\n\t\t\t\t\t\t<div class=\"elementor-container elementor-column-gap-default\">\n\t\t\t\t\t<div class=\"elementor-column elementor-col-100 elementor-top-column elementor-element elementor-element-aa04d7a elementor-invisible\" data-id=\"aa04d7a\" data-element_type=\"column\" data-settings=\"{&quot;animation&quot;:&quot;fadeInLeft&quot;}\">\n\t\t\t<div class=\"elementor-widget-wrap elementor-element-populated\">\n\t\t\t\t\t\t<div class=\"elementor-element elementor-element-60fde6c elementor-widget elementor-widget-text-editor\" data-id=\"60fde6c\" data-element_type=\"widget\" data-widget_type=\"text-editor.default\">\n\t\t\t\t<div class=\"elementor-widget-container\">\n\t\t\t\t\t\t\t\t\t<p>Demostraci\u00f3n de campo sobre el uso de suelos empobrecidos en\u00a0<strong>Nueva Barranca, el pueblo vecino de Limongema<\/strong>\u00a0(3 horas en bote hasta Ucayali desde Pucallpa). A trav\u00e9s de la legumbre\u00a0<strong>mucuna<\/strong>\u00a0Incluso las malas hierbas rebeldes se pueden eliminar y la tierra se puede volver a utilizar.<\/p>\t\t\t\t\t\t\t\t<\/div>\n\t\t\t\t<\/div>\n\t\t\t\t<div class=\"elementor-element elementor-element-a80b169 elementor-widget elementor-widget-image\" data-id=\"a80b169\" data-element_type=\"widget\" data-widget_type=\"image.default\">\n\t\t\t\t<div class=\"elementor-widget-container\">\n\t\t\t\t\t\t\t\t\t\t\t\t\t\t\t<img decoding=\"async\" width=\"416\" height=\"264\" data-src=\"https:\/\/peru-amazonico.de\/wp-content\/uploads\/2024\/02\/Image2.jpg\" class=\"attachment-large size-large wp-image-1097 lazyload\" alt=\"\" data-srcset=\"https:\/\/peru-amazonico.de\/wp-content\/uploads\/2024\/02\/Image2.jpg 416w, https:\/\/peru-amazonico.de\/wp-content\/uploads\/2024\/02\/Image2-300x190.jpg 300w\" data-sizes=\"(max-width: 416px) 100vw, 416px\" src=\"data:image\/gif;base64,R0lGODlhAQABAAAAACH5BAEKAAEALAAAAAABAAEAAAICTAEAOw==\" style=\"--smush-placeholder-width: 416px; --smush-placeholder-aspect-ratio: 416\/264;\" \/>\t\t\t\t\t\t\t\t\t\t\t\t\t\t\t<\/div>\n\t\t\t\t<\/div>\n\t\t\t\t<div class=\"elementor-element elementor-element-0bac6bd elementor-widget elementor-widget-text-editor\" data-id=\"0bac6bd\" data-element_type=\"widget\" data-widget_type=\"text-editor.default\">\n\t\t\t\t<div class=\"elementor-widget-container\">\n\t\t\t\t\t\t\t\t\t<p>Capacitar a los agricultores org\u00e1nicos en este\u00a0<strong>Pueblo Shipibo Limongema<\/strong><\/p>\t\t\t\t\t\t\t\t<\/div>\n\t\t\t\t<\/div>\n\t\t\t\t<div class=\"elementor-element elementor-element-905b1f5 elementor-widget elementor-widget-image\" data-id=\"905b1f5\" data-element_type=\"widget\" data-widget_type=\"image.default\">\n\t\t\t\t<div class=\"elementor-widget-container\">\n\t\t\t\t\t\t\t\t\t\t\t\t\t\t\t<img decoding=\"async\" width=\"676\" height=\"944\" data-src=\"https:\/\/peru-amazonico.de\/wp-content\/uploads\/2024\/02\/Image4.jpg\" class=\"attachment-large size-large wp-image-1098 lazyload\" alt=\"\" data-srcset=\"https:\/\/peru-amazonico.de\/wp-content\/uploads\/2024\/02\/Image4.jpg 676w, https:\/\/peru-amazonico.de\/wp-content\/uploads\/2024\/02\/Image4-215x300.jpg 215w\" data-sizes=\"(max-width: 676px) 100vw, 676px\" src=\"data:image\/gif;base64,R0lGODlhAQABAAAAACH5BAEKAAEALAAAAAABAAEAAAICTAEAOw==\" style=\"--smush-placeholder-width: 676px; --smush-placeholder-aspect-ratio: 676\/944;\" \/>\t\t\t\t\t\t\t\t\t\t\t\t\t\t\t<\/div>\n\t\t\t\t<\/div>\n\t\t\t\t<div class=\"elementor-element elementor-element-ad2616f elementor-widget elementor-widget-text-editor\" data-id=\"ad2616f\" data-element_type=\"widget\" data-widget_type=\"text-editor.default\">\n\t\t\t\t<div class=\"elementor-widget-container\">\n\t\t\t\t\t\t\t\t\t<p>La agricultora preparando esquejes de ca\u00f1a de az\u00facar para la siembra<\/p>\t\t\t\t\t\t\t\t<\/div>\n\t\t\t\t<\/div>\n\t\t\t\t\t<\/div>\n\t\t<\/div>\n\t\t\t\t\t<\/div>\n\t\t<\/section>\n\t\t\t\t<section class=\"elementor-section elementor-top-section elementor-element elementor-element-17c3648 elementor-section-boxed elementor-section-height-default elementor-section-height-default\" data-id=\"17c3648\" data-element_type=\"section\">\n\t\t\t\t\t\t<div class=\"elementor-container elementor-column-gap-default\">\n\t\t\t\t\t<div class=\"elementor-column elementor-col-100 elementor-top-column elementor-element elementor-element-00959b4\" data-id=\"00959b4\" data-element_type=\"column\">\n\t\t\t<div class=\"elementor-widget-wrap elementor-element-populated\">\n\t\t\t\t\t\t<div class=\"elementor-element elementor-element-f20a73c asd-posts elementor-widget elementor-widget-elementskit-blog-posts\" data-id=\"f20a73c\" data-element_type=\"widget\" data-widget_type=\"elementskit-blog-posts.default\">\n\t\t\t\t<div class=\"elementor-widget-container\">\n\t\t\t\t\t<div class=\"ekit-wid-con\" >        <div id=\"post-items--f20a73c\" class=\"row post-items\">\n                    <div class=\"col-lg-4 col-md-6\">\n\n                                    <div class=\"elementskit-post-image-card\">\n                        <div class=\"elementskit-entry-header\">\n                                                            <a href=\"https:\/\/peru-amazonico.de\/es\/projekte\/sonstige-projekte\/regenwaldprojekt-fusevi\/vor-20-jahren-begann-der-freundeskreis-die-agroforstwirtschaft-zu-fordern\/\" class=\"elementskit-entry-thumb\">\n                                    <img decoding=\"async\" data-src=\"https:\/\/peru-amazonico.de\/wp-content\/uploads\/2024\/02\/FUSEVI_CarstenMarohn.jpg\" alt=\"Vor 20 Jahren begann der Freundeskreis, die Agroforstwirtschaft zu f\u00f6rdern\" src=\"data:image\/gif;base64,R0lGODlhAQABAAAAACH5BAEKAAEALAAAAAABAAEAAAICTAEAOw==\" class=\"lazyload\" style=\"--smush-placeholder-width: 1024px; --smush-placeholder-aspect-ratio: 1024\/686;\">\n                                <\/a><!-- .elementskit-entry-thumb END -->\n                                                                                                    <div class=\"elementskit-meta-lists elementskit-style-tag\">\n                                        <div class=\"elementskit-single-meta triangle_left\"><span class=\"elementskit-meta-wraper\"><strong>30<\/strong>T\u00fa<\/span><\/div>\n                                    <\/div>\n                                                                                            \n                            \n\t\t\t\t\t\t\t\t\t\t\t\t\t<\/div><!-- .elementskit-entry-header END -->\n\n\t\t\t\t\t\t<div class=\"elementskit-post-body\">\n\t\t\t\t\t\t\t\n\t\t\t\t\t\t\t\t\t\t\t\t\t\t\t\t\t\t\t\t\t\t\t\t\t\t\t\t<div class=\"post-meta-list\">\n\t\t\t\t\t\t\t\t\t\t\t\t\t\t\t\t\t\t\t\t\t\t\t\t\t\t\t\t\t\t\t\t\t\t\t\t\t\t\t\t<span class=\"post-cat\">\n\t\t\t\t\t\t\t\t\t\t<i aria-hidden=\"true\" class=\"icon icon-folder\"><\/i>\t\t\t\t\t\t\t\t\t\t<a href=\"https:\/\/peru-amazonico.de\/es\/category\/projekte\/sonstige-projekte\/regenwaldprojekt-fusevi\/\" rel=\"category tag\">Proyecto de selva tropical de Fusevi<\/a>\t\t\t\t\t\t\t\t\t<\/span>\n\t\t\t\t\t\t\t\t\t\t\t\t\t\t\t\t\t\t\t\t\t\t\t\t\t\t\t\t\t<\/div>\n\t\t\t\t\t\t\t\t\t\t\t\t\t\n\t\t\t\t\t\t\t\t\n\t\t\t\t\t\t\t\t\t\t\t\t\t\t\t\t\t\t\t\t\t<h2 class=\"entry-title\">\n\t\t\t\t\t<a href=\"https:\/\/peru-amazonico.de\/es\/projekte\/sonstige-projekte\/regenwaldprojekt-fusevi\/vor-20-jahren-begann-der-freundeskreis-die-agroforstwirtschaft-zu-fordern\/\">\n\t\t\t\t\t\tEl c\u00edrculo de amigos empez\u00f3 a promover la agroforester\u00eda hace 20 a\u00f1os\t\t\t\t\t<\/a>\n\t\t\t\t<\/h2>\n\t\t\t\t\t\t\t\t\t\t\t\t\t\t\t\t\t\t\t\t\t\t\t\t\t\t\t\t\t\t\t\t\t\t\t\t\t\t\t\t\t\t<p>In einem viertelst\u00fcndigen Video werden die Anf\u00e4nge der Agroforstwirtschaft vor 20 Jahren erl\u00e4utert. FUSEVI und der Freundeskreis Peru Amazonico e.V.,&hellip;<\/p>\n\t\t\t\t\t\t\t\t\t\t\t\t\t\t\t\t\t\t\t\t\t\t                                                            <div class=\"btn-wraper\">\n                                    \n                                                                            <a class=\"elementskit-btn whitespace--normal\" id=\"\" href=\"https:\/\/peru-amazonico.de\/es\/projekte\/sonstige-projekte\/regenwaldprojekt-fusevi\/vor-20-jahren-begann-der-freundeskreis-die-agroforstwirtschaft-zu-fordern\/\">\n                                        \t                                            Leer m\u00e1s                                        <\/a>\n                                                                    <\/div>\n                                                    <\/div><!-- .elementskit-post-body END -->\n                    <\/div>\n                \n            <\/div>\n                <\/div>\n       <\/div>\t\t\t\t<\/div>\n\t\t\t\t<\/div>\n\t\t\t\t\t<\/div>\n\t\t<\/div>\n\t\t\t\t\t<\/div>\n\t\t<\/section>\n\t\t\t\t<\/div>","protected":false},"excerpt":{"rendered":"<p>(Anmerkung: dieses Projekt wurde bereits im Jahr 2000 abgeschlossen) oder \u00d6koanbau als Regenwaldschutz Die Unterst\u00fctzung der Menschen im Regenwaldgebiet von Pucallpa ist heute eine unsere Schwerpunktaufgaben. Motto unserer Peruanischen Partnerorganisation\u00a0FUSEVI [&hellip;]<\/p>","protected":false},"author":1,"featured_media":0,"parent":456,"menu_order":0,"comment_status":"closed","ping_status":"closed","template":"elementor_header_footer","meta":{"footnotes":""},"class_list":["post-472","page","type-page","status-publish","hentry"],"_links":{"self":[{"href":"https:\/\/peru-amazonico.de\/es\/wp-json\/wp\/v2\/pages\/472","targetHints":{"allow":["GET"]}}],"collection":[{"href":"https:\/\/peru-amazonico.de\/es\/wp-json\/wp\/v2\/pages"}],"about":[{"href":"https:\/\/peru-amazonico.de\/es\/wp-json\/wp\/v2\/types\/page"}],"author":[{"embeddable":true,"href":"https:\/\/peru-amazonico.de\/es\/wp-json\/wp\/v2\/users\/1"}],"replies":[{"embeddable":true,"href":"https:\/\/peru-amazonico.de\/es\/wp-json\/wp\/v2\/comments?post=472"}],"version-history":[{"count":13,"href":"https:\/\/peru-amazonico.de\/es\/wp-json\/wp\/v2\/pages\/472\/revisions"}],"predecessor-version":[{"id":1110,"href":"https:\/\/peru-amazonico.de\/es\/wp-json\/wp\/v2\/pages\/472\/revisions\/1110"}],"up":[{"embeddable":true,"href":"https:\/\/peru-amazonico.de\/es\/wp-json\/wp\/v2\/pages\/456"}],"wp:attachment":[{"href":"https:\/\/peru-amazonico.de\/es\/wp-json\/wp\/v2\/media?parent=472"}],"curies":[{"name":"wp","href":"https:\/\/api.w.org\/{rel}","templated":true}]}}