{"id":474,"date":"2024-02-22T08:52:26","date_gmt":"2024-02-22T13:52:26","guid":{"rendered":"https:\/\/peru-amazonico.de\/?page_id=474"},"modified":"2024-02-25T09:12:21","modified_gmt":"2024-02-25T14:12:21","slug":"medizin","status":"publish","type":"page","link":"https:\/\/peru-amazonico.de\/es\/projekte\/sonstige-projekte\/medizin\/","title":{"rendered":"Medicamentos"},"content":{"rendered":"<div data-elementor-type=\"wp-page\" data-elementor-id=\"474\" class=\"elementor elementor-474\" data-elementor-post-type=\"page\">\n\t\t\t\t\t\t<section class=\"elementor-section elementor-top-section elementor-element elementor-element-bbf84e0 elementor-section-boxed elementor-section-height-default elementor-section-height-default\" data-id=\"bbf84e0\" data-element_type=\"section\" data-settings=\"{&quot;background_background&quot;:&quot;classic&quot;}\">\n\t\t\t\t\t\t\t<div class=\"elementor-background-overlay\"><\/div>\n\t\t\t\t\t\t\t<div class=\"elementor-container elementor-column-gap-default\">\n\t\t\t\t\t<div class=\"elementor-column elementor-col-100 elementor-top-column elementor-element elementor-element-8f27544\" data-id=\"8f27544\" data-element_type=\"column\" data-settings=\"{&quot;background_background&quot;:&quot;classic&quot;}\">\n\t\t\t<div class=\"elementor-widget-wrap elementor-element-populated\">\n\t\t\t\t\t\t<section class=\"elementor-section elementor-inner-section elementor-element elementor-element-3954361 elementor-section-boxed elementor-section-height-default elementor-section-height-default elementor-invisible\" data-id=\"3954361\" data-element_type=\"section\" data-settings=\"{&quot;background_background&quot;:&quot;classic&quot;,&quot;animation&quot;:&quot;zoomIn&quot;}\">\n\t\t\t\t\t\t<div class=\"elementor-container elementor-column-gap-default\">\n\t\t\t\t\t<div class=\"elementor-column elementor-col-100 elementor-inner-column elementor-element elementor-element-c21a60e\" data-id=\"c21a60e\" data-element_type=\"column\">\n\t\t\t<div class=\"elementor-widget-wrap elementor-element-populated\">\n\t\t\t\t\t\t<div class=\"elementor-element elementor-element-00f7d1f animated-fast elementor-invisible elementor-widget elementor-widget-heading\" data-id=\"00f7d1f\" data-element_type=\"widget\" data-settings=\"{&quot;_animation&quot;:&quot;fadeInDown&quot;,&quot;_animation_delay&quot;:400}\" data-widget_type=\"heading.default\">\n\t\t\t\t<div class=\"elementor-widget-container\">\n\t\t\t\t\t<h1 class=\"elementor-heading-title elementor-size-default\">Medicamentos<\/h1>\t\t\t\t<\/div>\n\t\t\t\t<\/div>\n\t\t\t\t\t<\/div>\n\t\t<\/div>\n\t\t\t\t\t<\/div>\n\t\t<\/section>\n\t\t\t\t\t<\/div>\n\t\t<\/div>\n\t\t\t\t\t<\/div>\n\t\t<\/section>\n\t\t\t\t<section class=\"elementor-section elementor-top-section elementor-element elementor-element-c95a930 elementor-section-content-middle elementor-section-boxed elementor-section-height-default elementor-section-height-default\" data-id=\"c95a930\" data-element_type=\"section\" data-settings=\"{&quot;background_background&quot;:&quot;classic&quot;}\">\n\t\t\t\t\t\t<div class=\"elementor-container elementor-column-gap-default\">\n\t\t\t\t\t<div class=\"elementor-column elementor-col-50 elementor-top-column elementor-element elementor-element-e1259ac elementor-invisible\" data-id=\"e1259ac\" data-element_type=\"column\" data-settings=\"{&quot;animation&quot;:&quot;fadeInLeft&quot;}\">\n\t\t\t<div class=\"elementor-widget-wrap elementor-element-populated\">\n\t\t\t\t\t\t<div class=\"elementor-element elementor-element-0c7bb04 elementor-widget elementor-widget-text-editor\" data-id=\"0c7bb04\" data-element_type=\"widget\" data-widget_type=\"text-editor.default\">\n\t\t\t\t<div class=\"elementor-widget-container\">\n\t\t\t\t\t\t\t\t\t<p>Brindamos ayuda m\u00e9dica principalmente en forma de dinero. La droga se ha utilizado repetidamente durante muchos a\u00f1os.\u00a0<strong><em>glucantime<\/em>\u00a0<\/strong>adquirido. Este es un medicamento para la leishmaniasis que entregamos peri\u00f3dicamente en una cl\u00ednica del Cuzco. Tambi\u00e9n se han enviado ampollas a Pucallpa.<\/p><p>Gracias a las generosas donaciones de\u00a0<a title=\"TAXI\" href=\"https:\/\/www.kab-illerdonau.de\/\">KAB-Iller-Donau<\/a>\u00a0En 2010 logramos montar un trabajo de param\u00e9dico en Montevideo. A continuaci\u00f3n, la municipalidad del distrito de Chaglla elabor\u00f3 el presupuesto correspondiente.<\/p><p>Tambi\u00e9n hay ayuda individual con el tratamiento m\u00e9dico. Zulma es especialmente digna de menci\u00f3n aqu\u00ed. Ella sufre una enfermedad cr\u00f3nica. Desafortunadamente, el tratamiento es caro y el seguro m\u00e9dico en Per\u00fa no se puede comparar con el de Alemania. Entonces subsidiamos el tratamiento.<\/p><p>Para la asociaci\u00f3n alemana el tema de la medicina tiene un lado humanitario y econ\u00f3mico. En Per\u00fa el alcance quiz\u00e1s podr\u00eda ser mayor. All\u00ed podr\u00e1s investigar remedios caseros locales. \u00bfQu\u00e9 plantas medicinales hay en la zona? \u00bfQu\u00e9 tan buena es la dieta? \u00bfC\u00f3mo podr\u00eda contribuir un huerto familiar al cuidado de la salud? Hay conexiones para trabajar en los proyectos.<\/p>\t\t\t\t\t\t\t\t<\/div>\n\t\t\t\t<\/div>\n\t\t\t\t\t<\/div>\n\t\t<\/div>\n\t\t\t\t<div class=\"elementor-column elementor-col-50 elementor-top-column elementor-element elementor-element-81ce54d elementor-invisible\" data-id=\"81ce54d\" data-element_type=\"column\" data-settings=\"{&quot;background_background&quot;:&quot;gradient&quot;,&quot;animation&quot;:&quot;fadeInRight&quot;}\">\n\t\t\t<div class=\"elementor-widget-wrap elementor-element-populated\">\n\t\t\t\t\t\t<div class=\"elementor-element elementor-element-3abc576 elementor-widget elementor-widget-image\" data-id=\"3abc576\" data-element_type=\"widget\" data-widget_type=\"image.default\">\n\t\t\t\t<div class=\"elementor-widget-container\">\n\t\t\t\t\t\t\t\t\t\t\t\t\t\t\t<img fetchpriority=\"high\" decoding=\"async\" width=\"1300\" height=\"867\" src=\"https:\/\/peru-amazonico.de\/wp-content\/uploads\/2024\/02\/DSC_2283-scaled-1.jpg\" class=\"attachment-full size-full wp-image-138\" alt=\"\" srcset=\"https:\/\/peru-amazonico.de\/wp-content\/uploads\/2024\/02\/DSC_2283-scaled-1.jpg 1300w, https:\/\/peru-amazonico.de\/wp-content\/uploads\/2024\/02\/DSC_2283-scaled-1-300x200.jpg 300w, https:\/\/peru-amazonico.de\/wp-content\/uploads\/2024\/02\/DSC_2283-scaled-1-1024x683.jpg 1024w, https:\/\/peru-amazonico.de\/wp-content\/uploads\/2024\/02\/DSC_2283-scaled-1-768x512.jpg 768w\" sizes=\"(max-width: 1300px) 100vw, 1300px\" \/>\t\t\t\t\t\t\t\t\t\t\t\t\t\t\t<\/div>\n\t\t\t\t<\/div>\n\t\t\t\t\t<\/div>\n\t\t<\/div>\n\t\t\t\t\t<\/div>\n\t\t<\/section>\n\t\t\t\t<\/div>","protected":false},"excerpt":{"rendered":"<p>Medizinische Hilfe leisten wir vor allem in der Form von Geld. Schon seit vielen Jahren wird immer wieder das Medikament\u00a0Glucantime\u00a0beschafft. Das ist ein Mittel gegen Leishmaniose, das wir regelm\u00e4\u00dfig an [&hellip;]<\/p>","protected":false},"author":1,"featured_media":0,"parent":456,"menu_order":0,"comment_status":"closed","ping_status":"closed","template":"elementor_header_footer","meta":{"footnotes":""},"class_list":["post-474","page","type-page","status-publish","hentry"],"_links":{"self":[{"href":"https:\/\/peru-amazonico.de\/es\/wp-json\/wp\/v2\/pages\/474","targetHints":{"allow":["GET"]}}],"collection":[{"href":"https:\/\/peru-amazonico.de\/es\/wp-json\/wp\/v2\/pages"}],"about":[{"href":"https:\/\/peru-amazonico.de\/es\/wp-json\/wp\/v2\/types\/page"}],"author":[{"embeddable":true,"href":"https:\/\/peru-amazonico.de\/es\/wp-json\/wp\/v2\/users\/1"}],"replies":[{"embeddable":true,"href":"https:\/\/peru-amazonico.de\/es\/wp-json\/wp\/v2\/comments?post=474"}],"version-history":[{"count":7,"href":"https:\/\/peru-amazonico.de\/es\/wp-json\/wp\/v2\/pages\/474\/revisions"}],"predecessor-version":[{"id":1116,"href":"https:\/\/peru-amazonico.de\/es\/wp-json\/wp\/v2\/pages\/474\/revisions\/1116"}],"up":[{"embeddable":true,"href":"https:\/\/peru-amazonico.de\/es\/wp-json\/wp\/v2\/pages\/456"}],"wp:attachment":[{"href":"https:\/\/peru-amazonico.de\/es\/wp-json\/wp\/v2\/media?parent=474"}],"curies":[{"name":"wp","href":"https:\/\/api.w.org\/{rel}","templated":true}]}}