{"id":478,"date":"2024-02-22T08:53:01","date_gmt":"2024-02-22T13:53:01","guid":{"rendered":"https:\/\/peru-amazonico.de\/?page_id=478"},"modified":"2024-02-25T09:30:35","modified_gmt":"2024-02-25T14:30:35","slug":"als-freiwilliger-nach-peru-gehen","status":"publish","type":"page","link":"https:\/\/peru-amazonico.de\/es\/verein\/mitarbeit\/als-freiwilliger-nach-peru-gehen\/","title":{"rendered":"Ir a Per\u00fa como voluntario"},"content":{"rendered":"<div data-elementor-type=\"wp-page\" data-elementor-id=\"478\" class=\"elementor elementor-478\" data-elementor-post-type=\"page\">\n\t\t\t\t\t\t<section class=\"elementor-section elementor-top-section elementor-element elementor-element-f0a4cbf elementor-section-boxed elementor-section-height-default elementor-section-height-default\" data-id=\"f0a4cbf\" data-element_type=\"section\" data-settings=\"{&quot;background_background&quot;:&quot;classic&quot;}\">\n\t\t\t\t\t\t\t<div class=\"elementor-background-overlay\"><\/div>\n\t\t\t\t\t\t\t<div class=\"elementor-container elementor-column-gap-default\">\n\t\t\t\t\t<div class=\"elementor-column elementor-col-100 elementor-top-column elementor-element elementor-element-a7a11d9\" data-id=\"a7a11d9\" data-element_type=\"column\" data-settings=\"{&quot;background_background&quot;:&quot;classic&quot;}\">\n\t\t\t<div class=\"elementor-widget-wrap elementor-element-populated\">\n\t\t\t\t\t\t<section class=\"elementor-section elementor-inner-section elementor-element elementor-element-230c94e elementor-section-boxed elementor-section-height-default elementor-section-height-default elementor-invisible\" data-id=\"230c94e\" data-element_type=\"section\" data-settings=\"{&quot;background_background&quot;:&quot;classic&quot;,&quot;animation&quot;:&quot;zoomIn&quot;}\">\n\t\t\t\t\t\t<div class=\"elementor-container elementor-column-gap-default\">\n\t\t\t\t\t<div class=\"elementor-column elementor-col-100 elementor-inner-column elementor-element elementor-element-be6a687\" data-id=\"be6a687\" data-element_type=\"column\">\n\t\t\t<div class=\"elementor-widget-wrap elementor-element-populated\">\n\t\t\t\t\t\t<div class=\"elementor-element elementor-element-09f4752 animated-fast elementor-invisible elementor-widget elementor-widget-heading\" data-id=\"09f4752\" data-element_type=\"widget\" data-settings=\"{&quot;_animation&quot;:&quot;fadeInDown&quot;,&quot;_animation_delay&quot;:400}\" data-widget_type=\"heading.default\">\n\t\t\t\t<div class=\"elementor-widget-container\">\n\t\t\t\t\t<h1 class=\"elementor-heading-title elementor-size-default\">Ir a Per\u00fa como voluntario<\/h1>\t\t\t\t<\/div>\n\t\t\t\t<\/div>\n\t\t\t\t\t<\/div>\n\t\t<\/div>\n\t\t\t\t\t<\/div>\n\t\t<\/section>\n\t\t\t\t\t<\/div>\n\t\t<\/div>\n\t\t\t\t\t<\/div>\n\t\t<\/section>\n\t\t\t\t<section class=\"elementor-section elementor-top-section elementor-element elementor-element-764c1da elementor-section-content-middle elementor-section-boxed elementor-section-height-default elementor-section-height-default\" data-id=\"764c1da\" data-element_type=\"section\" data-settings=\"{&quot;background_background&quot;:&quot;classic&quot;}\">\n\t\t\t\t\t\t<div class=\"elementor-container elementor-column-gap-default\">\n\t\t\t\t\t<div class=\"elementor-column elementor-col-50 elementor-top-column elementor-element elementor-element-d2e8dc1 elementor-invisible\" data-id=\"d2e8dc1\" data-element_type=\"column\" data-settings=\"{&quot;animation&quot;:&quot;fadeInLeft&quot;}\">\n\t\t\t<div class=\"elementor-widget-wrap elementor-element-populated\">\n\t\t\t\t\t\t<div class=\"elementor-element elementor-element-fc68eab elementor-widget elementor-widget-text-editor\" data-id=\"fc68eab\" data-element_type=\"widget\" data-widget_type=\"text-editor.default\">\n\t\t\t\t<div class=\"elementor-widget-container\">\n\t\t\t\t\t\t\t\t\t<p>Dado que nuestra asociaci\u00f3n lleva a cabo proyectos en Per\u00fa, siempre existe la oportunidad de ofrecer un &quot;trabajo&quot; a los voluntarios. Sin embargo, no organizamos la selecci\u00f3n de los solicitantes, el viaje ni la preparaci\u00f3n del mismo.<\/p><p>Para ello existen las llamadas organizaciones de env\u00edo. Nuestro socio para esto es la asociaci\u00f3n \u201cecoselva\u201d en St. Augustin, cerca de Bonn. Si desea ayudar con nuestros proyectos en Per\u00fa, debe postular all\u00ed. Ecoselva trabaja seg\u00fan las normas del \u201cprograma Weltw\u00e4rts\u201d.<\/p><p>Los requisitos b\u00e1sicos son<\/p><p>\u2013 Edad 18-28 a\u00f1os<br \/>\u2013 Certificado de finalizaci\u00f3n de estudios + t\u00edtulo de aprendizaje o de acceso a la universidad (Abitur o t\u00edtulo equivalente)<br \/>\u2013 Habilidades del idioma espa\u00f1ol.<\/p><p>La duraci\u00f3n de un encargo suele ser de un a\u00f1o, m\u00e1s algunas semanas para un curso de preparaci\u00f3n y una evaluaci\u00f3n de las experiencias adquiridas tras su regreso.<\/p><p>Para explicaciones m\u00e1s detalladas y formularios de registro, consulte a continuaci\u00f3n<\/p><p><a href=\"https:\/\/www.ecoselva.org\/weltwaerts\/weltwaerts-nord-sued\/nach-peru\" target=\"_blank\" rel=\"noopener\">ecoselva.org<\/a>\u00a0 o,\u00a0<a title=\"hacia el mundo\" href=\"https:\/\/www.weltwaerts.de\/\" target=\"_blank\" rel=\"noopener\">www.weltwaerts.de<\/a><\/p>\t\t\t\t\t\t\t\t<\/div>\n\t\t\t\t<\/div>\n\t\t\t\t\t<\/div>\n\t\t<\/div>\n\t\t\t\t<div class=\"elementor-column elementor-col-50 elementor-top-column elementor-element elementor-element-7ce596a elementor-invisible\" data-id=\"7ce596a\" data-element_type=\"column\" data-settings=\"{&quot;background_background&quot;:&quot;gradient&quot;,&quot;animation&quot;:&quot;fadeInRight&quot;}\">\n\t\t\t<div class=\"elementor-widget-wrap elementor-element-populated\">\n\t\t\t\t\t\t<div class=\"elementor-element elementor-element-5e88d3b elementor-widget elementor-widget-image\" data-id=\"5e88d3b\" data-element_type=\"widget\" data-widget_type=\"image.default\">\n\t\t\t\t<div class=\"elementor-widget-container\">\n\t\t\t\t\t\t\t\t\t\t\t\t\t\t\t<img fetchpriority=\"high\" decoding=\"async\" width=\"1300\" height=\"867\" src=\"https:\/\/peru-amazonico.de\/wp-content\/uploads\/2024\/02\/DSC_2283-scaled-1.jpg\" class=\"attachment-full size-full wp-image-138\" alt=\"\" srcset=\"https:\/\/peru-amazonico.de\/wp-content\/uploads\/2024\/02\/DSC_2283-scaled-1.jpg 1300w, https:\/\/peru-amazonico.de\/wp-content\/uploads\/2024\/02\/DSC_2283-scaled-1-300x200.jpg 300w, https:\/\/peru-amazonico.de\/wp-content\/uploads\/2024\/02\/DSC_2283-scaled-1-1024x683.jpg 1024w, https:\/\/peru-amazonico.de\/wp-content\/uploads\/2024\/02\/DSC_2283-scaled-1-768x512.jpg 768w\" sizes=\"(max-width: 1300px) 100vw, 1300px\" \/>\t\t\t\t\t\t\t\t\t\t\t\t\t\t\t<\/div>\n\t\t\t\t<\/div>\n\t\t\t\t\t<\/div>\n\t\t<\/div>\n\t\t\t\t\t<\/div>\n\t\t<\/section>\n\t\t\t\t<\/div>","protected":false},"excerpt":{"rendered":"<p>Da unser Verein in Peru Projekte betreibt, ergibt sich immer wieder eine M\u00f6glichkeit, freiwilligen Helfern einen \u201eArbeitsplatz\u201c anzubieten. Wir organisieren aber weder die Auswahl der Bewerber, noch die Reise oder [&hellip;]<\/p>","protected":false},"author":1,"featured_media":0,"parent":426,"menu_order":0,"comment_status":"closed","ping_status":"closed","template":"elementor_header_footer","meta":{"footnotes":""},"class_list":["post-478","page","type-page","status-publish","hentry"],"_links":{"self":[{"href":"https:\/\/peru-amazonico.de\/es\/wp-json\/wp\/v2\/pages\/478","targetHints":{"allow":["GET"]}}],"collection":[{"href":"https:\/\/peru-amazonico.de\/es\/wp-json\/wp\/v2\/pages"}],"about":[{"href":"https:\/\/peru-amazonico.de\/es\/wp-json\/wp\/v2\/types\/page"}],"author":[{"embeddable":true,"href":"https:\/\/peru-amazonico.de\/es\/wp-json\/wp\/v2\/users\/1"}],"replies":[{"embeddable":true,"href":"https:\/\/peru-amazonico.de\/es\/wp-json\/wp\/v2\/comments?post=478"}],"version-history":[{"count":10,"href":"https:\/\/peru-amazonico.de\/es\/wp-json\/wp\/v2\/pages\/478\/revisions"}],"predecessor-version":[{"id":1146,"href":"https:\/\/peru-amazonico.de\/es\/wp-json\/wp\/v2\/pages\/478\/revisions\/1146"}],"up":[{"embeddable":true,"href":"https:\/\/peru-amazonico.de\/es\/wp-json\/wp\/v2\/pages\/426"}],"wp:attachment":[{"href":"https:\/\/peru-amazonico.de\/es\/wp-json\/wp\/v2\/media?parent=478"}],"curies":[{"name":"wp","href":"https:\/\/api.w.org\/{rel}","templated":true}]}}